{"id":838889,"date":"2023-07-07T10:42:50","date_gmt":"2023-07-07T14:42:50","guid":{"rendered":"https:\/\/desjardinsmunicipal.com\/home\/"},"modified":"2026-05-07T14:55:09","modified_gmt":"2026-05-07T18:55:09","slug":"home","status":"publish","type":"page","link":"https:\/\/desjardinsmunicipal.com\/en\/","title":{"rendered":"Home"},"content":{"rendered":"<div class=\"wpb-content-wrapper\"><p>[vc_row type=&#8221;full_width_section&#8221;][vc_column width=&#8221;1\/1&#8243;][rev_slider_vc alias=&#8221;accueil-video-1&#8243;][\/vc_column][\/vc_row][vc_row][vc_column width=&#8221;1\/1&#8243;]<div class=\"spacer\" style=\"height: 40px;\"><\/div>[vc_raw_html css=&#8221;&#8221; el_class=&#8221;top-content&#8221;]JTIwJTIwJTIwJTIwJTIwJTIwJTIwJTIwJTNDZGl2JTIwY2xhc3MlM0QlMjJ0b3Atcm93JTIwZ3JvdXAlMjBuby1wYWRkaW5nLWJvdHRvbSUyMiUzRSUwQSUyMCUyMCUyMCUyMCUyMCUyMCUyMCUyMCUyMCUyMCUyMCUyMCUzQ2RpdiUyMGNsYXNzJTNEJTIyJTIyJTNFJTBBJTIwJTIwJTIwJTIwJTIwJTIwJTIwJTIwJTIwJTIwJTIwJTIwJTIwJTIwJTIwJTIwJTNDaDIlM0VGaW5hbmNpYWwlMjBzZXJ2aWNlcyUyMGRlc2lnbmVkJTIwZm9yJTIwbXVuaWNpcGFsJTIwZW1wbG95ZWVzJTNDJTJGaDIlM0UlMEElMjAlMjAlMjAlMjAlMjAlMjAlMjAlMjAlMjAlMjAlMjAlMjAlMjAlMjAlMjAlMjAlM0NwJTNFT3VyJTIwY29vcGVyYXRpdmUlMjB3YXMlMjBib3JuJTIwZnJvbSUyMGElMjBzaGFyZWQlMjBpZGVhJTIwYmV0d2VlbiUyMGElMjBmaXJlZmlnaHRlciUyMGFuZCUyMGElMjBDaXR5JTIwb2YlMjBNb250ciVDMyVBOWFsJTIwY2l2aWwlMjBzZXJ2YW50JTIwd2l0aCUyMHRoZSUyMGdvYWwlMjBvZiUyMHNlY3VyaW5nJTIwYmV0dGVyJTIwZmluYW5jaWFsJTIwY29uZGl0aW9ucyUyMGZvciUyMHRoZWlyJTIwY29sbGVhZ3Vlcy4lMjBCeSUyMHBvb2xpbmclMjB0aGVpciUyMGFzc2V0cyUyMGFuZCUyMHRha2luZyUyMGFuJTIwYWN0aXZlJTIwcm9sZSUyMGluJTIwZGVjaXNpb24tbWFraW5nJTJDJTIwdGhleSUyMGNvdWxkJTIwZW5qb3klMjB0YW5naWJsZSUyMGJlbmVmaXRzJTIwYW5kJTIwdGFrZSUyMGNvbnRyb2wlMjBvZiUyMHRoZWlyJTIwZmluYW5jZXMuJTNDJTJGcCUzRSUwQSUyMCUyMCUyMCUyMCUyMCUyMCUyMCUyMCUyMCUyMCUyMCUyMCUyMCUyMCUyMCUyMCUzQ3AlM0VNb3JlJTIwdGhhbiUyMDc5JTIweWVhcnMlMjBsYXRlciUyQyUyMHdlJTIwYXJlJTIwYXMlMjBjb21taXR0ZWQlMjBhcyUyMGV2ZXIlMjB0byUyMHRoZSUyMG11bmljaXBhbCUyMGFuZCUyMGZpcmUlMjBzYWZldHklMjBjb21tdW5pdGllcy4lM0MlMkZwJTNFJTBBJTIwJTIwJTIwJTIwJTIwJTIwJTIwJTIwJTIwJTIwJTIwJTIwJTIwJTIwJTIwJTIwJTNDcCUzRSUzQ2ElMjBocmVmJTNEJTIyJTJGaGlzdG9yeSUyRiUyMiUyMHRhcmdldCUzRCUyMl9zZWxmJTIyJTIwY2xhc3MlM0QlMjJidXR0b24lMjBidXR0b24tYXBwZWFyJTIwY29sb3ItMyUyMG1lZGl1bSUyMGJ0bi1oaXN0b2lyZSUyMiUyMHN0eWxlJTNEJTIyYm9yZGVyLXJhZGl1cyUzQSUyMDJweCUzQiUyMiUzRSUzQ3NwYW4lM0VEaXNjb3ZlciUyMG91ciUyMGhpc3RvcnklM0NpJTIwY2xhc3MlM0QlMjJmYSUyMGZhLWNoZXZyb24tcmlnaHQlMjIlM0UlM0MlMkZpJTNFJTNDJTJGc3BhbiUzRSUzQyUyRmElM0UlM0MlMkZwJTNFJTBBJTIwJTIwJTIwJTIwJTIwJTIwJTIwJTIwJTIwJTIwJTIwJTIwJTNDJTJGZGl2JTNFJTBBJTIwJTIwJTIwJTIwJTIwJTIwJTIwJTIwJTIwJTIwJTIwJTIwJTNDZGl2JTIwY2xhc3MlM0QlMjJ0ZXh0ZS1wb21waWVyJTIyJTNFJTBBJTIwJTIwJTIwJTIwJTIwJTIwJTIwJTIwJTIwJTIwJTIwJTIwJTIwJTIwJTIwJTNDcCUzRUluJTIwMjAyNCUyQyUyMG91ciUyMDE4JTJDOTU0JTNDc3VwJTNFJTJBJTNDJTJGc3VwJTNFJTIwbWVtYmVycyVFMiU4MCU5NGFsbCUyMGVtcGxveWVkJTIwaW4lMjB0aGUlMjBtdW5pY2lwYWwlMjBzZWN0b3IlRTIlODAlOTRlbnRydXN0ZWQlMjB1cyUyMHdpdGglMjAlMjQyLjY2JTIwQklMTElPTiUzQ3N1cCUzRSUyQSUzQyUyRnN1cCUzRSUyMGluJTIwYnVzaW5lc3MlMjB2b2x1bWUuJTIwJTNDYnIlMjAlMkYlM0UlM0NzcGFuJTNFJTJBRGF0YSUyMGFzJTIwb2YlMjBEZWNlbWJlciUyMDMxJTJDJTIwMjAyNC4lM0MlMkZzcGFuJTNFJTNDYnIlMjAlMkYlM0UlM0NzcGFuJTIwc3R5bGUlM0QlMjJjb2xvciUzQSUyM2JiYiUzQiUyMGZvbnQtc2l6ZSUzQTExcHglM0IlMjIlM0VQaG90byUzQSUyME1hdGhpZXUlMjBHaXJhcmQlMkMlMjBHZW5lcmFsJTIwTWFuYWdlciUzQyUyRnNwYW4lM0UlM0MlMkZwJTNFJTBBJTIwJTIwJTIwJTIwJTIwJTIwJTIwJTIwJTIwJTIwJTIwJTIwJTIwJTIwJTIwJTIwJTNDZGl2JTIwY2xhc3MlM0QlMjJpbWctcG9tcGllciUyMiUzRSUzQ2ltZyUyMHN0eWxlJTNEJTIybWF4LXdpZHRoJTNBMzEycHglM0IlMjIlMjB3aWR0aCUzRCUyMjEwMCUyNSUyMiUyMHNyYyUzRCUyMiUyRndwLWNvbnRlbnQlMkZ1cGxvYWRzJTJGMjAyNSUyRjA1JTJGcGhvdG8tbWF0aGlldS1naXJhcmQuanBnJTIyJTIwYWx0JTNEJTIyJTIyJTIwJTJGJTNFJTNDJTJGZGl2JTNFJTBBJTIwJTIwJTIwJTIwJTIwJTIwJTIwJTIwJTIwJTIwJTIwJTIwJTNDJTJGZGl2JTNFJTBBJTIwJTIwJTIwJTIwJTIwJTIwJTIwJTIwJTNDJTJGZGl2JTNF[\/vc_raw_html][\/vc_column][\/vc_row][vc_row bg_color=&#8221;#43454b&#8221; class=&#8221;row-choix&#8221;][vc_column width=&#8221;1\/1&#8243;][vc_raw_html css=&#8221;&#8221; el_class=&#8221;top-content&#8221;]JTIwJTIwJTIwJTIwJTIwJTIwJTIwJTIwJTNDaDElM0VXaGF0JTIwYXJlJTIweW91JTIwbG9va2luZyUyMGZvciUyMHRvZGF5JTNGJTNDJTJGaDElM0UlMEElMjAlMjAlMjAlMjAlMjAlMjAlMjAlMjAlM0N1bCUzRSUwQSUyMCUyMCUyMCUyMCUyMCUyMCUyMCUyMCUyMCUyMCUyMCUyMCUzQ2xpJTNFJTBBJTIwJTIwJTIwJTIwJTIwJTIwJTIwJTIwJTIwJTIwJTIwJTIwJTIwJTIwJTIwJTIwJTNDYSUyMGhyZWYlM0QlMjIlMkZlbiUyRm1lbWJlci1vZmZlciUyRiUyMiUyMGNsYXNzJTNEJTIyY2hvaXgtdGl0bGUlMjIlM0VNZW1iZXIlMjBvZmZlciUzQ3NwYW4lMjBjbGFzcyUzRCUyMmZsZWNoZSUyMiUzRSUzQyUyRnNwYW4lM0UlM0MlMkZhJTNFJTBBJTIwJTIwJTIwJTIwJTIwJTIwJTIwJTIwJTIwJTIwJTIwJTIwJTNDJTJGbGklM0UlMEElMjAlMjAlMjAlMjAlMjAlMjAlMjAlMjAlMjAlMjAlMjAlMjAlM0NsaSUzRSUwQSUyMCUyMCUyMCUyMCUyMCUyMCUyMCUyMCUyMCUyMCUyMCUyMCUyMCUyMCUyMCUyMCUzQ2ElMjBocmVmJTNEJTIyJTJGZW4lMkZ5b3V0aCUyRiUyMiUyMGNsYXNzJTNEJTIyY2hvaXgtdGl0bGUlMjIlM0VZb3V0aCUyMG9mZmVyJTNDc3BhbiUyMGNsYXNzJTNEJTIyZmxlY2hlJTIyJTNFJTNDJTJGc3BhbiUzRSUzQyUyRmElM0UlMEElMjAlMjAlMjAlMjAlMjAlMjAlMjAlMjAlMjAlMjAlMjAlMjAlM0MlMkZsaSUzRSUwQSUyMCUyMCUyMCUyMCUyMCUyMCUyMCUyMCUyMCUyMCUyMCUyMCUzQ2xpJTNFJTBBJTIwJTIwJTIwJTIwJTIwJTIwJTIwJTIwJTIwJTIwJTIwJTIwJTIwJTIwJTIwJTIwJTNDYSUyMGhyZWYlM0QlMjIlMkZwYXJ0bmVyLW9mZmVyJTJGJTIyJTIwY2xhc3MlM0QlMjJjaG9peC10aXRsZSUyMiUzRU11bmljaXBhbCUyMHBhcnRuZXIlMjBvZmZlciUzQ3NwYW4lMjBjbGFzcyUzRCUyMmZsZWNoZSUyMiUzRSUzQyUyRnNwYW4lM0UlM0MlMkZhJTNFJTBBJTIwJTIwJTIwJTIwJTIwJTIwJTIwJTIwJTIwJTIwJTIwJTIwJTNDJTJGbGklM0UlMEElMjAlMjAlMjAlMjAlMjAlMjAlMjAlMjAlM0MlMkZ1bCUzRQ==[\/vc_raw_html]<div class=\"spacer\" style=\"height: 40px;\"><\/div>[\/vc_column][\/vc_row][vc_row bg_color=&#8221;#f3f3f3&#8243; top_padding=&#8221;65&#8243; row_id=&#8221;home-news&#8221;][vc_column width=&#8221;1\/1&#8243;][vc_column_text]<\/p>\n<h3 class=\"titre-vert\" style=\"font-size: 36px; text-align: center; color: #258757;\"><strong>News<\/strong><\/h3>\n<p>[\/vc_column_text][\/vc_column][\/vc_row][vc_row][vc_column width=&#8221;1\/1&#8243;][vc_raw_html css=&#8221;&#8221; el_class=&#8221;top-content&#8221;]JTNDZGl2JTIwY2xhc3MlM0QlMjJhY2Mtcm93LXRlbXBsYXRlJTIyJTNFJTBBJTIwJTIwJTIwJTIwJTIwJTIwJTIwJTIwJTNDZGl2JTIwY2xhc3MlM0QlMjJhY2MtY29udGFpbmVyJTIwYWNjLWZ1bGwlMjIlMjBzdHlsZSUzRCUyMmJhY2tncm91bmQtY29sb3IlM0F0cmFuc3BhcmVudCUzQiUyMiUzRSUwQSUyMCUyMCUyMCUyMCUyMCUyMCUyMCUyMCUyMCUyMCUyMCUyMCUzQ2gxJTNFSW52b2x2ZWQlMjBpbiUyMG91ciUyMGNvbW11bml0eSUzQyUyRmgxJTNFJTBBJTIwJTIwJTIwJTIwJTIwJTIwJTIwJTIwJTNDJTJGZGl2JTNFJTBBJTIwJTIwJTIwJTIwJTNDJTJGZGl2JTNFJTBBJTBBJTIwJTIwJTIwJTIwJTNDZGl2JTIwY2xhc3MlM0QlMjJhY2Mtcm93LXRlbXBsYXRlJTIwcm93LXBhZGRpbmctYm90dG9tJTIwbm8tcGFkZGluZy10b3AlMjIlM0UlMEElMjAlMjAlMjAlMjAlMjAlMjAlMjAlMjAlM0NkaXYlMjBjbGFzcyUzRCUyMmFjYy1jb250YWluZXIlMjBhY2MtNDAtNjAlMjIlMjBzdHlsZSUzRCUyMmJhY2tncm91bmQtY29sb3IlM0F0cmFuc3BhcmVudCUzQiUyMiUzRSUwQSUyMCUyMCUyMCUyMCUyMCUyMCUyMCUyMCUyMCUyMCUyMCUyMCUzQ2RpdiUyMGNsYXNzJTNEJTIyYWNjLWNvbCUyMG1vcmUtcGFkZGluZy1sZWZ0LXJpZ2h0JTIyJTNFJTBBJTIwJTIwJTIwJTIwJTIwJTIwJTIwJTIwJTIwJTIwJTIwJTIwJTIwJTIwJTIwJTIwJTNDcCUzRU91ciUyMGNhaXNzZSUyMGlzJTIwZHJpdmVuJTIwYnklMjBhJTIwbWlzc2lvbiUyMHRvJTIwZm9zdGVyJTIwdGhlJTIwZWNvbm9taWMlMjBhbmQlMjBzb2NpYWwlMjB3ZWxsLWJlaW5nJTIwb2YlMjBvdXIlMjBjb21tdW5pdHklMjBieSUyMGJyaW5naW5nJTIwdG9nZXRoZXIlMjBtdW5pY2lwYWwlMjBlbXBsb3llZXMlMjBhbmQlMjBmaXJlJTIwc2FmZXR5JTIwcHJvZmVzc2lvbmFscy4lMjBJdCUyMGlzJTIwdGhyb3VnaCUyMG91ciUyMHN0cm9uZyUyMHN1cHBvcnQlMjBvZiUyMHRoZSUyMHByb2plY3RzJTJDJTIwZXZlbnRzJTJDJTIwYW5kJTIwY2F1c2VzJTIwdGhhdCUyMG1hdHRlciUyMG1vc3QlMjB0byUyMG11bmljaXBhbCUyMGVtcGxveWVlcyUyMHRoYXQlMjB3ZSUyMHN0YXklMjBjbG9zZWx5JTIwY29ubmVjdGVkJTIwdG8lMjB5b3UlMjElM0MlMkZwJTNFJTBBJTIwJTIwJTIwJTIwJTIwJTIwJTIwJTIwJTIwJTIwJTIwJTIwJTNDJTJGZGl2JTNFJTBBJTIwJTIwJTIwJTIwJTIwJTIwJTIwJTIwJTIwJTIwJTIwJTIwJTNDZGl2JTIwY2xhc3MlM0QlMjJhY2MtY29sJTIwdG9wLWJveCUyMiUzRSUwQSUyMCUyMCUyMCUyMCUyMCUyMCUyMCUyMCUyMCUyMCUyMCUyMCUyMCUyMCUyMCUyMEhhdmUlMjBhbiUyMGlkZWElMjBvciUyMGElMjBwcm9qZWN0JTIwdG8lMjBzaGFyZSUzRiUyMFdlJTIwaW52aXRlJTIweW91JTIwdG8lMjByZWFkJTIwb3VyJTIwaW52ZXN0bWVudCUyMHBvbGljeSUyMGFuZCUyMHRvJTIwZGlzY3VzcyUyMGl0JTIwd2l0aCUyMHVzLiUwQSUyMCUyMCUyMCUyMCUyMCUyMCUyMCUyMCUyMCUyMCUyMCUyMCUyMCUyMCUyMCUyMCUzQ3AlMjBzdHlsZSUzRCUyMnRleHQtYWxpZ24lM0FyaWdodCUzQiUyMiUzRSUzQ2ElMjBocmVmJTNEJTIyJTJGd3AtY29udGVudCUyRnVwbG9hZHMlMkYyMDI1JTJGMDMlMkZDRFJNX1BvbGl0aXF1ZS1kZS1jb250cmlidXRpb24tMjAyNS0yMDI3LnBkZiUyMiUyMHRhcmdldCUzRCUyMl9ibGFuayUyMiUyMGNsYXNzJTNEJTIyYnV0dG9uJTIwYnV0dG9uLWFwcGVhciUyMGNvbG9yLTMlMjBtZWRpdW0lMjBidG4taGlzdG9pcmUlMjIlMjBzdHlsZSUzRCUyMmJvcmRlci1yYWRpdXMlM0ElMjAycHglM0IlMjIlM0UlM0NzcGFuJTNFTGVhcm4lMjBtb3JlJTNDaSUyMGNsYXNzJTNEJTIyZmElMjBmYS1jaGV2cm9uLXJpZ2h0JTIyJTNFJTNDJTJGaSUzRSUzQyUyRnNwYW4lM0UlM0MlMkZhJTNFJTNDJTJGcCUzRSUwQSUyMCUyMCUyMCUyMCUyMCUyMCUyMCUyMCUyMCUyMCUyMCUyMCUzQyUyRmRpdiUzRSUwQSUyMCUyMCUyMCUyMCUyMCUyMCUyMCUyMCUzQyUyRmRpdiUzRSUwQSUyMCUyMCUyMCUyMCUzQyUyRmRpdiUzRSUwQSUwQSUyMCUyMCUyMCUyMCUzQ2RpdiUyMGNsYXNzJTNEJTIyYWNjLXJvdy10ZW1wbGF0ZSUyMHJvdy1wYWRkaW5nLWJvdHRvbSUyMiUzRSUwQSUyMCUyMCUyMCUyMCUyMCUyMCUyMCUyMCUzQ2RpdiUyMGNsYXNzJTNEJTIyYWNjLWNvbnRhaW5lciUyMGFjYy1mdWxsJTIyJTIwc3R5bGUlM0QlMjJiYWNrZ3JvdW5kLWNvbG9yJTNBdHJhbnNwYXJlbnQlM0IlMjIlM0UlMEElMEElMEElMjAlMjAlMjAlMjAlMjAlMjAlMjAlMjAlMjAlMjAlMjAlMjAlM0NpZnJhbWUlMjBzcmMlM0QlMjJodHRwcyUzQSUyRiUyRnd3dy5mYWNlYm9vay5jb20lMkZwbHVnaW5zJTJGdmlkZW8ucGhwJTNGaGVpZ2h0JTNEMzE0JTI2aHJlZiUzRGh0dHBzJTI1M0ElMjUyRiUyNTJGd3d3LmZhY2Vib29rLmNvbSUyNTJGQ2Fpc3NlUmVzZWF1TXVuaWNpcGFsJTI1MkZ2aWRlb3MlMjUyRjY2NjAxNTcxOTM3Mzc0NCUyNTJGJTI2c2hvd190ZXh0JTNEZmFsc2UlMjZ3aWR0aCUzRDU2MCUyNnQlM0QwJTIyJTIwd2lkdGglM0QlMjIxMjAwJTIyJTIwaGVpZ2h0JTNEJTIyNjUwJTIyJTIwc3R5bGUlM0QlMjJib3JkZXIlM0Fub25lJTNCb3ZlcmZsb3clM0FoaWRkZW4lMjIlMjBzY3JvbGxpbmclM0QlMjJubyUyMiUyMGZyYW1lYm9yZGVyJTNEJTIyMCUyMiUyMGFsbG93ZnVsbHNjcmVlbiUzRCUyMnRydWUlMjIlMjBhbGxvdyUzRCUyMmF1dG9wbGF5JTNCJTIwY2xpcGJvYXJkLXdyaXRlJTNCJTIwZW5jcnlwdGVkLW1lZGlhJTNCJTIwcGljdHVyZS1pbi1waWN0dXJlJTNCJTIwd2ViLXNoYXJlJTIyJTIwYWxsb3dGdWxsU2NyZWVuJTNEJTIydHJ1ZSUyMiUzRSUzQyUyRmlmcmFtZSUzRSUwQSUyMCUyMCUyMCUyMCUyMCUyMCUyMCUyMCUyMCUyMCUyMCUyMCUzQyUyRnZpZGVvJTNFJTBBJTIwJTIwJTIwJTIwJTIwJTIwJTIwJTIwJTNDJTJGZGl2JTNFJTBBJTIwJTIwJTIwJTIwJTNDJTJGZGl2JTNF[\/vc_raw_html][\/vc_column][\/vc_row]<\/p>\n<\/div>","protected":false},"excerpt":{"rendered":"<p>[vc_row type=&#8221;full_width_section&#8221;][vc_column width=&#8221;1\/1&#8243;][rev_slider_vc alias=&#8221;accueil-video-1&#8243;][\/vc_column][\/vc_row][vc_row][vc_column width=&#8221;1\/1&#8243;][vc_raw_html css=&#8221;&#8221; el_class=&#8221;top-content&#8221;]JTIwJTIwJTIwJTIwJTIwJTIwJTIwJTIwJTNDZGl2JTIwY2xhc3MlM0QlMjJ0b3Atcm93JTIwZ3JvdXAlMjBuby1wYWRkaW5nLWJvdHRvbSUyMiUzRSUwQSUyMCUyMCUyMCUyMCUyMCUyMCUyMCUyMCUyMCUyMCUyMCUyMCUzQ2RpdiUyMGNsYXNzJTNEJTIyJTIyJTNFJTBBJTIwJTIwJTIwJTIwJTIwJTIwJTIwJTIwJTIwJTIwJTIwJTIwJTIwJTIwJTIwJTIwJTNDaDIlM0VGaW5hbmNpYWwlMjBzZXJ2aWNlcyUyMGRlc2lnbmVkJTIwZm9yJTIwbXVuaWNpcGFsJTIwZW1wbG95ZWVzJTNDJTJGaDIlM0UlMEElMjAlMjAlMjAlMjAlMjAlMjAlMjAlMjAlMjAlMjAlMjAlMjAlMjAlMjAlMjAlMjAlM0NwJTNFT3VyJTIwY29vcGVyYXRpdmUlMjB3YXMlMjBib3JuJTIwZnJvbSUyMGElMjBzaGFyZWQlMjBpZGVhJTIwYmV0d2VlbiUyMGElMjBmaXJlZmlnaHRlciUyMGFuZCUyMGElMjBDaXR5JTIwb2YlMjBNb250ciVDMyVBOWFsJTIwY2l2aWwlMjBzZXJ2YW50JTIwd2l0aCUyMHRoZSUyMGdvYWwlMjBvZiUyMHNlY3VyaW5nJTIwYmV0dGVyJTIwZmluYW5jaWFsJTIwY29uZGl0aW9ucyUyMGZvciUyMHRoZWlyJTIwY29sbGVhZ3Vlcy4lMjBCeSUyMHBvb2xpbmclMjB0aGVpciUyMGFzc2V0cyUyMGFuZCUyMHRha2luZyUyMGFuJTIwYWN0aXZlJTIwcm9sZSUyMGluJTIwZGVjaXNpb24tbWFraW5nJTJDJTIwdGhleSUyMGNvdWxkJTIwZW5qb3klMjB0YW5naWJsZSUyMGJlbmVmaXRzJTIwYW5kJTIwdGFrZSUyMGNvbnRyb2wlMjBvZiUyMHRoZWlyJTIwZmluYW5jZXMuJTNDJTJGcCUzRSUwQSUyMCUyMCUyMCUyMCUyMCUyMCUyMCUyMCUyMCUyMCUyMCUyMCUyMCUyMCUyMCUyMCUzQ3AlM0VNb3JlJTIwdGhhbiUyMDc5JTIweWVhcnMlMjBsYXRlciUyQyUyMHdlJTIwYXJlJTIwYXMlMjBjb21taXR0ZWQlMjBhcyUyMGV2ZXIlMjB0byUyMHRoZSUyMG11bmljaXBhbCUyMGFuZCUyMGZpcmUlMjBzYWZldHklMjBjb21tdW5pdGllcy4lM0MlMkZwJTNFJTBBJTIwJTIwJTIwJTIwJTIwJTIwJTIwJTIwJTIwJTIwJTIwJTIwJTIwJTIwJTIwJTIwJTNDcCUzRSUzQ2ElMjBocmVmJTNEJTIyJTJGaGlzdG9yeSUyRiUyMiUyMHRhcmdldCUzRCUyMl9zZWxmJTIyJTIwY2xhc3MlM0QlMjJidXR0b24lMjBidXR0b24tYXBwZWFyJTIwY29sb3ItMyUyMG1lZGl1bSUyMGJ0bi1oaXN0b2lyZSUyMiUyMHN0eWxlJTNEJTIyYm9yZGVyLXJhZGl1cyUzQSUyMDJweCUzQiUyMiUzRSUzQ3NwYW4lM0VEaXNjb3ZlciUyMG91ciUyMGhpc3RvcnklM0NpJTIwY2xhc3MlM0QlMjJmYSUyMGZhLWNoZXZyb24tcmlnaHQlMjIlM0UlM0MlMkZpJTNFJTNDJTJGc3BhbiUzRSUzQyUyRmElM0UlM0MlMkZwJTNFJTBBJTIwJTIwJTIwJTIwJTIwJTIwJTIwJTIwJTIwJTIwJTIwJTIwJTNDJTJGZGl2JTNFJTBBJTIwJTIwJTIwJTIwJTIwJTIwJTIwJTIwJTIwJTIwJTIwJTIwJTNDZGl2JTIwY2xhc3MlM0QlMjJ0ZXh0ZS1wb21waWVyJTIyJTNFJTBBJTIwJTIwJTIwJTIwJTIwJTIwJTIwJTIwJTIwJTIwJTIwJTIwJTIwJTIwJTIwJTNDcCUzRUluJTIwMjAyNCUyQyUyMG91ciUyMDE4JTJDOTU0JTNDc3VwJTNFJTJBJTNDJTJGc3VwJTNFJTIwbWVtYmVycyVFMiU4MCU5NGFsbCUyMGVtcGxveWVkJTIwaW4lMjB0aGUlMjBtdW5pY2lwYWwlMjBzZWN0b3IlRTIlODAlOTRlbnRydXN0ZWQlMjB1cyUyMHdpdGglMjAlMjQyLjY2JTIwQklMTElPTiUzQ3N1cCUzRSUyQSUzQyUyRnN1cCUzRSUyMGluJTIwYnVzaW5lc3MlMjB2b2x1bWUuJTIwJTNDYnIlMjAlMkYlM0UlM0NzcGFuJTNFJTJBRGF0YSUyMGFzJTIwb2YlMjBEZWNlbWJlciUyMDMxJTJDJTIwMjAyNC4lM0MlMkZzcGFuJTNFJTNDYnIlMjAlMkYlM0UlM0NzcGFuJTIwc3R5bGUlM0QlMjJjb2xvciUzQSUyM2JiYiUzQiUyMGZvbnQtc2l6ZSUzQTExcHglM0IlMjIlM0VQaG90byUzQSUyME1hdGhpZXUlMjBHaXJhcmQlMkMlMjBHZW5lcmFsJTIwTWFuYWdlciUzQyUyRnNwYW4lM0UlM0MlMkZwJTNFJTBBJTIwJTIwJTIwJTIwJTIwJTIwJTIwJTIwJTIwJTIwJTIwJTIwJTIwJTIwJTIwJTIwJTNDZGl2JTIwY2xhc3MlM0QlMjJpbWctcG9tcGllciUyMiUzRSUzQ2ltZyUyMHN0eWxlJTNEJTIybWF4LXdpZHRoJTNBMzEycHglM0IlMjIlMjB3aWR0aCUzRCUyMjEwMCUyNSUyMiUyMHNyYyUzRCUyMiUyRndwLWNvbnRlbnQlMkZ1cGxvYWRzJTJGMjAyNSUyRjA1JTJGcGhvdG8tbWF0aGlldS1naXJhcmQuanBnJTIyJTIwYWx0JTNEJTIyJTIyJTIwJTJGJTNFJTNDJTJGZGl2JTNFJTBBJTIwJTIwJTIwJTIwJTIwJTIwJTIwJTIwJTIwJTIwJTIwJTIwJTNDJTJGZGl2JTNFJTBBJTIwJTIwJTIwJTIwJTIwJTIwJTIwJTIwJTNDJTJGZGl2JTNF[\/vc_raw_html][\/vc_column][\/vc_row][vc_row bg_color=&#8221;#43454b&#8221; class=&#8221;row-choix&#8221;][vc_column width=&#8221;1\/1&#8243;][vc_raw_html css=&#8221;&#8221; el_class=&#8221;top-content&#8221;]JTIwJTIwJTIwJTIwJTIwJTIwJTIwJTIwJTNDaDElM0VXaGF0JTIwYXJlJTIweW91JTIwbG9va2luZyUyMGZvciUyMHRvZGF5JTNGJTNDJTJGaDElM0UlMEElMjAlMjAlMjAlMjAlMjAlMjAlMjAlMjAlM0N1bCUzRSUwQSUyMCUyMCUyMCUyMCUyMCUyMCUyMCUyMCUyMCUyMCUyMCUyMCUzQ2xpJTNFJTBBJTIwJTIwJTIwJTIwJTIwJTIwJTIwJTIwJTIwJTIwJTIwJTIwJTIwJTIwJTIwJTIwJTNDYSUyMGhyZWYlM0QlMjIlMkZlbiUyRm1lbWJlci1vZmZlciUyRiUyMiUyMGNsYXNzJTNEJTIyY2hvaXgtdGl0bGUlMjIlM0VNZW1iZXIlMjBvZmZlciUzQ3NwYW4lMjBjbGFzcyUzRCUyMmZsZWNoZSUyMiUzRSUzQyUyRnNwYW4lM0UlM0MlMkZhJTNFJTBBJTIwJTIwJTIwJTIwJTIwJTIwJTIwJTIwJTIwJTIwJTIwJTIwJTNDJTJGbGklM0UlMEElMjAlMjAlMjAlMjAlMjAlMjAlMjAlMjAlMjAlMjAlMjAlMjAlM0NsaSUzRSUwQSUyMCUyMCUyMCUyMCUyMCUyMCUyMCUyMCUyMCUyMCUyMCUyMCUyMCUyMCUyMCUyMCUzQ2ElMjBocmVmJTNEJTIyJTJGZW4lMkZ5b3V0aCUyRiUyMiUyMGNsYXNzJTNEJTIyY2hvaXgtdGl0bGUlMjIlM0VZb3V0aCUyMG9mZmVyJTNDc3BhbiUyMGNsYXNzJTNEJTIyZmxlY2hlJTIyJTNFJTNDJTJGc3BhbiUzRSUzQyUyRmElM0UlMEElMjAlMjAlMjAlMjAlMjAlMjAlMjAlMjAlMjAlMjAlMjAlMjAlM0MlMkZsaSUzRSUwQSUyMCUyMCUyMCUyMCUyMCUyMCUyMCUyMCUyMCUyMCUyMCUyMCUzQ2xpJTNFJTBBJTIwJTIwJTIwJTIwJTIwJTIwJTIwJTIwJTIwJTIwJTIwJTIwJTIwJTIwJTIwJTIwJTNDYSUyMGhyZWYlM0QlMjIlMkZwYXJ0bmVyLW9mZmVyJTJGJTIyJTIwY2xhc3MlM0QlMjJjaG9peC10aXRsZSUyMiUzRU11bmljaXBhbCUyMHBhcnRuZXIlMjBvZmZlciUzQ3NwYW4lMjBjbGFzcyUzRCUyMmZsZWNoZSUyMiUzRSUzQyUyRnNwYW4lM0UlM0MlMkZhJTNFJTBBJTIwJTIwJTIwJTIwJTIwJTIwJTIwJTIwJTIwJTIwJTIwJTIwJTNDJTJGbGklM0UlMEElMjAlMjAlMjAlMjAlMjAlMjAlMjAlMjAlM0MlMkZ1bCUzRQ==[\/vc_raw_html][\/vc_column][\/vc_row][vc_row bg_color=&#8221;#f3f3f3&#8243; top_padding=&#8221;65&#8243; row_id=&#8221;home-news&#8221;][vc_column width=&#8221;1\/1&#8243;][vc_column_text] News [\/vc_column_text][\/vc_column][\/vc_row][vc_row][vc_column width=&#8221;1\/1&#8243;][vc_raw_html css=&#8221;&#8221; el_class=&#8221;top-content&#8221;]JTNDZGl2JTIwY2xhc3MlM0QlMjJhY2Mtcm93LXRlbXBsYXRlJTIyJTNFJTBBJTIwJTIwJTIwJTIwJTIwJTIwJTIwJTIwJTNDZGl2JTIwY2xhc3MlM0QlMjJhY2MtY29udGFpbmVyJTIwYWNjLWZ1bGwlMjIlMjBzdHlsZSUzRCUyMmJhY2tncm91bmQtY29sb3IlM0F0cmFuc3BhcmVudCUzQiUyMiUzRSUwQSUyMCUyMCUyMCUyMCUyMCUyMCUyMCUyMCUyMCUyMCUyMCUyMCUzQ2gxJTNFSW52b2x2ZWQlMjBpbiUyMG91ciUyMGNvbW11bml0eSUzQyUyRmgxJTNFJTBBJTIwJTIwJTIwJTIwJTIwJTIwJTIwJTIwJTNDJTJGZGl2JTNFJTBBJTIwJTIwJTIwJTIwJTNDJTJGZGl2JTNFJTBBJTBBJTIwJTIwJTIwJTIwJTNDZGl2JTIwY2xhc3MlM0QlMjJhY2Mtcm93LXRlbXBsYXRlJTIwcm93LXBhZGRpbmctYm90dG9tJTIwbm8tcGFkZGluZy10b3AlMjIlM0UlMEElMjAlMjAlMjAlMjAlMjAlMjAlMjAlMjAlM0NkaXYlMjBjbGFzcyUzRCUyMmFjYy1jb250YWluZXIlMjBhY2MtNDAtNjAlMjIlMjBzdHlsZSUzRCUyMmJhY2tncm91bmQtY29sb3IlM0F0cmFuc3BhcmVudCUzQiUyMiUzRSUwQSUyMCUyMCUyMCUyMCUyMCUyMCUyMCUyMCUyMCUyMCUyMCUyMCUzQ2RpdiUyMGNsYXNzJTNEJTIyYWNjLWNvbCUyMG1vcmUtcGFkZGluZy1sZWZ0LXJpZ2h0JTIyJTNFJTBBJTIwJTIwJTIwJTIwJTIwJTIwJTIwJTIwJTIwJTIwJTIwJTIwJTIwJTIwJTIwJTIwJTNDcCUzRU91ciUyMGNhaXNzZSUyMGlzJTIwZHJpdmVuJTIwYnklMjBhJTIwbWlzc2lvbiUyMHRvJTIwZm9zdGVyJTIwdGhlJTIwZWNvbm9taWMlMjBhbmQlMjBzb2NpYWwlMjB3ZWxsLWJlaW5nJTIwb2YlMjBvdXIlMjBjb21tdW5pdHklMjBieSUyMGJyaW5naW5nJTIwdG9nZXRoZXIlMjBtdW5pY2lwYWwlMjBlbXBsb3llZXMlMjBhbmQlMjBmaXJlJTIwc2FmZXR5JTIwcHJvZmVzc2lvbmFscy4lMjBJdCUyMGlzJTIwdGhyb3VnaCUyMG91ciUyMHN0cm9uZyUyMHN1cHBvcnQlMjBvZiUyMHRoZSUyMHByb2plY3RzJTJDJTIwZXZlbnRzJTJDJTIwYW5kJTIwY2F1c2VzJTIwdGhhdCUyMG1hdHRlciUyMG1vc3QlMjB0byUyMG11bmljaXBhbCUyMGVtcGxveWVlcyUyMHRoYXQlMjB3ZSUyMHN0YXklMjBjbG9zZWx5JTIwY29ubmVjdGVkJTIwdG8lMjB5b3UlMjElM0MlMkZwJTNFJTBBJTIwJTIwJTIwJTIwJTIwJTIwJTIwJTIwJTIwJTIwJTIwJTIwJTNDJTJGZGl2JTNFJTBBJTIwJTIwJTIwJTIwJTIwJTIwJTIwJTIwJTIwJTIwJTIwJTIwJTNDZGl2JTIwY2xhc3MlM0QlMjJhY2MtY29sJTIwdG9wLWJveCUyMiUzRSUwQSUyMCUyMCUyMCUyMCUyMCUyMCUyMCUyMCUyMCUyMCUyMCUyMCUyMCUyMCUyMCUyMEhhdmUlMjBhbiUyMGlkZWElMjBvciUyMGElMjBwcm9qZWN0JTIwdG8lMjBzaGFyZSUzRiUyMFdlJTIwaW52aXRlJTIweW91JTIwdG8lMjByZWFkJTIwb3VyJTIwaW52ZXN0bWVudCUyMHBvbGljeSUyMGFuZCUyMHRvJTIwZGlzY3VzcyUyMGl0JTIwd2l0aCUyMHVzLiUwQSUyMCUyMCUyMCUyMCUyMCUyMCUyMCUyMCUyMCUyMCUyMCUyMCUyMCUyMCUyMCUyMCUzQ3AlMjBzdHlsZSUzRCUyMnRleHQtYWxpZ24lM0FyaWdodCUzQiUyMiUzRSUzQ2ElMjBocmVmJTNEJTIyJTJGd3AtY29udGVudCUyRnVwbG9hZHMlMkYyMDI1JTJGMDMlMkZDRFJNX1BvbGl0aXF1ZS1kZS1jb250cmlidXRpb24tMjAyNS0yMDI3LnBkZiUyMiUyMHRhcmdldCUzRCUyMl9ibGFuayUyMiUyMGNsYXNzJTNEJTIyYnV0dG9uJTIwYnV0dG9uLWFwcGVhciUyMGNvbG9yLTMlMjBtZWRpdW0lMjBidG4taGlzdG9pcmUlMjIlMjBzdHlsZSUzRCUyMmJvcmRlci1yYWRpdXMlM0ElMjAycHglM0IlMjIlM0UlM0NzcGFuJTNFTGVhcm4lMjBtb3JlJTNDaSUyMGNsYXNzJTNEJTIyZmElMjBmYS1jaGV2cm9uLXJpZ2h0JTIyJTNFJTNDJTJGaSUzRSUzQyUyRnNwYW4lM0UlM0MlMkZhJTNFJTNDJTJGcCUzRSUwQSUyMCUyMCUyMCUyMCUyMCUyMCUyMCUyMCUyMCUyMCUyMCUyMCUzQyUyRmRpdiUzRSUwQSUyMCUyMCUyMCUyMCUyMCUyMCUyMCUyMCUzQyUyRmRpdiUzRSUwQSUyMCUyMCUyMCUyMCUzQyUyRmRpdiUzRSUwQSUwQSUyMCUyMCUyMCUyMCUzQ2RpdiUyMGNsYXNzJTNEJTIyYWNjLXJvdy10ZW1wbGF0ZSUyMHJvdy1wYWRkaW5nLWJvdHRvbSUyMiUzRSUwQSUyMCUyMCUyMCUyMCUyMCUyMCUyMCUyMCUzQ2RpdiUyMGNsYXNzJTNEJTIyYWNjLWNvbnRhaW5lciUyMGFjYy1mdWxsJTIyJTIwc3R5bGUlM0QlMjJiYWNrZ3JvdW5kLWNvbG9yJTNBdHJhbnNwYXJlbnQlM0IlMjIlM0UlMEElMEElMEElMjAlMjAlMjAlMjAlMjAlMjAlMjAlMjAlMjAlMjAlMjAlMjAlM0NpZnJhbWUlMjBzcmMlM0QlMjJodHRwcyUzQSUyRiUyRnd3dy5mYWNlYm9vay5jb20lMkZwbHVnaW5zJTJGdmlkZW8ucGhwJTNGaGVpZ2h0JTNEMzE0JTI2aHJlZiUzRGh0dHBzJTI1M0ElMjUyRiUyNTJGd3d3LmZhY2Vib29rLmNvbSUyNTJGQ2Fpc3NlUmVzZWF1TXVuaWNpcGFsJTI1MkZ2aWRlb3MlMjUyRjY2NjAxNTcxOTM3Mzc0NCUyNTJGJTI2c2hvd190ZXh0JTNEZmFsc2UlMjZ3aWR0aCUzRDU2MCUyNnQlM0QwJTIyJTIwd2lkdGglM0QlMjIxMjAwJTIyJTIwaGVpZ2h0JTNEJTIyNjUwJTIyJTIwc3R5bGUlM0QlMjJib3JkZXIlM0Fub25lJTNCb3ZlcmZsb3clM0FoaWRkZW4lMjIlMjBzY3JvbGxpbmclM0QlMjJubyUyMiUyMGZyYW1lYm9yZGVyJTNEJTIyMCUyMiUyMGFsbG93ZnVsbHNjcmVlbiUzRCUyMnRydWUlMjIlMjBhbGxvdyUzRCUyMmF1dG9wbGF5JTNCJTIwY2xpcGJvYXJkLXdyaXRlJTNCJTIwZW5jcnlwdGVkLW1lZGlhJTNCJTIwcGljdHVyZS1pbi1waWN0dXJlJTNCJTIwd2ViLXNoYXJlJTIyJTIwYWxsb3dGdWxsU2NyZWVuJTNEJTIydHJ1ZSUyMiUzRSUzQyUyRmlmcmFtZSUzRSUwQSUyMCUyMCUyMCUyMCUyMCUyMCUyMCUyMCUyMCUyMCUyMCUyMCUzQyUyRnZpZGVvJTNFJTBBJTIwJTIwJTIwJTIwJTIwJTIwJTIwJTIwJTNDJTJGZGl2JTNFJTBBJTIwJTIwJTIwJTIwJTNDJTJGZGl2JTNF[\/vc_raw_html][\/vc_column][\/vc_row]<\/p>\n","protected":false},"author":5,"featured_media":0,"parent":0,"menu_order":-1500,"comment_status":"closed","ping_status":"closed","template":"","meta":{"_acf_changed":false,"footnotes":""},"class_list":["post-838889","page","type-page","status-publish","hentry"],"acf":[],"yoast_head":"<!-- This site is optimized with the Yoast SEO plugin v27.5 - https:\/\/yoast.com\/product\/yoast-seo-wordpress\/ -->\n<title>Caisse Desjardins du R\u00e9seau municipal<\/title>\n<meta name=\"description\" content=\"Des produits et services financiers adapt\u00e9es aux besoins des employ\u00e9s municipaux du Qu\u00e9bec! Un accompagnement sur mesure pour les pompiers.\" \/>\n<meta name=\"robots\" content=\"index, follow, max-snippet:-1, max-image-preview:large, max-video-preview:-1\" \/>\n<link rel=\"canonical\" href=\"https:\/\/desjardinsmunicipal.com\/en\/\" \/>\n<meta property=\"og:locale\" content=\"en_US\" \/>\n<meta property=\"og:type\" content=\"article\" \/>\n<meta property=\"og:title\" content=\"Caisse Desjardins du R\u00e9seau municipal\" \/>\n<meta property=\"og:description\" content=\"Des produits et services financiers adapt\u00e9es aux besoins des employ\u00e9s municipaux du Qu\u00e9bec! Un accompagnement sur mesure pour les pompiers.\" \/>\n<meta property=\"og:url\" content=\"https:\/\/desjardinsmunicipal.com\/en\/\" \/>\n<meta property=\"og:site_name\" content=\"Desjardins Municipal\" \/>\n<meta property=\"article:modified_time\" content=\"2026-05-07T18:55:09+00:00\" \/>\n<meta name=\"twitter:card\" content=\"summary_large_image\" \/>\n<meta name=\"twitter:label1\" content=\"Est. reading time\" \/>\n\t<meta name=\"twitter:data1\" content=\"1 minute\" \/>\n<script type=\"application\/ld+json\" class=\"yoast-schema-graph\">{\"@context\":\"https:\\\/\\\/schema.org\",\"@graph\":[{\"@type\":\"WebPage\",\"@id\":\"https:\\\/\\\/desjardinsmunicipal.com\\\/en\\\/\",\"url\":\"https:\\\/\\\/desjardinsmunicipal.com\\\/en\\\/\",\"name\":\"Caisse Desjardins du R\u00e9seau municipal\",\"isPartOf\":{\"@id\":\"https:\\\/\\\/desjardinsmunicipal.com\\\/#website\"},\"datePublished\":\"2023-07-07T14:42:50+00:00\",\"dateModified\":\"2026-05-07T18:55:09+00:00\",\"description\":\"Des produits et services financiers adapt\u00e9es aux besoins des employ\u00e9s municipaux du Qu\u00e9bec! Un accompagnement sur mesure pour les pompiers.\",\"breadcrumb\":{\"@id\":\"https:\\\/\\\/desjardinsmunicipal.com\\\/en\\\/#breadcrumb\"},\"inLanguage\":\"en-US\",\"potentialAction\":[{\"@type\":\"ReadAction\",\"target\":[\"https:\\\/\\\/desjardinsmunicipal.com\\\/en\\\/\"]}]},{\"@type\":\"BreadcrumbList\",\"@id\":\"https:\\\/\\\/desjardinsmunicipal.com\\\/en\\\/#breadcrumb\",\"itemListElement\":[{\"@type\":\"ListItem\",\"position\":1,\"name\":\"Accueil\",\"item\":\"https:\\\/\\\/desjardinsmunicipal.com\\\/en\\\/\"},{\"@type\":\"ListItem\",\"position\":2,\"name\":\"Home\"}]},{\"@type\":\"WebSite\",\"@id\":\"https:\\\/\\\/desjardinsmunicipal.com\\\/#website\",\"url\":\"https:\\\/\\\/desjardinsmunicipal.com\\\/\",\"name\":\"Desjardins Municipal\",\"description\":\"\",\"potentialAction\":[{\"@type\":\"SearchAction\",\"target\":{\"@type\":\"EntryPoint\",\"urlTemplate\":\"https:\\\/\\\/desjardinsmunicipal.com\\\/?s={search_term_string}\"},\"query-input\":{\"@type\":\"PropertyValueSpecification\",\"valueRequired\":true,\"valueName\":\"search_term_string\"}}],\"inLanguage\":\"en-US\"}]}<\/script>\n<!-- \/ Yoast SEO plugin. -->","yoast_head_json":{"title":"Caisse Desjardins du R\u00e9seau municipal","description":"Des produits et services financiers adapt\u00e9es aux besoins des employ\u00e9s municipaux du Qu\u00e9bec! Un accompagnement sur mesure pour les pompiers.","robots":{"index":"index","follow":"follow","max-snippet":"max-snippet:-1","max-image-preview":"max-image-preview:large","max-video-preview":"max-video-preview:-1"},"canonical":"https:\/\/desjardinsmunicipal.com\/en\/","og_locale":"en_US","og_type":"article","og_title":"Caisse Desjardins du R\u00e9seau municipal","og_description":"Des produits et services financiers adapt\u00e9es aux besoins des employ\u00e9s municipaux du Qu\u00e9bec! Un accompagnement sur mesure pour les pompiers.","og_url":"https:\/\/desjardinsmunicipal.com\/en\/","og_site_name":"Desjardins Municipal","article_modified_time":"2026-05-07T18:55:09+00:00","twitter_card":"summary_large_image","twitter_misc":{"Est. reading time":"1 minute"},"schema":{"@context":"https:\/\/schema.org","@graph":[{"@type":"WebPage","@id":"https:\/\/desjardinsmunicipal.com\/en\/","url":"https:\/\/desjardinsmunicipal.com\/en\/","name":"Caisse Desjardins du R\u00e9seau municipal","isPartOf":{"@id":"https:\/\/desjardinsmunicipal.com\/#website"},"datePublished":"2023-07-07T14:42:50+00:00","dateModified":"2026-05-07T18:55:09+00:00","description":"Des produits et services financiers adapt\u00e9es aux besoins des employ\u00e9s municipaux du Qu\u00e9bec! Un accompagnement sur mesure pour les pompiers.","breadcrumb":{"@id":"https:\/\/desjardinsmunicipal.com\/en\/#breadcrumb"},"inLanguage":"en-US","potentialAction":[{"@type":"ReadAction","target":["https:\/\/desjardinsmunicipal.com\/en\/"]}]},{"@type":"BreadcrumbList","@id":"https:\/\/desjardinsmunicipal.com\/en\/#breadcrumb","itemListElement":[{"@type":"ListItem","position":1,"name":"Accueil","item":"https:\/\/desjardinsmunicipal.com\/en\/"},{"@type":"ListItem","position":2,"name":"Home"}]},{"@type":"WebSite","@id":"https:\/\/desjardinsmunicipal.com\/#website","url":"https:\/\/desjardinsmunicipal.com\/","name":"Desjardins Municipal","description":"","potentialAction":[{"@type":"SearchAction","target":{"@type":"EntryPoint","urlTemplate":"https:\/\/desjardinsmunicipal.com\/?s={search_term_string}"},"query-input":{"@type":"PropertyValueSpecification","valueRequired":true,"valueName":"search_term_string"}}],"inLanguage":"en-US"}]}},"_links":{"self":[{"href":"https:\/\/desjardinsmunicipal.com\/en\/wp-json\/wp\/v2\/pages\/838889","targetHints":{"allow":["GET"]}}],"collection":[{"href":"https:\/\/desjardinsmunicipal.com\/en\/wp-json\/wp\/v2\/pages"}],"about":[{"href":"https:\/\/desjardinsmunicipal.com\/en\/wp-json\/wp\/v2\/types\/page"}],"author":[{"embeddable":true,"href":"https:\/\/desjardinsmunicipal.com\/en\/wp-json\/wp\/v2\/users\/5"}],"replies":[{"embeddable":true,"href":"https:\/\/desjardinsmunicipal.com\/en\/wp-json\/wp\/v2\/comments?post=838889"}],"version-history":[{"count":6,"href":"https:\/\/desjardinsmunicipal.com\/en\/wp-json\/wp\/v2\/pages\/838889\/revisions"}],"predecessor-version":[{"id":838895,"href":"https:\/\/desjardinsmunicipal.com\/en\/wp-json\/wp\/v2\/pages\/838889\/revisions\/838895"}],"wp:attachment":[{"href":"https:\/\/desjardinsmunicipal.com\/en\/wp-json\/wp\/v2\/media?parent=838889"}],"curies":[{"name":"wp","href":"https:\/\/api.w.org\/{rel}","templated":true}]}}