{"id":838896,"date":"2016-08-07T17:53:08","date_gmt":"2016-08-07T21:53:08","guid":{"rendered":"https:\/\/desjardinsmunicipal.com\/products\/"},"modified":"2026-05-07T16:43:33","modified_gmt":"2026-05-07T20:43:33","slug":"products","status":"publish","type":"page","link":"https:\/\/desjardinsmunicipal.com\/en\/products\/","title":{"rendered":"Products"},"content":{"rendered":"<div class=\"wpb-content-wrapper\"><p>[vc_row type=&#8221;full_width_section&#8221; bg_image=&#8221;15683&#8243; bg_color=&#8221;#f9f9f9&#8243; top_padding=&#8221;250&#8243; bottom_padding=&#8221;140&#8243; class=&#8221;page-header&#8221;][vc_column width=&#8221;1\/1&#8243; el_class=&#8221;page-header-content&#8221;]<h1 class=\"headline font-special fontsize-xxxl fontweight-inherit lh-inherit align-center transform-uppercase \" style=\"margin: 0;\">Products<\/h1><h2 class=\"headline font-special fontsize-xxxl fontweight-inherit lh-inherit align-center transform-uppercase \" style=\"margin: 0;\">Our caisse offers all of Desjardins\u2019 products and services, and then some!<\/h2>[\/vc_column][\/vc_row][vc_row top_padding=&#8221;63&#8243; bottom_padding=&#8221;46&#8243; class=&#8221;page-grid&#8221; row_id=&#8221;produits&#8221;][vc_column width=&#8221;1\/3&#8243;][vc_row_inner][vc_column_inner el_class=&#8221;avantage-left&#8221; width=&#8221;1\/2&#8243;]<div class=\"single_image wpb_content_element align-left   \" data-animation=\"none\" data-delay=\"0\"><img loading=\"lazy\" decoding=\"async\" width=\"49\" height=\"45\" src=\"https:\/\/desjardinsmunicipal.com\/wp-content\/uploads\/2019\/04\/ico-avantages-membre.png\" class=\"attachment-full\" alt=\"\" title=\"ico-avantages-membre\" \/><\/div>[\/vc_column_inner][vc_column_inner el_class=&#8221;avantage-right&#8221; width=&#8221;1\/2&#8243;]<h2 class=\"headline font-inherit fontsize-inherit fontweight-500 lh-inherit align-center transform-uppercase \" style=\"margin: 0 0 20px 0; color: #009f67;\">Avantages membre<\/h2>[vc_column_text]<\/p>\n<p>Offered to municipal employees through our group caisse!<\/p>\n<p>[\/vc_column_text]<div class=\"spacer\" style=\"height: 44px;\"><\/div><a href=\"\/products\/member-benefits\/\" target=\"_self\" class=\"button button-appear color-3 medium \" style=\"border-radius: 2px;\"><span>LEARN MORE<i class='fa fa-chevron-right'><\/i><\/span><\/a>[\/vc_column_inner][\/vc_row_inner]<div class=\"spacer\" style=\"height: 66px;\"><\/div>[\/vc_column][vc_column width=&#8221;1\/3&#8243;][vc_row_inner][vc_column_inner el_class=&#8221;avantage-left&#8221; width=&#8221;1\/2&#8243;]<div class=\"single_image wpb_content_element align-left   \" data-animation=\"none\" data-delay=\"0\"><img loading=\"lazy\" decoding=\"async\" width=\"48\" height=\"32\" src=\"https:\/\/desjardinsmunicipal.com\/wp-content\/uploads\/2016\/08\/produits-ico-epargne.jpg\" class=\"attachment-full\" alt=\"\" title=\"produits-ico-epargne\" \/><\/div>[\/vc_column_inner][vc_column_inner el_class=&#8221;avantage-right&#8221; width=&#8221;1\/2&#8243;]<h2 class=\"headline font-inherit fontsize-inherit fontweight-500 lh-inherit align-center transform-uppercase \" style=\"margin: 0 0 20px 0; color: #009f67;\">Group savings products<\/h2>[vc_column_text]<\/p>\n<p>Pooling your savings together pays off for you and your colleagues alike!<\/p>\n<p>[\/vc_column_text]<div class=\"spacer\" style=\"height: 43px;\"><\/div><a href=\"\/products\/group-savings-products\/\" target=\"_self\" class=\"button button-appear color-3 medium \" style=\"border-radius: 2px;\"><span>LEARN MORE<i class='fa fa-chevron-right'><\/i><\/span><\/a>[\/vc_column_inner][\/vc_row_inner]<div class=\"spacer\" style=\"height: 20px;\"><\/div>[\/vc_column][vc_column width=&#8221;1\/3&#8243;][vc_row_inner][vc_column_inner el_class=&#8221;avantage-left&#8221; width=&#8221;1\/2&#8243;]<div class=\"single_image wpb_content_element align-left   \" data-animation=\"none\" data-delay=\"0\"><img loading=\"lazy\" decoding=\"async\" width=\"49\" height=\"51\" src=\"https:\/\/desjardinsmunicipal.com\/wp-content\/uploads\/2016\/08\/produits-ico-assurances.jpg\" class=\"attachment-full\" alt=\"\" title=\"produits-ico-assurances\" \/><\/div>[\/vc_column_inner][vc_column_inner el_class=&#8221;avantage-right&#8221; width=&#8221;1\/2&#8243;]<h2 class=\"headline font-inherit fontsize-inherit fontweight-500 lh-inherit align-center transform-uppercase \" style=\"margin: 0 0 20px 0; color: #009f67;\">Group insurance<\/h2>[vc_column_text]<\/p>\n<p>As a municipal employee, you have the privilege of accessing exclusive group rates on auto, home, and business insurance through The Personal.<\/p>\n<p>[\/vc_column_text]<a href=\"\/products\/group-insurance\/\" target=\"_self\" class=\"button button-appear color-3 medium \" style=\"border-radius: 2px;\"><span>LEARN MORE<i class='fa fa-chevron-right'><\/i><\/span><\/a>[\/vc_column_inner][\/vc_row_inner][\/vc_column][\/vc_row][vc_row top_padding=&#8221;25&#8243; bottom_padding=&#8221;46&#8243; class=&#8221;page-grid&#8221; row_id=&#8221;produits&#8221;][vc_column width=&#8221;1\/3&#8243;][vc_row_inner][vc_column_inner el_class=&#8221;avantage-left&#8221; width=&#8221;1\/2&#8243;][\/vc_column_inner][vc_column_inner el_class=&#8221;avantage-right&#8221; width=&#8221;1\/2&#8243;][\/vc_column_inner][\/vc_row_inner][\/vc_column][vc_column width=&#8221;1\/3&#8243;][\/vc_column][vc_column width=&#8221;1\/3&#8243;][\/vc_column][\/vc_row]<\/p>\n<\/div>","protected":false},"excerpt":{"rendered":"<p>[vc_row type=&#8221;full_width_section&#8221; bg_image=&#8221;15683&#8243; bg_color=&#8221;#f9f9f9&#8243; top_padding=&#8221;250&#8243; bottom_padding=&#8221;140&#8243; class=&#8221;page-header&#8221;][vc_column width=&#8221;1\/1&#8243; el_class=&#8221;page-header-content&#8221;][\/vc_column][\/vc_row][vc_row top_padding=&#8221;63&#8243; bottom_padding=&#8221;46&#8243; class=&#8221;page-grid&#8221; row_id=&#8221;produits&#8221;][vc_column width=&#8221;1\/3&#8243;][vc_row_inner][vc_column_inner el_class=&#8221;avantage-left&#8221; width=&#8221;1\/2&#8243;][\/vc_column_inner][vc_column_inner el_class=&#8221;avantage-right&#8221; width=&#8221;1\/2&#8243;][vc_column_text] Offered to municipal employees through our group caisse! [\/vc_column_text][\/vc_column_inner][\/vc_row_inner][\/vc_column][vc_column width=&#8221;1\/3&#8243;][vc_row_inner][vc_column_inner el_class=&#8221;avantage-left&#8221; width=&#8221;1\/2&#8243;][\/vc_column_inner][vc_column_inner el_class=&#8221;avantage-right&#8221; width=&#8221;1\/2&#8243;][vc_column_text] Pooling your savings together pays off for you and your colleagues alike! [\/vc_column_text][\/vc_column_inner][\/vc_row_inner][\/vc_column][vc_column width=&#8221;1\/3&#8243;][vc_row_inner][vc_column_inner el_class=&#8221;avantage-left&#8221; width=&#8221;1\/2&#8243;][\/vc_column_inner][vc_column_inner el_class=&#8221;avantage-right&#8221; width=&#8221;1\/2&#8243;][vc_column_text] As a municipal employee, you have the privilege of accessing exclusive group rates on auto, home, and business insurance through The Personal. [\/vc_column_text][\/vc_column_inner][\/vc_row_inner][\/vc_column][\/vc_row][vc_row top_padding=&#8221;25&#8243; bottom_padding=&#8221;46&#8243; class=&#8221;page-grid&#8221; row_id=&#8221;produits&#8221;][vc_column width=&#8221;1\/3&#8243;][vc_row_inner][vc_column_inner el_class=&#8221;avantage-left&#8221; width=&#8221;1\/2&#8243;][\/vc_column_inner][vc_column_inner el_class=&#8221;avantage-right&#8221; width=&#8221;1\/2&#8243;][\/vc_column_inner][\/vc_row_inner][\/vc_column][vc_column width=&#8221;1\/3&#8243;][\/vc_column][vc_column width=&#8221;1\/3&#8243;][\/vc_column][\/vc_row]<\/p>\n","protected":false},"author":2,"featured_media":0,"parent":0,"menu_order":-1475,"comment_status":"closed","ping_status":"closed","template":"","meta":{"_acf_changed":false,"footnotes":""},"class_list":["post-838896","page","type-page","status-publish","hentry"],"acf":[],"yoast_head":"<!-- This site is optimized with the Yoast SEO plugin v27.5 - https:\/\/yoast.com\/product\/yoast-seo-wordpress\/ -->\n<title>Products | Caisse Desjardins du R\u00e9seau municipal<\/title>\n<meta name=\"description\" content=\"D\u00e9couvrez nos r\u00e9gimes d\u2019\u00e9pargne collectifs, notre solution en autoconstruction flexible, notre programme de pr\u00eats et bourses unique pour les \u00e9tudiants pompiers et nos assurances de groupes.\" \/>\n<meta name=\"robots\" content=\"index, follow, max-snippet:-1, max-image-preview:large, max-video-preview:-1\" \/>\n<link rel=\"canonical\" href=\"https:\/\/desjardinsmunicipal.com\/en\/products\/\" \/>\n<meta property=\"og:locale\" content=\"en_US\" \/>\n<meta property=\"og:type\" content=\"article\" \/>\n<meta property=\"og:title\" content=\"Products | Caisse Desjardins du R\u00e9seau municipal\" \/>\n<meta property=\"og:description\" content=\"D\u00e9couvrez nos r\u00e9gimes d\u2019\u00e9pargne collectifs, notre solution en autoconstruction flexible, notre programme de pr\u00eats et bourses unique pour les \u00e9tudiants pompiers et nos assurances de groupes.\" \/>\n<meta property=\"og:url\" content=\"https:\/\/desjardinsmunicipal.com\/en\/products\/\" \/>\n<meta property=\"og:site_name\" content=\"Desjardins Municipal\" \/>\n<meta property=\"article:modified_time\" content=\"2026-05-07T20:43:33+00:00\" \/>\n<meta name=\"twitter:card\" content=\"summary_large_image\" \/>\n<meta name=\"twitter:label1\" content=\"Est. reading time\" \/>\n\t<meta name=\"twitter:data1\" content=\"1 minute\" \/>\n<script type=\"application\/ld+json\" class=\"yoast-schema-graph\">{\"@context\":\"https:\\\/\\\/schema.org\",\"@graph\":[{\"@type\":\"WebPage\",\"@id\":\"https:\\\/\\\/desjardinsmunicipal.com\\\/en\\\/products\\\/\",\"url\":\"https:\\\/\\\/desjardinsmunicipal.com\\\/en\\\/products\\\/\",\"name\":\"Products | Caisse Desjardins du R\u00e9seau municipal\",\"isPartOf\":{\"@id\":\"https:\\\/\\\/desjardinsmunicipal.com\\\/#website\"},\"datePublished\":\"2016-08-07T21:53:08+00:00\",\"dateModified\":\"2026-05-07T20:43:33+00:00\",\"description\":\"D\u00e9couvrez nos r\u00e9gimes d\u2019\u00e9pargne collectifs, notre solution en autoconstruction flexible, notre programme de pr\u00eats et bourses unique pour les \u00e9tudiants pompiers et nos assurances de groupes.\",\"breadcrumb\":{\"@id\":\"https:\\\/\\\/desjardinsmunicipal.com\\\/en\\\/products\\\/#breadcrumb\"},\"inLanguage\":\"en-US\",\"potentialAction\":[{\"@type\":\"ReadAction\",\"target\":[\"https:\\\/\\\/desjardinsmunicipal.com\\\/en\\\/products\\\/\"]}]},{\"@type\":\"BreadcrumbList\",\"@id\":\"https:\\\/\\\/desjardinsmunicipal.com\\\/en\\\/products\\\/#breadcrumb\",\"itemListElement\":[{\"@type\":\"ListItem\",\"position\":1,\"name\":\"Accueil\",\"item\":\"https:\\\/\\\/desjardinsmunicipal.com\\\/en\\\/\"},{\"@type\":\"ListItem\",\"position\":2,\"name\":\"Products\"}]},{\"@type\":\"WebSite\",\"@id\":\"https:\\\/\\\/desjardinsmunicipal.com\\\/#website\",\"url\":\"https:\\\/\\\/desjardinsmunicipal.com\\\/\",\"name\":\"Desjardins Municipal\",\"description\":\"\",\"potentialAction\":[{\"@type\":\"SearchAction\",\"target\":{\"@type\":\"EntryPoint\",\"urlTemplate\":\"https:\\\/\\\/desjardinsmunicipal.com\\\/?s={search_term_string}\"},\"query-input\":{\"@type\":\"PropertyValueSpecification\",\"valueRequired\":true,\"valueName\":\"search_term_string\"}}],\"inLanguage\":\"en-US\"}]}<\/script>\n<!-- \/ Yoast SEO plugin. -->","yoast_head_json":{"title":"Products | Caisse Desjardins du R\u00e9seau municipal","description":"D\u00e9couvrez nos r\u00e9gimes d\u2019\u00e9pargne collectifs, notre solution en autoconstruction flexible, notre programme de pr\u00eats et bourses unique pour les \u00e9tudiants pompiers et nos assurances de groupes.","robots":{"index":"index","follow":"follow","max-snippet":"max-snippet:-1","max-image-preview":"max-image-preview:large","max-video-preview":"max-video-preview:-1"},"canonical":"https:\/\/desjardinsmunicipal.com\/en\/products\/","og_locale":"en_US","og_type":"article","og_title":"Products | Caisse Desjardins du R\u00e9seau municipal","og_description":"D\u00e9couvrez nos r\u00e9gimes d\u2019\u00e9pargne collectifs, notre solution en autoconstruction flexible, notre programme de pr\u00eats et bourses unique pour les \u00e9tudiants pompiers et nos assurances de groupes.","og_url":"https:\/\/desjardinsmunicipal.com\/en\/products\/","og_site_name":"Desjardins Municipal","article_modified_time":"2026-05-07T20:43:33+00:00","twitter_card":"summary_large_image","twitter_misc":{"Est. reading time":"1 minute"},"schema":{"@context":"https:\/\/schema.org","@graph":[{"@type":"WebPage","@id":"https:\/\/desjardinsmunicipal.com\/en\/products\/","url":"https:\/\/desjardinsmunicipal.com\/en\/products\/","name":"Products | Caisse Desjardins du R\u00e9seau municipal","isPartOf":{"@id":"https:\/\/desjardinsmunicipal.com\/#website"},"datePublished":"2016-08-07T21:53:08+00:00","dateModified":"2026-05-07T20:43:33+00:00","description":"D\u00e9couvrez nos r\u00e9gimes d\u2019\u00e9pargne collectifs, notre solution en autoconstruction flexible, notre programme de pr\u00eats et bourses unique pour les \u00e9tudiants pompiers et nos assurances de groupes.","breadcrumb":{"@id":"https:\/\/desjardinsmunicipal.com\/en\/products\/#breadcrumb"},"inLanguage":"en-US","potentialAction":[{"@type":"ReadAction","target":["https:\/\/desjardinsmunicipal.com\/en\/products\/"]}]},{"@type":"BreadcrumbList","@id":"https:\/\/desjardinsmunicipal.com\/en\/products\/#breadcrumb","itemListElement":[{"@type":"ListItem","position":1,"name":"Accueil","item":"https:\/\/desjardinsmunicipal.com\/en\/"},{"@type":"ListItem","position":2,"name":"Products"}]},{"@type":"WebSite","@id":"https:\/\/desjardinsmunicipal.com\/#website","url":"https:\/\/desjardinsmunicipal.com\/","name":"Desjardins Municipal","description":"","potentialAction":[{"@type":"SearchAction","target":{"@type":"EntryPoint","urlTemplate":"https:\/\/desjardinsmunicipal.com\/?s={search_term_string}"},"query-input":{"@type":"PropertyValueSpecification","valueRequired":true,"valueName":"search_term_string"}}],"inLanguage":"en-US"}]}},"_links":{"self":[{"href":"https:\/\/desjardinsmunicipal.com\/en\/wp-json\/wp\/v2\/pages\/838896","targetHints":{"allow":["GET"]}}],"collection":[{"href":"https:\/\/desjardinsmunicipal.com\/en\/wp-json\/wp\/v2\/pages"}],"about":[{"href":"https:\/\/desjardinsmunicipal.com\/en\/wp-json\/wp\/v2\/types\/page"}],"author":[{"embeddable":true,"href":"https:\/\/desjardinsmunicipal.com\/en\/wp-json\/wp\/v2\/users\/2"}],"replies":[{"embeddable":true,"href":"https:\/\/desjardinsmunicipal.com\/en\/wp-json\/wp\/v2\/comments?post=838896"}],"version-history":[{"count":6,"href":"https:\/\/desjardinsmunicipal.com\/en\/wp-json\/wp\/v2\/pages\/838896\/revisions"}],"predecessor-version":[{"id":838908,"href":"https:\/\/desjardinsmunicipal.com\/en\/wp-json\/wp\/v2\/pages\/838896\/revisions\/838908"}],"wp:attachment":[{"href":"https:\/\/desjardinsmunicipal.com\/en\/wp-json\/wp\/v2\/media?parent=838896"}],"curies":[{"name":"wp","href":"https:\/\/api.w.org\/{rel}","templated":true}]}}