{"id":838942,"date":"2016-08-08T12:23:46","date_gmt":"2016-08-08T16:23:46","guid":{"rendered":"https:\/\/desjardinsmunicipal.com\/products\/produits-depargne-collectifs\/"},"modified":"2026-05-07T16:42:24","modified_gmt":"2026-05-07T20:42:24","slug":"group-savings-products","status":"publish","type":"page","link":"https:\/\/desjardinsmunicipal.com\/en\/products\/group-savings-products\/","title":{"rendered":"Group savings products"},"content":{"rendered":"<div class=\"wpb-content-wrapper\"><p>[vc_row type=&#8221;full_width_section&#8221; bg_image=&#8221;15755&#8243; bg_color=&#8221;#f9f9f9&#8243; top_padding=&#8221;250&#8243; bottom_padding=&#8221;140&#8243; class=&#8221;page-header&#8221;][vc_column width=&#8221;1\/1&#8243; el_class=&#8221;page-header-content&#8221;]<h1 class=\"headline font-special fontsize-xxxl fontweight-inherit lh-inherit align-center transform-uppercase \" style=\"margin: 0;\">Group savings products<\/h1>[\/vc_column][\/vc_row][vc_row class=&#8221;bloc-light&#8221;][vc_column width=&#8221;1\/1&#8243;]<h3 class=\"headline font-inherit fontsize-inherit fontweight-inherit lh-inherit align-center transform-inherit \" style=\"\">It pays to pool your savings<\/h3><div class=\"spacer\" style=\"height: 20px;\"><\/div>[vc_column_text]<\/p>\n<p>Our caisse partners with municipal employee unions and Desjardins S\u00e9curit\u00e9 financi\u00e8re to bring you competitive group savings products. Simply put, it is a savings plan available exclusively to groups of workers, giving you access to economies of scale and benefits like reduced management fees!<\/p>\n<p>[\/vc_column_text][\/vc_column][\/vc_row][vc_row top_padding=&#8221;0&#8243; bottom_padding=&#8221;20&#8243; class=&#8221;produits-one-third&#8221;][vc_column width=&#8221;1\/1&#8243;]<h2 class=\"headline font-inherit fontsize-xxxl fontweight-700 lh-inherit align-center transform-inherit \" style=\"margin: 0 0 20px 0; color: #009f67;\">Plenty of benefits!<\/h2>[vc_row_inner][vc_column_inner width=&#8221;1\/3&#8243;][vc_column_text]<\/p>\n<p><strong>Take advantage of the following benefits<\/strong><\/p>\n<p>&nbsp;<\/p>\n<ul>\n<li>Savings on management costs<\/li>\n<li>Faster growth of your capital<\/li>\n<li>Option to include your spouse<\/li>\n<li>No minimum deposit to access preferential rates<\/li>\n<\/ul>\n<p>&nbsp;<\/p>\n<p>[\/vc_column_text][\/vc_column_inner][vc_column_inner width=&#8221;1\/3&#8243;][vc_column_text]<\/p>\n<p><strong>Choose the savings plan that works for you:<\/strong><\/p>\n<p>&nbsp;<\/p>\n<ul>\n<li>Defined contribution pension plan (DCPP)<\/li>\n<li>Registered retirement savings plan (RRSP)<\/li>\n<li>Simplified pension plan (SPP)<\/li>\n<li>Tax-free savings account (TFSA)<\/li>\n<li>Non-registered savings plan (NRSP)<\/li>\n<li>Investments<\/li>\n<\/ul>\n<p>[\/vc_column_text][\/vc_column_inner][vc_column_inner width=&#8221;1\/3&#8243;][vc_column_text]<\/p>\n<p><strong>Multiple ways to withdraw your savings when the time is right:<\/strong><\/p>\n<p>&nbsp;<\/p>\n<ul>\n<li>Locked-in retirement account (LIRA)<\/li>\n<li>Group life income fund (PLIF)<\/li>\n<li>Group registered retirement income fund (RRIF)<\/li>\n<li>Life annuity<\/li>\n<\/ul>\n<p>&nbsp;<\/p>\n<p>[\/vc_column_text][\/vc_column_inner][\/vc_row_inner][\/vc_column][\/vc_row][vc_row bg_image=&#8221;17839&#8243; class=&#8221;bloc-content-center produit-hero&#8221;][vc_column width=&#8221;1\/4&#8243;][\/vc_column][vc_column width=&#8221;1\/2&#8243; el_class=&#8221;center&#8221;]<h2 class=\"headline font-inherit fontsize-l fontweight-700 lh-inherit align-center transform-inherit \" style=\"margin: 0; color: #009f67;\">Beneficiary associations<\/h2>[vc_column_text]<\/p>\n<p><strong>At this time, members of the following associations are eligible:<\/strong><\/p>\n<p>&nbsp;<\/p>\n<ul>\n<li>Association des pompiers de Montr\u00e9al Inc. (APM)<\/li>\n<li>Syndicat des pompiers et pompi\u00e8res du Qu\u00e9bec (SPQ)<\/li>\n<li>Quebec municipal employees<\/li>\n<li>Conseil provincial du secteur municipal (CPSM-SCFP)<\/li>\n<\/ul>\n<p>[\/vc_column_text][\/vc_column][vc_column width=&#8221;1\/4&#8243;][\/vc_column][\/vc_row]<\/p>\n<\/div>","protected":false},"excerpt":{"rendered":"<p>[vc_row type=&#8221;full_width_section&#8221; bg_image=&#8221;15755&#8243; bg_color=&#8221;#f9f9f9&#8243; top_padding=&#8221;250&#8243; bottom_padding=&#8221;140&#8243; class=&#8221;page-header&#8221;][vc_column width=&#8221;1\/1&#8243; el_class=&#8221;page-header-content&#8221;][\/vc_column][\/vc_row][vc_row class=&#8221;bloc-light&#8221;][vc_column width=&#8221;1\/1&#8243;][vc_column_text] Our caisse partners with municipal employee unions and Desjardins S\u00e9curit\u00e9 financi\u00e8re to bring you competitive group savings products. Simply put, it is a savings plan available exclusively to groups of workers, giving you access to economies of scale and benefits like reduced management fees! [\/vc_column_text][\/vc_column][\/vc_row][vc_row top_padding=&#8221;0&#8243; bottom_padding=&#8221;20&#8243; class=&#8221;produits-one-third&#8221;][vc_column width=&#8221;1\/1&#8243;][vc_row_inner][vc_column_inner width=&#8221;1\/3&#8243;][vc_column_text] Take advantage of the following benefits &nbsp; Savings on management costs Faster growth of your capital Option to include your spouse No minimum deposit to access preferential rates &nbsp; [\/vc_column_text][\/vc_column_inner][vc_column_inner width=&#8221;1\/3&#8243;][vc_column_text] Choose the savings plan that works for you: &nbsp; Defined contribution pension plan (DCPP) Registered retirement savings plan (RRSP) Simplified pension plan (SPP) Tax-free savings account (TFSA) Non-registered savings plan (NRSP) Investments [\/vc_column_text][\/vc_column_inner][vc_column_inner width=&#8221;1\/3&#8243;][vc_column_text] Multiple ways to withdraw your savings when the time is right: &nbsp; Locked-in retirement account (LIRA) Group life income fund (PLIF) Group registered retirement income fund (RRIF) Life annuity &nbsp; [\/vc_column_text][\/vc_column_inner][\/vc_row_inner][\/vc_column][\/vc_row][vc_row bg_image=&#8221;17839&#8243; class=&#8221;bloc-content-center produit-hero&#8221;][vc_column width=&#8221;1\/4&#8243;][\/vc_column][vc_column width=&#8221;1\/2&#8243; el_class=&#8221;center&#8221;][vc_column_text] At this time, members of the following associations are eligible: &nbsp; Association des pompiers de Montr\u00e9al Inc. (APM) Syndicat des pompiers et pompi\u00e8res du Qu\u00e9bec (SPQ) Quebec municipal employees Conseil provincial du secteur municipal (CPSM-SCFP) [\/vc_column_text][\/vc_column][vc_column width=&#8221;1\/4&#8243;][\/vc_column][\/vc_row]<\/p>\n","protected":false},"author":2,"featured_media":0,"parent":838896,"menu_order":-1000,"comment_status":"closed","ping_status":"closed","template":"","meta":{"_acf_changed":false,"footnotes":""},"class_list":["post-838942","page","type-page","status-publish","hentry"],"acf":[],"yoast_head":"<!-- This site is optimized with the Yoast SEO plugin v27.5 - https:\/\/yoast.com\/product\/yoast-seo-wordpress\/ -->\n<title>Group savings products | Caisse Desjardins du R\u00e9seau municipal<\/title>\n<meta name=\"description\" content=\"Notre caisse collabore avec les syndicats d\u2019employ\u00e9s municipaux et Desjardins S\u00e9curit\u00e9 financi\u00e8re afin de vous offrir des produits d\u2019\u00e9pargnes collectifs avantageux.\" \/>\n<meta name=\"robots\" content=\"index, follow, max-snippet:-1, max-image-preview:large, max-video-preview:-1\" \/>\n<link rel=\"canonical\" href=\"https:\/\/desjardinsmunicipal.com\/en\/products\/group-savings-products\/\" \/>\n<meta property=\"og:locale\" content=\"en_US\" \/>\n<meta property=\"og:type\" content=\"article\" \/>\n<meta property=\"og:title\" content=\"Group savings products | Caisse Desjardins du R\u00e9seau municipal\" \/>\n<meta property=\"og:description\" content=\"Notre caisse collabore avec les syndicats d\u2019employ\u00e9s municipaux et Desjardins S\u00e9curit\u00e9 financi\u00e8re afin de vous offrir des produits d\u2019\u00e9pargnes collectifs avantageux.\" \/>\n<meta property=\"og:url\" content=\"https:\/\/desjardinsmunicipal.com\/en\/products\/group-savings-products\/\" \/>\n<meta property=\"og:site_name\" content=\"Desjardins Municipal\" \/>\n<meta property=\"article:modified_time\" content=\"2026-05-07T20:42:24+00:00\" \/>\n<meta name=\"twitter:card\" content=\"summary_large_image\" \/>\n<meta name=\"twitter:label1\" content=\"Est. reading time\" \/>\n\t<meta name=\"twitter:data1\" content=\"2 minutes\" \/>\n<script type=\"application\/ld+json\" class=\"yoast-schema-graph\">{\"@context\":\"https:\\\/\\\/schema.org\",\"@graph\":[{\"@type\":\"WebPage\",\"@id\":\"https:\\\/\\\/desjardinsmunicipal.com\\\/en\\\/products\\\/group-savings-products\\\/\",\"url\":\"https:\\\/\\\/desjardinsmunicipal.com\\\/en\\\/products\\\/group-savings-products\\\/\",\"name\":\"Group savings products | Caisse Desjardins du R\u00e9seau municipal\",\"isPartOf\":{\"@id\":\"https:\\\/\\\/desjardinsmunicipal.com\\\/#website\"},\"datePublished\":\"2016-08-08T16:23:46+00:00\",\"dateModified\":\"2026-05-07T20:42:24+00:00\",\"description\":\"Notre caisse collabore avec les syndicats d\u2019employ\u00e9s municipaux et Desjardins S\u00e9curit\u00e9 financi\u00e8re afin de vous offrir des produits d\u2019\u00e9pargnes collectifs avantageux.\",\"breadcrumb\":{\"@id\":\"https:\\\/\\\/desjardinsmunicipal.com\\\/en\\\/products\\\/group-savings-products\\\/#breadcrumb\"},\"inLanguage\":\"en-US\",\"potentialAction\":[{\"@type\":\"ReadAction\",\"target\":[\"https:\\\/\\\/desjardinsmunicipal.com\\\/en\\\/products\\\/group-savings-products\\\/\"]}]},{\"@type\":\"BreadcrumbList\",\"@id\":\"https:\\\/\\\/desjardinsmunicipal.com\\\/en\\\/products\\\/group-savings-products\\\/#breadcrumb\",\"itemListElement\":[{\"@type\":\"ListItem\",\"position\":1,\"name\":\"Accueil\",\"item\":\"https:\\\/\\\/desjardinsmunicipal.com\\\/en\\\/\"},{\"@type\":\"ListItem\",\"position\":2,\"name\":\"Products\",\"item\":\"https:\\\/\\\/desjardinsmunicipal.com\\\/en\\\/products\\\/\"},{\"@type\":\"ListItem\",\"position\":3,\"name\":\"Group savings products\"}]},{\"@type\":\"WebSite\",\"@id\":\"https:\\\/\\\/desjardinsmunicipal.com\\\/#website\",\"url\":\"https:\\\/\\\/desjardinsmunicipal.com\\\/\",\"name\":\"Desjardins Municipal\",\"description\":\"\",\"potentialAction\":[{\"@type\":\"SearchAction\",\"target\":{\"@type\":\"EntryPoint\",\"urlTemplate\":\"https:\\\/\\\/desjardinsmunicipal.com\\\/?s={search_term_string}\"},\"query-input\":{\"@type\":\"PropertyValueSpecification\",\"valueRequired\":true,\"valueName\":\"search_term_string\"}}],\"inLanguage\":\"en-US\"}]}<\/script>\n<!-- \/ Yoast SEO plugin. -->","yoast_head_json":{"title":"Group savings products | Caisse Desjardins du R\u00e9seau municipal","description":"Notre caisse collabore avec les syndicats d\u2019employ\u00e9s municipaux et Desjardins S\u00e9curit\u00e9 financi\u00e8re afin de vous offrir des produits d\u2019\u00e9pargnes collectifs avantageux.","robots":{"index":"index","follow":"follow","max-snippet":"max-snippet:-1","max-image-preview":"max-image-preview:large","max-video-preview":"max-video-preview:-1"},"canonical":"https:\/\/desjardinsmunicipal.com\/en\/products\/group-savings-products\/","og_locale":"en_US","og_type":"article","og_title":"Group savings products | Caisse Desjardins du R\u00e9seau municipal","og_description":"Notre caisse collabore avec les syndicats d\u2019employ\u00e9s municipaux et Desjardins S\u00e9curit\u00e9 financi\u00e8re afin de vous offrir des produits d\u2019\u00e9pargnes collectifs avantageux.","og_url":"https:\/\/desjardinsmunicipal.com\/en\/products\/group-savings-products\/","og_site_name":"Desjardins Municipal","article_modified_time":"2026-05-07T20:42:24+00:00","twitter_card":"summary_large_image","twitter_misc":{"Est. reading time":"2 minutes"},"schema":{"@context":"https:\/\/schema.org","@graph":[{"@type":"WebPage","@id":"https:\/\/desjardinsmunicipal.com\/en\/products\/group-savings-products\/","url":"https:\/\/desjardinsmunicipal.com\/en\/products\/group-savings-products\/","name":"Group savings products | Caisse Desjardins du R\u00e9seau municipal","isPartOf":{"@id":"https:\/\/desjardinsmunicipal.com\/#website"},"datePublished":"2016-08-08T16:23:46+00:00","dateModified":"2026-05-07T20:42:24+00:00","description":"Notre caisse collabore avec les syndicats d\u2019employ\u00e9s municipaux et Desjardins S\u00e9curit\u00e9 financi\u00e8re afin de vous offrir des produits d\u2019\u00e9pargnes collectifs avantageux.","breadcrumb":{"@id":"https:\/\/desjardinsmunicipal.com\/en\/products\/group-savings-products\/#breadcrumb"},"inLanguage":"en-US","potentialAction":[{"@type":"ReadAction","target":["https:\/\/desjardinsmunicipal.com\/en\/products\/group-savings-products\/"]}]},{"@type":"BreadcrumbList","@id":"https:\/\/desjardinsmunicipal.com\/en\/products\/group-savings-products\/#breadcrumb","itemListElement":[{"@type":"ListItem","position":1,"name":"Accueil","item":"https:\/\/desjardinsmunicipal.com\/en\/"},{"@type":"ListItem","position":2,"name":"Products","item":"https:\/\/desjardinsmunicipal.com\/en\/products\/"},{"@type":"ListItem","position":3,"name":"Group savings products"}]},{"@type":"WebSite","@id":"https:\/\/desjardinsmunicipal.com\/#website","url":"https:\/\/desjardinsmunicipal.com\/","name":"Desjardins Municipal","description":"","potentialAction":[{"@type":"SearchAction","target":{"@type":"EntryPoint","urlTemplate":"https:\/\/desjardinsmunicipal.com\/?s={search_term_string}"},"query-input":{"@type":"PropertyValueSpecification","valueRequired":true,"valueName":"search_term_string"}}],"inLanguage":"en-US"}]}},"_links":{"self":[{"href":"https:\/\/desjardinsmunicipal.com\/en\/wp-json\/wp\/v2\/pages\/838942","targetHints":{"allow":["GET"]}}],"collection":[{"href":"https:\/\/desjardinsmunicipal.com\/en\/wp-json\/wp\/v2\/pages"}],"about":[{"href":"https:\/\/desjardinsmunicipal.com\/en\/wp-json\/wp\/v2\/types\/page"}],"author":[{"embeddable":true,"href":"https:\/\/desjardinsmunicipal.com\/en\/wp-json\/wp\/v2\/users\/2"}],"replies":[{"embeddable":true,"href":"https:\/\/desjardinsmunicipal.com\/en\/wp-json\/wp\/v2\/comments?post=838942"}],"version-history":[{"count":2,"href":"https:\/\/desjardinsmunicipal.com\/en\/wp-json\/wp\/v2\/pages\/838942\/revisions"}],"predecessor-version":[{"id":838947,"href":"https:\/\/desjardinsmunicipal.com\/en\/wp-json\/wp\/v2\/pages\/838942\/revisions\/838947"}],"up":[{"embeddable":true,"href":"https:\/\/desjardinsmunicipal.com\/en\/wp-json\/wp\/v2\/pages\/838896"}],"wp:attachment":[{"href":"https:\/\/desjardinsmunicipal.com\/en\/wp-json\/wp\/v2\/media?parent=838942"}],"curies":[{"name":"wp","href":"https:\/\/api.w.org\/{rel}","templated":true}]}}