{"id":838948,"date":"2016-08-20T10:25:55","date_gmt":"2016-08-20T14:25:55","guid":{"rendered":"https:\/\/desjardinsmunicipal.com\/products\/assurances-de-groupe\/"},"modified":"2026-05-07T16:59:04","modified_gmt":"2026-05-07T20:59:04","slug":"group-insurance","status":"publish","type":"page","link":"https:\/\/desjardinsmunicipal.com\/en\/products\/group-insurance\/","title":{"rendered":"Group insurance"},"content":{"rendered":"<div class=\"wpb-content-wrapper\"><p>[vc_row type=&#8221;full_width_section&#8221; bg_image=&#8221;16032&#8243; bg_color=&#8221;#f9f9f9&#8243; top_padding=&#8221;250&#8243; bottom_padding=&#8221;140&#8243; class=&#8221;page-header&#8221;][vc_column width=&#8221;1\/1&#8243; el_class=&#8221;page-header-content&#8221;]<h1 class=\"headline font-special fontsize-xxxl fontweight-inherit lh-inherit align-center transform-uppercase \" style=\"margin: 0;\">Group insurance<\/h1>[\/vc_column][\/vc_row][vc_row bg_color=&#8221;#231f20&#8243; class=&#8221;bloc-dark section-assurance&#8221;][vc_column width=&#8221;1\/1&#8243;]<h3 class=\"headline font-inherit fontsize-inherit fontweight-inherit lh-inherit align-center transform-inherit \" style=\"margin: 0 0 20px 0; color: #009f67;\">Car, home and business insurance<\/h3>[vc_column_text]<\/p>\n<ul>\n<li style=\"text-align: center;\">Exclusive&nbsp; group rates and additional savings<\/li>\n<li style=\"text-align: center;\">Coverage tailored to your specific needs<\/li>\n<li style=\"text-align: center;\">The Personal\u2019s touch with our attentive service<\/li>\n<\/ul>\n<p>[\/vc_column_text][\/vc_column][\/vc_row][vc_row gap=&#8221;35&#8243; type=&#8221;full_width_section&#8221; class=&#8221;bloc-one-third&#8221;][vc_column bg_image=&#8221;812346&#8243; width=&#8221;1\/3&#8243;][\/vc_column][vc_column column_padding=&#8221;padding-3&#8243; column_center=&#8221;true&#8221; width=&#8221;2\/3&#8243;][vc_row_inner][vc_column_inner width=&#8221;2\/3&#8243;]<div class=\"spacer\" style=\"height: 20px;\"><\/div><h2 class=\"headline font-inherit fontsize-xxl fontweight-700 lh-12 align-center transform-inherit \" style=\"margin: 0 0 20px 0; color: #009f67;\">The Personal, a trusted partner<\/h2><div class=\"spacer\" style=\"height: 10px;\"><\/div>[vc_column_text]<\/p>\n<p><span style=\"color: #231f20;\">As a municipal employee, you have access to exclusive rates and additional savings on your auto, home, and business insurance!<\/span><\/p>\n<ul style=\"margin-bottom: 0;\">\n<li>96% of policyholders renew their contracts year after year<\/li>\n<li>Quebec\u2019s #1 group insurer and one of Canada\u2019s leaders<\/li>\n<li>40 years of experience as of 2014<\/li>\n<li>More than 9 out of 10 clients would recommend us to a friend after filing a claim<\/li>\n<\/ul>\n<p>[\/vc_column_text][\/vc_column_inner][vc_column_inner width=&#8221;1\/3&#8243;][vc_raw_html css=&#8221;.vc_custom_1683052305428{margin-top: 20px !important;}&#8221; el_class=&#8221;hide_mobile&#8221;]JTNDZGl2JTIwc3R5bGUlM0QlMjJwb3NpdGlvbiUzQXJlbGF0aXZlJTNCJTIwdG9wJTNBNjVweCUzQiUyMiUzRSUzQ2lmcmFtZSUyMGNsYXNzJTNEJTIyb3B0YW5vbi1jYXRlZ29yeS1DMDAwNCUyMiUyMHdpZHRoJTNEJTIyMzAxcHglMjIlMjBoZWlnaHQlM0QlMjIyNjJweCUyMiUyMHNjcm9sbGluZyUzRCUyMm5vJTIyJTIwZnJhbWVib3JkZXIlM0QlMjIwJTIyJTIwZGF0YS1zcmMlM0QlMjIlMjBodHRwcyUzQSUyRiUyRnByb21vLmxhcGVyc29ubmVsbGUuY29tJTJGcXVvdGVycy1leHBvcnRhYmxlcyUyRmxhcGVyc29ubmVsbGUlMkYyMDE3X3F1b3Rlci1scGljLTI1MHgyNTBfcWMtZnIuYXNweCUzRmdycCUzRGNkcmVzZWF1JTI2Y2FtcGFnbmUlM0RvZjQwNTQwMSUyNnV0bV9zb3VyY2UlM0RzaXRlcy1leHRlcm5lcyUyNnV0bV9jYW1wYWlnbiUzRGFjdGlvbiUyNnV0bV9tZWRpdW0lM0RiYW5uZXJzJTIwJTIyJTNFJTNDJTJGaWZyYW1lJTNFJTNDJTJGZGl2JTNF[\/vc_raw_html][\/vc_column_inner][\/vc_row_inner][vc_raw_html el_class=&#8221;hide_desktop&#8221;]JTNDZGl2JTIwc3R5bGUlM0QlMjJwb3NpdGlvbiUzQXJlbGF0aXZlJTNCJTIwdG9wJTNBMHB4JTNCJTIyJTNFJTNDaWZyYW1lJTIwY2xhc3MlM0QlMjJvcHRhbm9uLWNhdGVnb3J5LUMwMDA0JTIyJTIwd2lkdGglM0QlMjIzMDFweCUyMiUyMGhlaWdodCUzRCUyMjI2MnB4JTIyJTIwc2Nyb2xsaW5nJTNEJTIybm8lMjIlMjBmcmFtZWJvcmRlciUzRCUyMjAlMjIlMjBkYXRhLXNyYyUzRCUyMiUyMGh0dHBzJTNBJTJGJTJGcHJvbW8ubGFwZXJzb25uZWxsZS5jb20lMkZxdW90ZXJzLWV4cG9ydGFibGVzJTJGbGFwZXJzb25uZWxsZSUyRjIwMTdfcXVvdGVyLWxwaWMtMjUweDI1MF9xYy1mci5hc3B4JTNGZ3JwJTNEY2RyZXNlYXUlMjZjYW1wYWduZSUzRG9mNDA1NDAxJTI2dXRtX3NvdXJjZSUzRHNpdGVzLWV4dGVybmVzJTI2dXRtX2NhbXBhaWduJTNEYWN0aW9uJTI2dXRtX21lZGl1bSUzRGJhbm5lcnMlMjAlMjIlM0UlM0MlMkZpZnJhbWUlM0UlM0MlMkZkaXYlM0U=[\/vc_raw_html][vc_row_inner][vc_column_inner][\/vc_column_inner][\/vc_row_inner][vc_row_inner el_class=&#8221;margin-fix&#8221;][vc_column_inner width=&#8221;1\/3&#8243;]<h3 class=\"headline font-inherit fontsize-xxl fontweight-700 lh-inherit align-left transform-inherit \" style=\"margin: -10px 0 0 0; color: #009f67;\">1 888 476-8737<\/h3>[\/vc_column_inner][vc_column_inner width=&#8221;1\/3&#8243;]<div class=\"single_image wpb_content_element align-left   \" data-animation=\"none\" data-delay=\"0\"><img loading=\"lazy\" decoding=\"async\" width=\"153\" height=\"91\" src=\"https:\/\/desjardinsmunicipal.com\/wp-content\/uploads\/2016\/08\/logo-personnelle.jpg\" class=\"attachment-full\" alt=\"\" title=\"logo-personnelle\" \/><\/div>[\/vc_column_inner][vc_column_inner width=&#8221;1\/3&#8243;][\/vc_column_inner][\/vc_row_inner][vc_column_text]<\/p>\n<p><span style=\"color: #231f20; font-size: 12px;\">Certain conditions apply. The Personal refers to The Personal General Insurance.<\/span><\/p>\n<p>[\/vc_column_text]<div class=\"spacer\" style=\"height: 0px;\"><\/div>[\/vc_column][\/vc_row]<\/p>\n<\/div>","protected":false},"excerpt":{"rendered":"<p>[vc_row type=&#8221;full_width_section&#8221; bg_image=&#8221;16032&#8243; bg_color=&#8221;#f9f9f9&#8243; top_padding=&#8221;250&#8243; bottom_padding=&#8221;140&#8243; class=&#8221;page-header&#8221;][vc_column width=&#8221;1\/1&#8243; el_class=&#8221;page-header-content&#8221;][\/vc_column][\/vc_row][vc_row bg_color=&#8221;#231f20&#8243; class=&#8221;bloc-dark section-assurance&#8221;][vc_column width=&#8221;1\/1&#8243;][vc_column_text] Exclusive&nbsp; group rates and additional savings Coverage tailored to your specific needs The Personal\u2019s touch with our attentive service [\/vc_column_text][\/vc_column][\/vc_row][vc_row gap=&#8221;35&#8243; type=&#8221;full_width_section&#8221; class=&#8221;bloc-one-third&#8221;][vc_column bg_image=&#8221;812346&#8243; width=&#8221;1\/3&#8243;][\/vc_column][vc_column column_padding=&#8221;padding-3&#8243; column_center=&#8221;true&#8221; width=&#8221;2\/3&#8243;][vc_row_inner][vc_column_inner width=&#8221;2\/3&#8243;][vc_column_text] As a municipal employee, you have access to exclusive rates and additional savings on your auto, home, and business insurance! 96% of policyholders renew their contracts year after year Quebec\u2019s #1 group insurer and one of Canada\u2019s leaders 40 years of experience as of 2014 More than 9 out of 10 clients would recommend us to a friend after filing a claim [\/vc_column_text][\/vc_column_inner][vc_column_inner width=&#8221;1\/3&#8243;][vc_raw_html css=&#8221;.vc_custom_1683052305428{margin-top: 20px !important;}&#8221; el_class=&#8221;hide_mobile&#8221;]JTNDZGl2JTIwc3R5bGUlM0QlMjJwb3NpdGlvbiUzQXJlbGF0aXZlJTNCJTIwdG9wJTNBNjVweCUzQiUyMiUzRSUzQ2lmcmFtZSUyMGNsYXNzJTNEJTIyb3B0YW5vbi1jYXRlZ29yeS1DMDAwNCUyMiUyMHdpZHRoJTNEJTIyMzAxcHglMjIlMjBoZWlnaHQlM0QlMjIyNjJweCUyMiUyMHNjcm9sbGluZyUzRCUyMm5vJTIyJTIwZnJhbWVib3JkZXIlM0QlMjIwJTIyJTIwZGF0YS1zcmMlM0QlMjIlMjBodHRwcyUzQSUyRiUyRnByb21vLmxhcGVyc29ubmVsbGUuY29tJTJGcXVvdGVycy1leHBvcnRhYmxlcyUyRmxhcGVyc29ubmVsbGUlMkYyMDE3X3F1b3Rlci1scGljLTI1MHgyNTBfcWMtZnIuYXNweCUzRmdycCUzRGNkcmVzZWF1JTI2Y2FtcGFnbmUlM0RvZjQwNTQwMSUyNnV0bV9zb3VyY2UlM0RzaXRlcy1leHRlcm5lcyUyNnV0bV9jYW1wYWlnbiUzRGFjdGlvbiUyNnV0bV9tZWRpdW0lM0RiYW5uZXJzJTIwJTIyJTNFJTNDJTJGaWZyYW1lJTNFJTNDJTJGZGl2JTNF[\/vc_raw_html][\/vc_column_inner][\/vc_row_inner][vc_raw_html el_class=&#8221;hide_desktop&#8221;]JTNDZGl2JTIwc3R5bGUlM0QlMjJwb3NpdGlvbiUzQXJlbGF0aXZlJTNCJTIwdG9wJTNBMHB4JTNCJTIyJTNFJTNDaWZyYW1lJTIwY2xhc3MlM0QlMjJvcHRhbm9uLWNhdGVnb3J5LUMwMDA0JTIyJTIwd2lkdGglM0QlMjIzMDFweCUyMiUyMGhlaWdodCUzRCUyMjI2MnB4JTIyJTIwc2Nyb2xsaW5nJTNEJTIybm8lMjIlMjBmcmFtZWJvcmRlciUzRCUyMjAlMjIlMjBkYXRhLXNyYyUzRCUyMiUyMGh0dHBzJTNBJTJGJTJGcHJvbW8ubGFwZXJzb25uZWxsZS5jb20lMkZxdW90ZXJzLWV4cG9ydGFibGVzJTJGbGFwZXJzb25uZWxsZSUyRjIwMTdfcXVvdGVyLWxwaWMtMjUweDI1MF9xYy1mci5hc3B4JTNGZ3JwJTNEY2RyZXNlYXUlMjZjYW1wYWduZSUzRG9mNDA1NDAxJTI2dXRtX3NvdXJjZSUzRHNpdGVzLWV4dGVybmVzJTI2dXRtX2NhbXBhaWduJTNEYWN0aW9uJTI2dXRtX21lZGl1bSUzRGJhbm5lcnMlMjAlMjIlM0UlM0MlMkZpZnJhbWUlM0UlM0MlMkZkaXYlM0U=[\/vc_raw_html][vc_row_inner][vc_column_inner][\/vc_column_inner][\/vc_row_inner][vc_row_inner el_class=&#8221;margin-fix&#8221;][vc_column_inner width=&#8221;1\/3&#8243;][\/vc_column_inner][vc_column_inner width=&#8221;1\/3&#8243;][\/vc_column_inner][vc_column_inner width=&#8221;1\/3&#8243;][\/vc_column_inner][\/vc_row_inner][vc_column_text] Certain conditions apply. The Personal refers to The Personal General Insurance. [\/vc_column_text][\/vc_column][\/vc_row]<\/p>\n","protected":false},"author":2,"featured_media":0,"parent":838896,"menu_order":-1001,"comment_status":"closed","ping_status":"closed","template":"","meta":{"_acf_changed":false,"footnotes":""},"class_list":["post-838948","page","type-page","status-publish","hentry"],"acf":[],"yoast_head":"<!-- This site is optimized with the Yoast SEO plugin v27.5 - https:\/\/yoast.com\/product\/yoast-seo-wordpress\/ -->\n<title>Group insurance | Caisse Desjardins du R\u00e9seau municipal<\/title>\n<meta name=\"description\" content=\"Les employ\u00e9s municipaux ont le privil\u00e8ge d\u2019avoir des tarifs de groupes exclusifs pour les assurances auto, habitation et entreprise avec La Personnelle.\" \/>\n<meta name=\"robots\" content=\"index, follow, max-snippet:-1, max-image-preview:large, max-video-preview:-1\" \/>\n<link rel=\"canonical\" href=\"https:\/\/desjardinsmunicipal.com\/en\/products\/group-insurance\/\" \/>\n<meta property=\"og:locale\" content=\"en_US\" \/>\n<meta property=\"og:type\" content=\"article\" \/>\n<meta property=\"og:title\" content=\"Group insurance | Caisse Desjardins du R\u00e9seau municipal\" \/>\n<meta property=\"og:description\" content=\"Les employ\u00e9s municipaux ont le privil\u00e8ge d\u2019avoir des tarifs de groupes exclusifs pour les assurances auto, habitation et entreprise avec La Personnelle.\" \/>\n<meta property=\"og:url\" content=\"https:\/\/desjardinsmunicipal.com\/en\/products\/group-insurance\/\" \/>\n<meta property=\"og:site_name\" content=\"Desjardins Municipal\" \/>\n<meta property=\"article:modified_time\" content=\"2026-05-07T20:59:04+00:00\" \/>\n<meta name=\"twitter:card\" content=\"summary_large_image\" \/>\n<meta name=\"twitter:label1\" content=\"Est. reading time\" \/>\n\t<meta name=\"twitter:data1\" content=\"1 minute\" \/>\n<script type=\"application\/ld+json\" class=\"yoast-schema-graph\">{\"@context\":\"https:\\\/\\\/schema.org\",\"@graph\":[{\"@type\":\"WebPage\",\"@id\":\"https:\\\/\\\/desjardinsmunicipal.com\\\/en\\\/products\\\/group-insurance\\\/\",\"url\":\"https:\\\/\\\/desjardinsmunicipal.com\\\/en\\\/products\\\/group-insurance\\\/\",\"name\":\"Group insurance | Caisse Desjardins du R\u00e9seau municipal\",\"isPartOf\":{\"@id\":\"https:\\\/\\\/desjardinsmunicipal.com\\\/#website\"},\"datePublished\":\"2016-08-20T14:25:55+00:00\",\"dateModified\":\"2026-05-07T20:59:04+00:00\",\"description\":\"Les employ\u00e9s municipaux ont le privil\u00e8ge d\u2019avoir des tarifs de groupes exclusifs pour les assurances auto, habitation et entreprise avec La Personnelle.\",\"breadcrumb\":{\"@id\":\"https:\\\/\\\/desjardinsmunicipal.com\\\/en\\\/products\\\/group-insurance\\\/#breadcrumb\"},\"inLanguage\":\"en-US\",\"potentialAction\":[{\"@type\":\"ReadAction\",\"target\":[\"https:\\\/\\\/desjardinsmunicipal.com\\\/en\\\/products\\\/group-insurance\\\/\"]}]},{\"@type\":\"BreadcrumbList\",\"@id\":\"https:\\\/\\\/desjardinsmunicipal.com\\\/en\\\/products\\\/group-insurance\\\/#breadcrumb\",\"itemListElement\":[{\"@type\":\"ListItem\",\"position\":1,\"name\":\"Accueil\",\"item\":\"https:\\\/\\\/desjardinsmunicipal.com\\\/en\\\/\"},{\"@type\":\"ListItem\",\"position\":2,\"name\":\"Products\",\"item\":\"https:\\\/\\\/desjardinsmunicipal.com\\\/en\\\/products\\\/\"},{\"@type\":\"ListItem\",\"position\":3,\"name\":\"Group insurance\"}]},{\"@type\":\"WebSite\",\"@id\":\"https:\\\/\\\/desjardinsmunicipal.com\\\/#website\",\"url\":\"https:\\\/\\\/desjardinsmunicipal.com\\\/\",\"name\":\"Desjardins Municipal\",\"description\":\"\",\"potentialAction\":[{\"@type\":\"SearchAction\",\"target\":{\"@type\":\"EntryPoint\",\"urlTemplate\":\"https:\\\/\\\/desjardinsmunicipal.com\\\/?s={search_term_string}\"},\"query-input\":{\"@type\":\"PropertyValueSpecification\",\"valueRequired\":true,\"valueName\":\"search_term_string\"}}],\"inLanguage\":\"en-US\"}]}<\/script>\n<!-- \/ Yoast SEO plugin. -->","yoast_head_json":{"title":"Group insurance | Caisse Desjardins du R\u00e9seau municipal","description":"Les employ\u00e9s municipaux ont le privil\u00e8ge d\u2019avoir des tarifs de groupes exclusifs pour les assurances auto, habitation et entreprise avec La Personnelle.","robots":{"index":"index","follow":"follow","max-snippet":"max-snippet:-1","max-image-preview":"max-image-preview:large","max-video-preview":"max-video-preview:-1"},"canonical":"https:\/\/desjardinsmunicipal.com\/en\/products\/group-insurance\/","og_locale":"en_US","og_type":"article","og_title":"Group insurance | Caisse Desjardins du R\u00e9seau municipal","og_description":"Les employ\u00e9s municipaux ont le privil\u00e8ge d\u2019avoir des tarifs de groupes exclusifs pour les assurances auto, habitation et entreprise avec La Personnelle.","og_url":"https:\/\/desjardinsmunicipal.com\/en\/products\/group-insurance\/","og_site_name":"Desjardins Municipal","article_modified_time":"2026-05-07T20:59:04+00:00","twitter_card":"summary_large_image","twitter_misc":{"Est. reading time":"1 minute"},"schema":{"@context":"https:\/\/schema.org","@graph":[{"@type":"WebPage","@id":"https:\/\/desjardinsmunicipal.com\/en\/products\/group-insurance\/","url":"https:\/\/desjardinsmunicipal.com\/en\/products\/group-insurance\/","name":"Group insurance | Caisse Desjardins du R\u00e9seau municipal","isPartOf":{"@id":"https:\/\/desjardinsmunicipal.com\/#website"},"datePublished":"2016-08-20T14:25:55+00:00","dateModified":"2026-05-07T20:59:04+00:00","description":"Les employ\u00e9s municipaux ont le privil\u00e8ge d\u2019avoir des tarifs de groupes exclusifs pour les assurances auto, habitation et entreprise avec La Personnelle.","breadcrumb":{"@id":"https:\/\/desjardinsmunicipal.com\/en\/products\/group-insurance\/#breadcrumb"},"inLanguage":"en-US","potentialAction":[{"@type":"ReadAction","target":["https:\/\/desjardinsmunicipal.com\/en\/products\/group-insurance\/"]}]},{"@type":"BreadcrumbList","@id":"https:\/\/desjardinsmunicipal.com\/en\/products\/group-insurance\/#breadcrumb","itemListElement":[{"@type":"ListItem","position":1,"name":"Accueil","item":"https:\/\/desjardinsmunicipal.com\/en\/"},{"@type":"ListItem","position":2,"name":"Products","item":"https:\/\/desjardinsmunicipal.com\/en\/products\/"},{"@type":"ListItem","position":3,"name":"Group insurance"}]},{"@type":"WebSite","@id":"https:\/\/desjardinsmunicipal.com\/#website","url":"https:\/\/desjardinsmunicipal.com\/","name":"Desjardins Municipal","description":"","potentialAction":[{"@type":"SearchAction","target":{"@type":"EntryPoint","urlTemplate":"https:\/\/desjardinsmunicipal.com\/?s={search_term_string}"},"query-input":{"@type":"PropertyValueSpecification","valueRequired":true,"valueName":"search_term_string"}}],"inLanguage":"en-US"}]}},"_links":{"self":[{"href":"https:\/\/desjardinsmunicipal.com\/en\/wp-json\/wp\/v2\/pages\/838948","targetHints":{"allow":["GET"]}}],"collection":[{"href":"https:\/\/desjardinsmunicipal.com\/en\/wp-json\/wp\/v2\/pages"}],"about":[{"href":"https:\/\/desjardinsmunicipal.com\/en\/wp-json\/wp\/v2\/types\/page"}],"author":[{"embeddable":true,"href":"https:\/\/desjardinsmunicipal.com\/en\/wp-json\/wp\/v2\/users\/2"}],"replies":[{"embeddable":true,"href":"https:\/\/desjardinsmunicipal.com\/en\/wp-json\/wp\/v2\/comments?post=838948"}],"version-history":[{"count":5,"href":"https:\/\/desjardinsmunicipal.com\/en\/wp-json\/wp\/v2\/pages\/838948\/revisions"}],"predecessor-version":[{"id":838953,"href":"https:\/\/desjardinsmunicipal.com\/en\/wp-json\/wp\/v2\/pages\/838948\/revisions\/838953"}],"up":[{"embeddable":true,"href":"https:\/\/desjardinsmunicipal.com\/en\/wp-json\/wp\/v2\/pages\/838896"}],"wp:attachment":[{"href":"https:\/\/desjardinsmunicipal.com\/en\/wp-json\/wp\/v2\/media?parent=838948"}],"curies":[{"name":"wp","href":"https:\/\/api.w.org\/{rel}","templated":true}]}}