{"id":838957,"date":"2019-04-17T10:04:28","date_gmt":"2019-04-17T14:04:28","guid":{"rendered":"https:\/\/desjardinsmunicipal.com\/jeunesse\/"},"modified":"2026-05-07T17:10:05","modified_gmt":"2026-05-07T21:10:05","slug":"youth","status":"publish","type":"page","link":"https:\/\/desjardinsmunicipal.com\/en\/youth\/","title":{"rendered":"Youth"},"content":{"rendered":"<div class=\"wpb-content-wrapper\"><p>[vc_row type=&#8221;full_width_section&#8221; bg_image=&#8221;17282&#8243; bg_color=&#8221;#f9f9f9&#8243; top_padding=&#8221;250&#8243; bottom_padding=&#8221;140&#8243; class=&#8221;page-header&#8221;][vc_column width=&#8221;1\/1&#8243; el_class=&#8221;page-header-content&#8221;]<h1 class=\"headline font-special fontsize-xxxl fontweight-inherit lh-inherit align-center transform-uppercase \" style=\"margin: 0;\">Youth<\/h1>[\/vc_column][\/vc_row][vc_row top_padding=&#8221;63&#8243; bottom_padding=&#8221;46&#8243; class=&#8221;page-grid&#8221; row_id=&#8221;produits&#8221;][vc_column width=&#8221;1\/2&#8243;][vc_row_inner][vc_column_inner el_class=&#8221;avantage-left&#8221; width=&#8221;1\/2&#8243;]<div class=\"single_image wpb_content_element align-left   \" data-animation=\"none\" data-delay=\"0\"><img loading=\"lazy\" decoding=\"async\" width=\"48\" height=\"32\" src=\"https:\/\/desjardinsmunicipal.com\/wp-content\/uploads\/2016\/08\/produits-ico-epargne.jpg\" class=\"attachment-full\" alt=\"\" title=\"produits-ico-epargne\" \/><\/div>[\/vc_column_inner][vc_column_inner el_class=&#8221;avantage-right&#8221; width=&#8221;1\/2&#8243;]<h2 class=\"headline font-inherit fontsize-inherit fontweight-500 lh-inherit align-center transform-uppercase \" style=\"margin: 0 0 20px 0; color: #009f67;\">Support scholarships<\/h2>[vc_column_text]Scholarships paid out as monthly allowances\u2014real, concrete support for our students!<\/p>\n<p>In 2024\u20132025, 16 scholarships of $1,200 will be awarded among our enrolled members. Two draws will be held every month throughout the school year.<\/p>\n<p>[\/vc_column_text]<a href=\"\/bourses\/\" target=\"_self\" class=\"button button-appear color-3 medium \" style=\"border-radius: 2px;\"><span>EN SAVOIR PLUS<i class='fa fa-chevron-right'><\/i><\/span><\/a>[\/vc_column_inner][\/vc_row_inner][\/vc_column][vc_column width=&#8221;1\/2&#8243;][vc_row_inner][vc_column_inner el_class=&#8221;avantage-left&#8221; width=&#8221;1\/2&#8243;]<div class=\"single_image wpb_content_element align-left   \" data-animation=\"none\" data-delay=\"0\"><img loading=\"lazy\" decoding=\"async\" width=\"49\" height=\"51\" src=\"https:\/\/desjardinsmunicipal.com\/wp-content\/uploads\/2016\/08\/produits-ico-assurances.jpg\" class=\"attachment-full\" alt=\"\" title=\"produits-ico-assurances\" \/><\/div>[\/vc_column_inner][vc_column_inner el_class=&#8221;avantage-right&#8221; width=&#8221;1\/2&#8243;]<h2 class=\"headline font-inherit fontsize-inherit fontweight-500 lh-inherit align-center transform-uppercase \" style=\"margin: 0 0 20px 0; color: #009f67;\">IPIQ aid fund<\/h2>[vc_column_text]Scholarship-based financial aid for students experiencing financial difficulties that could stand in the way of completing their studies at the IPIQ. <\/p>\n<p>Together, we can find the right solutions to help you succeed.<\/p>\n<p>[\/vc_column_text]<a href=\"\/aide-financiere\/\" target=\"_self\" class=\"button button-appear color-3 medium \" style=\"border-radius: 2px;\"><span>EN SAVOIR PLUS<i class='fa fa-chevron-right'><\/i><\/span><\/a>[\/vc_column_inner][\/vc_row_inner][\/vc_column][\/vc_row][vc_row top_padding=&#8221;63&#8243; bottom_padding=&#8221;46&#8243; class=&#8221;page-grid&#8221; row_id=&#8221;produits&#8221;][vc_column width=&#8221;1\/2&#8243;][vc_row_inner][vc_column_inner el_class=&#8221;avantage-left&#8221; width=&#8221;1\/2&#8243;]<div class=\"single_image wpb_content_element align-left   \" data-animation=\"none\" data-delay=\"0\"><img loading=\"lazy\" decoding=\"async\" width=\"49\" height=\"42\" src=\"https:\/\/desjardinsmunicipal.com\/wp-content\/uploads\/2019\/08\/ico-aide-financiere-noir.png\" class=\"attachment-full\" alt=\"\" title=\"ico-aide-financiere-noir\" \/><\/div>[\/vc_column_inner][vc_column_inner el_class=&#8221;avantage-right&#8221; width=&#8221;1\/2&#8243;]<h2 class=\"headline font-inherit fontsize-inherit fontweight-500 lh-inherit align-center transform-uppercase \" style=\"margin: 0 0 20px 0; color: #009f67;\">Scholarships from the Fondation du Coll\u00e8ge Montmorency<\/h2>[vc_column_text]We are pleased to award excellence and community involvement scholarships to Fire Safety Technology students at Coll\u00e8ge Montmorency who stand out for their inspiring journeys.[\/vc_column_text]<a href=\"\/produits\/bourses_montmorency\/\" target=\"_self\" class=\"button button-appear color-3 medium \" style=\"border-radius: 2px;\"><span>EN SAVOIR PLUS<i class='fa fa-chevron-right'><\/i><\/span><\/a>[\/vc_column_inner][\/vc_row_inner][\/vc_column][vc_column width=&#8221;1\/2&#8243;][vc_row_inner][vc_column_inner el_class=&#8221;avantage-left&#8221; width=&#8221;1\/2&#8243;]<div class=\"single_image wpb_content_element align-left   \" data-animation=\"none\" data-delay=\"0\"><img loading=\"lazy\" decoding=\"async\" width=\"49\" height=\"51\" src=\"https:\/\/desjardinsmunicipal.com\/wp-content\/uploads\/2016\/08\/produits-ico-etudiants.jpg\" class=\"attachment-full\" alt=\"\" title=\"produits-ico-etudiants\" \/><\/div>[\/vc_column_inner][vc_column_inner el_class=&#8221;avantage-right&#8221; width=&#8221;1\/2&#8243;]<h2 class=\"headline font-inherit fontsize-inherit fontweight-500 lh-inherit align-center transform-uppercase \" style=\"margin: 0 0 20px 0; color: #009f67;\">Student firefighter loan<\/h2>[vc_column_text]A loan of up to $25,000 to cover registration fees and tuition for students enrolled at the Acad\u00e9mie des pompiers de Mirabel.[\/vc_column_text]<a href=\"\/produits\/pret_etudiant\/\" target=\"_self\" class=\"button button-appear color-3 medium \" style=\"border-radius: 2px;\"><span>EN SAVOIR PLUS<i class='fa fa-chevron-right'><\/i><\/span><\/a>[\/vc_column_inner][\/vc_row_inner][\/vc_column][\/vc_row]<\/p>\n<\/div>","protected":false},"excerpt":{"rendered":"<p>[vc_row type=&#8221;full_width_section&#8221; bg_image=&#8221;17282&#8243; bg_color=&#8221;#f9f9f9&#8243; top_padding=&#8221;250&#8243; bottom_padding=&#8221;140&#8243; class=&#8221;page-header&#8221;][vc_column width=&#8221;1\/1&#8243; el_class=&#8221;page-header-content&#8221;][\/vc_column][\/vc_row][vc_row top_padding=&#8221;63&#8243; bottom_padding=&#8221;46&#8243; class=&#8221;page-grid&#8221; row_id=&#8221;produits&#8221;][vc_column width=&#8221;1\/2&#8243;][vc_row_inner][vc_column_inner el_class=&#8221;avantage-left&#8221; width=&#8221;1\/2&#8243;][\/vc_column_inner][vc_column_inner el_class=&#8221;avantage-right&#8221; width=&#8221;1\/2&#8243;][vc_column_text]Scholarships paid out as monthly allowances\u2014real, concrete support for our students! In 2024\u20132025, 16 scholarships of $1,200 will be awarded among our enrolled members. Two draws will be held every month throughout the school year. [\/vc_column_text][\/vc_column_inner][\/vc_row_inner][\/vc_column][vc_column width=&#8221;1\/2&#8243;][vc_row_inner][vc_column_inner el_class=&#8221;avantage-left&#8221; width=&#8221;1\/2&#8243;][\/vc_column_inner][vc_column_inner el_class=&#8221;avantage-right&#8221; width=&#8221;1\/2&#8243;][vc_column_text]Scholarship-based financial aid for students experiencing financial difficulties that could stand in the way of completing their studies at the IPIQ. Together, we can find the right solutions to help you succeed. [\/vc_column_text][\/vc_column_inner][\/vc_row_inner][\/vc_column][\/vc_row][vc_row top_padding=&#8221;63&#8243; bottom_padding=&#8221;46&#8243; class=&#8221;page-grid&#8221; row_id=&#8221;produits&#8221;][vc_column width=&#8221;1\/2&#8243;][vc_row_inner][vc_column_inner el_class=&#8221;avantage-left&#8221; width=&#8221;1\/2&#8243;][\/vc_column_inner][vc_column_inner el_class=&#8221;avantage-right&#8221; width=&#8221;1\/2&#8243;][vc_column_text]We are pleased to award excellence and community involvement scholarships to Fire Safety Technology students at Coll\u00e8ge Montmorency who stand out for their inspiring journeys.[\/vc_column_text][\/vc_column_inner][\/vc_row_inner][\/vc_column][vc_column width=&#8221;1\/2&#8243;][vc_row_inner][vc_column_inner el_class=&#8221;avantage-left&#8221; width=&#8221;1\/2&#8243;][\/vc_column_inner][vc_column_inner el_class=&#8221;avantage-right&#8221; width=&#8221;1\/2&#8243;][vc_column_text]A loan of up to $25,000 to cover registration fees and tuition for students enrolled at the Acad\u00e9mie des pompiers de Mirabel.[\/vc_column_text][\/vc_column_inner][\/vc_row_inner][\/vc_column][\/vc_row]<\/p>\n","protected":false},"author":4,"featured_media":0,"parent":0,"menu_order":-1475,"comment_status":"closed","ping_status":"closed","template":"","meta":{"_acf_changed":false,"footnotes":""},"class_list":["post-838957","page","type-page","status-publish","hentry"],"acf":[],"yoast_head":"<!-- This site is optimized with the Yoast SEO plugin v27.5 - https:\/\/yoast.com\/product\/yoast-seo-wordpress\/ -->\n<title>Youth | Caisse Desjardins du R\u00e9seau municipal<\/title>\n<meta name=\"description\" content=\"D\u00e9couvrez nos r\u00e9gimes d\u2019\u00e9pargne collectifs, notre solution en autoconstruction flexible, notre programme de pr\u00eats et bourses unique pour les \u00e9tudiants pompiers et nos assurances de groupes.\" \/>\n<meta name=\"robots\" content=\"index, follow, max-snippet:-1, max-image-preview:large, max-video-preview:-1\" \/>\n<link rel=\"canonical\" href=\"https:\/\/desjardinsmunicipal.com\/en\/youth\/\" \/>\n<meta property=\"og:locale\" content=\"en_US\" \/>\n<meta property=\"og:type\" content=\"article\" \/>\n<meta property=\"og:title\" content=\"Youth | Caisse Desjardins du R\u00e9seau municipal\" \/>\n<meta property=\"og:description\" content=\"D\u00e9couvrez nos r\u00e9gimes d\u2019\u00e9pargne collectifs, notre solution en autoconstruction flexible, notre programme de pr\u00eats et bourses unique pour les \u00e9tudiants pompiers et nos assurances de groupes.\" \/>\n<meta property=\"og:url\" content=\"https:\/\/desjardinsmunicipal.com\/en\/youth\/\" \/>\n<meta property=\"og:site_name\" content=\"Desjardins Municipal\" \/>\n<meta property=\"article:modified_time\" content=\"2026-05-07T21:10:05+00:00\" \/>\n<meta name=\"twitter:card\" content=\"summary_large_image\" \/>\n<meta name=\"twitter:label1\" content=\"Est. reading time\" \/>\n\t<meta name=\"twitter:data1\" content=\"2 minutes\" \/>\n<script type=\"application\/ld+json\" class=\"yoast-schema-graph\">{\"@context\":\"https:\\\/\\\/schema.org\",\"@graph\":[{\"@type\":\"WebPage\",\"@id\":\"https:\\\/\\\/desjardinsmunicipal.com\\\/en\\\/youth\\\/\",\"url\":\"https:\\\/\\\/desjardinsmunicipal.com\\\/en\\\/youth\\\/\",\"name\":\"Youth | Caisse Desjardins du R\u00e9seau municipal\",\"isPartOf\":{\"@id\":\"https:\\\/\\\/desjardinsmunicipal.com\\\/#website\"},\"datePublished\":\"2019-04-17T14:04:28+00:00\",\"dateModified\":\"2026-05-07T21:10:05+00:00\",\"description\":\"D\u00e9couvrez nos r\u00e9gimes d\u2019\u00e9pargne collectifs, notre solution en autoconstruction flexible, notre programme de pr\u00eats et bourses unique pour les \u00e9tudiants pompiers et nos assurances de groupes.\",\"breadcrumb\":{\"@id\":\"https:\\\/\\\/desjardinsmunicipal.com\\\/en\\\/youth\\\/#breadcrumb\"},\"inLanguage\":\"en-US\",\"potentialAction\":[{\"@type\":\"ReadAction\",\"target\":[\"https:\\\/\\\/desjardinsmunicipal.com\\\/en\\\/youth\\\/\"]}]},{\"@type\":\"BreadcrumbList\",\"@id\":\"https:\\\/\\\/desjardinsmunicipal.com\\\/en\\\/youth\\\/#breadcrumb\",\"itemListElement\":[{\"@type\":\"ListItem\",\"position\":1,\"name\":\"Accueil\",\"item\":\"https:\\\/\\\/desjardinsmunicipal.com\\\/en\\\/\"},{\"@type\":\"ListItem\",\"position\":2,\"name\":\"Youth\"}]},{\"@type\":\"WebSite\",\"@id\":\"https:\\\/\\\/desjardinsmunicipal.com\\\/#website\",\"url\":\"https:\\\/\\\/desjardinsmunicipal.com\\\/\",\"name\":\"Desjardins Municipal\",\"description\":\"\",\"potentialAction\":[{\"@type\":\"SearchAction\",\"target\":{\"@type\":\"EntryPoint\",\"urlTemplate\":\"https:\\\/\\\/desjardinsmunicipal.com\\\/?s={search_term_string}\"},\"query-input\":{\"@type\":\"PropertyValueSpecification\",\"valueRequired\":true,\"valueName\":\"search_term_string\"}}],\"inLanguage\":\"en-US\"}]}<\/script>\n<!-- \/ Yoast SEO plugin. -->","yoast_head_json":{"title":"Youth | Caisse Desjardins du R\u00e9seau municipal","description":"D\u00e9couvrez nos r\u00e9gimes d\u2019\u00e9pargne collectifs, notre solution en autoconstruction flexible, notre programme de pr\u00eats et bourses unique pour les \u00e9tudiants pompiers et nos assurances de groupes.","robots":{"index":"index","follow":"follow","max-snippet":"max-snippet:-1","max-image-preview":"max-image-preview:large","max-video-preview":"max-video-preview:-1"},"canonical":"https:\/\/desjardinsmunicipal.com\/en\/youth\/","og_locale":"en_US","og_type":"article","og_title":"Youth | Caisse Desjardins du R\u00e9seau municipal","og_description":"D\u00e9couvrez nos r\u00e9gimes d\u2019\u00e9pargne collectifs, notre solution en autoconstruction flexible, notre programme de pr\u00eats et bourses unique pour les \u00e9tudiants pompiers et nos assurances de groupes.","og_url":"https:\/\/desjardinsmunicipal.com\/en\/youth\/","og_site_name":"Desjardins Municipal","article_modified_time":"2026-05-07T21:10:05+00:00","twitter_card":"summary_large_image","twitter_misc":{"Est. reading time":"2 minutes"},"schema":{"@context":"https:\/\/schema.org","@graph":[{"@type":"WebPage","@id":"https:\/\/desjardinsmunicipal.com\/en\/youth\/","url":"https:\/\/desjardinsmunicipal.com\/en\/youth\/","name":"Youth | Caisse Desjardins du R\u00e9seau municipal","isPartOf":{"@id":"https:\/\/desjardinsmunicipal.com\/#website"},"datePublished":"2019-04-17T14:04:28+00:00","dateModified":"2026-05-07T21:10:05+00:00","description":"D\u00e9couvrez nos r\u00e9gimes d\u2019\u00e9pargne collectifs, notre solution en autoconstruction flexible, notre programme de pr\u00eats et bourses unique pour les \u00e9tudiants pompiers et nos assurances de groupes.","breadcrumb":{"@id":"https:\/\/desjardinsmunicipal.com\/en\/youth\/#breadcrumb"},"inLanguage":"en-US","potentialAction":[{"@type":"ReadAction","target":["https:\/\/desjardinsmunicipal.com\/en\/youth\/"]}]},{"@type":"BreadcrumbList","@id":"https:\/\/desjardinsmunicipal.com\/en\/youth\/#breadcrumb","itemListElement":[{"@type":"ListItem","position":1,"name":"Accueil","item":"https:\/\/desjardinsmunicipal.com\/en\/"},{"@type":"ListItem","position":2,"name":"Youth"}]},{"@type":"WebSite","@id":"https:\/\/desjardinsmunicipal.com\/#website","url":"https:\/\/desjardinsmunicipal.com\/","name":"Desjardins Municipal","description":"","potentialAction":[{"@type":"SearchAction","target":{"@type":"EntryPoint","urlTemplate":"https:\/\/desjardinsmunicipal.com\/?s={search_term_string}"},"query-input":{"@type":"PropertyValueSpecification","valueRequired":true,"valueName":"search_term_string"}}],"inLanguage":"en-US"}]}},"_links":{"self":[{"href":"https:\/\/desjardinsmunicipal.com\/en\/wp-json\/wp\/v2\/pages\/838957","targetHints":{"allow":["GET"]}}],"collection":[{"href":"https:\/\/desjardinsmunicipal.com\/en\/wp-json\/wp\/v2\/pages"}],"about":[{"href":"https:\/\/desjardinsmunicipal.com\/en\/wp-json\/wp\/v2\/types\/page"}],"author":[{"embeddable":true,"href":"https:\/\/desjardinsmunicipal.com\/en\/wp-json\/wp\/v2\/users\/4"}],"replies":[{"embeddable":true,"href":"https:\/\/desjardinsmunicipal.com\/en\/wp-json\/wp\/v2\/comments?post=838957"}],"version-history":[{"count":3,"href":"https:\/\/desjardinsmunicipal.com\/en\/wp-json\/wp\/v2\/pages\/838957\/revisions"}],"predecessor-version":[{"id":838961,"href":"https:\/\/desjardinsmunicipal.com\/en\/wp-json\/wp\/v2\/pages\/838957\/revisions\/838961"}],"wp:attachment":[{"href":"https:\/\/desjardinsmunicipal.com\/en\/wp-json\/wp\/v2\/media?parent=838957"}],"curies":[{"name":"wp","href":"https:\/\/api.w.org\/{rel}","templated":true}]}}