{"id":838977,"date":"2022-07-19T10:19:26","date_gmt":"2022-07-19T14:19:26","guid":{"rendered":"https:\/\/desjardinsmunicipal.com\/products\/bourses-dec-en-securite-incendie\/"},"modified":"2026-05-08T09:55:09","modified_gmt":"2026-05-08T13:55:09","slug":"montmorency-scholarships","status":"publish","type":"page","link":"https:\/\/desjardinsmunicipal.com\/en\/products\/montmorency-scholarships\/","title":{"rendered":"Scholarships to Fire Safety Technology"},"content":{"rendered":"<div class=\"wpb-content-wrapper\"><p>[vc_row type=&#8221;full_width_section&#8221; bg_image=&#8221;15783&#8243; bg_color=&#8221;#f9f9f9&#8243; top_padding=&#8221;250&#8243; bottom_padding=&#8221;140&#8243; class=&#8221;page-header&#8221;][vc_column width=&#8221;1\/1&#8243; el_class=&#8221;page-header-content&#8221;]<h1 class=\"headline font-special fontsize-xxxl fontweight-inherit lh-inherit align-center transform-uppercase \" style=\"margin: 0;\">Fondation du Coll\u00e8ge Montmorency scholarships<\/h1>[\/vc_column][\/vc_row][vc_row bg_color=&#8221;#231f20&#8243; class=&#8221;bloc-dark&#8221;][vc_column width=&#8221;1\/1&#8243;][vc_column_text]<\/p>\n<p style=\"text-align: center;\">In partnership with the Fondation du Coll\u00e8ge Montmorency, we award annual excellence and community involvement scholarships to Fire Safety Technology (DCS) students. All students enrolled in the program are automatically eligible.<\/p>\n<p>[\/vc_column_text][\/vc_column][\/vc_row][vc_row top_padding=&#8221;48&#8243; class=&#8221;bloc-conditions&#8221;][vc_column width=&#8221;1\/1&#8243;][vc_row_inner][vc_column_inner width=&#8221;1\/2&#8243;]<h3 class=\"headline font-inherit fontsize-s fontweight-700 lh-inherit align-left transform-inherit \" style=\"margin: 0 0 0 0; color: #009f67;\">Community involvement scholarships<\/h3>[vc_column_text]<\/p>\n<p><span style=\"color: #000000;\">Community involvement scholarships, totalling $700, are awarded to students who stand out through their engagement in student life, academic or extracurricular activities, and volunteer work.<\/span><\/p>\n<p><span style=\"color: #000000;\">Two scholarships of $350 will be awarded each spring at the Student Life Gala.<\/span><\/p>\n<p>&nbsp;<\/p>\n<p>[\/vc_column_text][\/vc_column_inner][vc_column_inner width=&#8221;1\/2&#8243;]<h3 class=\"headline font-inherit fontsize-s fontweight-700 lh-inherit align-left transform-inherit \" style=\"margin: 0 0 0 0; color: #009f67;\">Excellence scholarships<\/h3>[vc_column_text]<\/p>\n<p style=\"text-align: left;\">Excellence scholarships, totalling $2,200, are granted to students based on their academic achievements, with recipients selected by a committee reviewing end-of-year results.<\/p>\n<p style=\"text-align: left;\">Scholarships are handed out at the graduation ceremony, with one exception: the award for the standout first-year DCS student is presented at the welcome day held at the beginning of the school year.<\/p>\n<ul>\n<li style=\"text-align: left;\"><span style=\"color: #999999;\">$500 to a recipient in the first year of their DCS<\/span><\/li>\n<li style=\"text-align: left;\"><span style=\"color: #999999;\">$500 to a recipient in the second year of their DCS<\/span><\/li>\n<li style=\"text-align: left;\"><span style=\"color: #999999;\">$500 to a recipient in an intensive DCS program<\/span><\/li>\n<li style=\"text-align: left;\"><span style=\"color: #999999;\">$700 to a recipient studying Fire Safety Technology<\/span><\/li>\n<\/ul>\n<p>[\/vc_column_text]<div class=\"spacer\" style=\"height: 40px;\"><\/div>[\/vc_column_inner][\/vc_row_inner][\/vc_column][\/vc_row]<\/p>\n<\/div>","protected":false},"excerpt":{"rendered":"<p>[vc_row type=&#8221;full_width_section&#8221; bg_image=&#8221;15783&#8243; bg_color=&#8221;#f9f9f9&#8243; top_padding=&#8221;250&#8243; bottom_padding=&#8221;140&#8243; class=&#8221;page-header&#8221;][vc_column width=&#8221;1\/1&#8243; el_class=&#8221;page-header-content&#8221;][\/vc_column][\/vc_row][vc_row bg_color=&#8221;#231f20&#8243; class=&#8221;bloc-dark&#8221;][vc_column width=&#8221;1\/1&#8243;][vc_column_text] In partnership with the Fondation du Coll\u00e8ge Montmorency, we award annual excellence and community involvement scholarships to Fire Safety Technology (DCS) students. All students enrolled in the program are automatically eligible. [\/vc_column_text][\/vc_column][\/vc_row][vc_row top_padding=&#8221;48&#8243; class=&#8221;bloc-conditions&#8221;][vc_column width=&#8221;1\/1&#8243;][vc_row_inner][vc_column_inner width=&#8221;1\/2&#8243;][vc_column_text] Community involvement scholarships, totalling $700, are awarded to students who stand out through their engagement in student life, academic or extracurricular activities, and volunteer work. Two scholarships of $350 will be awarded each spring at the Student Life Gala. &nbsp; [\/vc_column_text][\/vc_column_inner][vc_column_inner width=&#8221;1\/2&#8243;][vc_column_text] Excellence scholarships, totalling $2,200, are granted to students based on their academic achievements, with recipients selected by a committee reviewing end-of-year results. Scholarships are handed out at the graduation ceremony, with one exception: the award for the standout first-year DCS student is presented at the welcome day held at the beginning of the school year. $500 to a recipient in the first year of their DCS $500 to a recipient in the second year of their DCS $500 to a recipient in an intensive DCS program $700 to a recipient studying Fire Safety Technology [\/vc_column_text][\/vc_column_inner][\/vc_row_inner][\/vc_column][\/vc_row]<\/p>\n","protected":false},"author":3,"featured_media":0,"parent":838896,"menu_order":-1001,"comment_status":"closed","ping_status":"closed","template":"","meta":{"_acf_changed":false,"footnotes":""},"class_list":["post-838977","page","type-page","status-publish","hentry"],"acf":[],"yoast_head":"<!-- This site is optimized with the Yoast SEO plugin v27.5 - https:\/\/yoast.com\/product\/yoast-seo-wordpress\/ -->\n<title>Scholarships to Fire Safety Technology | Caisse Desjardins du R\u00e9seau municipal<\/title>\n<meta name=\"description\" content=\"Des bourses d\u2019excellence et d\u2019engagement sont attribu\u00e9es aux \u00e9tudiants en Techniques en s\u00e9curit\u00e9 incendie du Coll\u00e8ge Montmorency.\" \/>\n<meta name=\"robots\" content=\"index, follow, max-snippet:-1, max-image-preview:large, max-video-preview:-1\" \/>\n<link rel=\"canonical\" href=\"https:\/\/desjardinsmunicipal.com\/en\/products\/montmorency-scholarships\/\" \/>\n<meta property=\"og:locale\" content=\"en_US\" \/>\n<meta property=\"og:type\" content=\"article\" \/>\n<meta property=\"og:title\" content=\"Scholarships to Fire Safety Technology | Caisse Desjardins du R\u00e9seau municipal\" \/>\n<meta property=\"og:description\" content=\"Des bourses d\u2019excellence et d\u2019engagement sont attribu\u00e9es aux \u00e9tudiants en Techniques en s\u00e9curit\u00e9 incendie du Coll\u00e8ge Montmorency.\" \/>\n<meta property=\"og:url\" content=\"https:\/\/desjardinsmunicipal.com\/en\/products\/montmorency-scholarships\/\" \/>\n<meta property=\"og:site_name\" content=\"Desjardins Municipal\" \/>\n<meta property=\"article:modified_time\" content=\"2026-05-08T13:55:09+00:00\" \/>\n<meta name=\"twitter:card\" content=\"summary_large_image\" \/>\n<meta name=\"twitter:label1\" content=\"Est. reading time\" \/>\n\t<meta name=\"twitter:data1\" content=\"2 minutes\" \/>\n<script type=\"application\/ld+json\" class=\"yoast-schema-graph\">{\"@context\":\"https:\\\/\\\/schema.org\",\"@graph\":[{\"@type\":\"WebPage\",\"@id\":\"https:\\\/\\\/desjardinsmunicipal.com\\\/en\\\/products\\\/montmorency-scholarships\\\/\",\"url\":\"https:\\\/\\\/desjardinsmunicipal.com\\\/en\\\/products\\\/montmorency-scholarships\\\/\",\"name\":\"Scholarships to Fire Safety Technology | Caisse Desjardins du R\u00e9seau municipal\",\"isPartOf\":{\"@id\":\"https:\\\/\\\/desjardinsmunicipal.com\\\/#website\"},\"datePublished\":\"2022-07-19T14:19:26+00:00\",\"dateModified\":\"2026-05-08T13:55:09+00:00\",\"description\":\"Des bourses d\u2019excellence et d\u2019engagement sont attribu\u00e9es aux \u00e9tudiants en Techniques en s\u00e9curit\u00e9 incendie du Coll\u00e8ge Montmorency.\",\"breadcrumb\":{\"@id\":\"https:\\\/\\\/desjardinsmunicipal.com\\\/en\\\/products\\\/montmorency-scholarships\\\/#breadcrumb\"},\"inLanguage\":\"en-US\",\"potentialAction\":[{\"@type\":\"ReadAction\",\"target\":[\"https:\\\/\\\/desjardinsmunicipal.com\\\/en\\\/products\\\/montmorency-scholarships\\\/\"]}]},{\"@type\":\"BreadcrumbList\",\"@id\":\"https:\\\/\\\/desjardinsmunicipal.com\\\/en\\\/products\\\/montmorency-scholarships\\\/#breadcrumb\",\"itemListElement\":[{\"@type\":\"ListItem\",\"position\":1,\"name\":\"Accueil\",\"item\":\"https:\\\/\\\/desjardinsmunicipal.com\\\/en\\\/\"},{\"@type\":\"ListItem\",\"position\":2,\"name\":\"Products\",\"item\":\"https:\\\/\\\/desjardinsmunicipal.com\\\/en\\\/products\\\/\"},{\"@type\":\"ListItem\",\"position\":3,\"name\":\"Scholarships to Fire Safety Technology\"}]},{\"@type\":\"WebSite\",\"@id\":\"https:\\\/\\\/desjardinsmunicipal.com\\\/#website\",\"url\":\"https:\\\/\\\/desjardinsmunicipal.com\\\/\",\"name\":\"Desjardins Municipal\",\"description\":\"\",\"potentialAction\":[{\"@type\":\"SearchAction\",\"target\":{\"@type\":\"EntryPoint\",\"urlTemplate\":\"https:\\\/\\\/desjardinsmunicipal.com\\\/?s={search_term_string}\"},\"query-input\":{\"@type\":\"PropertyValueSpecification\",\"valueRequired\":true,\"valueName\":\"search_term_string\"}}],\"inLanguage\":\"en-US\"}]}<\/script>\n<!-- \/ Yoast SEO plugin. -->","yoast_head_json":{"title":"Scholarships to Fire Safety Technology | Caisse Desjardins du R\u00e9seau municipal","description":"Des bourses d\u2019excellence et d\u2019engagement sont attribu\u00e9es aux \u00e9tudiants en Techniques en s\u00e9curit\u00e9 incendie du Coll\u00e8ge Montmorency.","robots":{"index":"index","follow":"follow","max-snippet":"max-snippet:-1","max-image-preview":"max-image-preview:large","max-video-preview":"max-video-preview:-1"},"canonical":"https:\/\/desjardinsmunicipal.com\/en\/products\/montmorency-scholarships\/","og_locale":"en_US","og_type":"article","og_title":"Scholarships to Fire Safety Technology | Caisse Desjardins du R\u00e9seau municipal","og_description":"Des bourses d\u2019excellence et d\u2019engagement sont attribu\u00e9es aux \u00e9tudiants en Techniques en s\u00e9curit\u00e9 incendie du Coll\u00e8ge Montmorency.","og_url":"https:\/\/desjardinsmunicipal.com\/en\/products\/montmorency-scholarships\/","og_site_name":"Desjardins Municipal","article_modified_time":"2026-05-08T13:55:09+00:00","twitter_card":"summary_large_image","twitter_misc":{"Est. reading time":"2 minutes"},"schema":{"@context":"https:\/\/schema.org","@graph":[{"@type":"WebPage","@id":"https:\/\/desjardinsmunicipal.com\/en\/products\/montmorency-scholarships\/","url":"https:\/\/desjardinsmunicipal.com\/en\/products\/montmorency-scholarships\/","name":"Scholarships to Fire Safety Technology | Caisse Desjardins du R\u00e9seau municipal","isPartOf":{"@id":"https:\/\/desjardinsmunicipal.com\/#website"},"datePublished":"2022-07-19T14:19:26+00:00","dateModified":"2026-05-08T13:55:09+00:00","description":"Des bourses d\u2019excellence et d\u2019engagement sont attribu\u00e9es aux \u00e9tudiants en Techniques en s\u00e9curit\u00e9 incendie du Coll\u00e8ge Montmorency.","breadcrumb":{"@id":"https:\/\/desjardinsmunicipal.com\/en\/products\/montmorency-scholarships\/#breadcrumb"},"inLanguage":"en-US","potentialAction":[{"@type":"ReadAction","target":["https:\/\/desjardinsmunicipal.com\/en\/products\/montmorency-scholarships\/"]}]},{"@type":"BreadcrumbList","@id":"https:\/\/desjardinsmunicipal.com\/en\/products\/montmorency-scholarships\/#breadcrumb","itemListElement":[{"@type":"ListItem","position":1,"name":"Accueil","item":"https:\/\/desjardinsmunicipal.com\/en\/"},{"@type":"ListItem","position":2,"name":"Products","item":"https:\/\/desjardinsmunicipal.com\/en\/products\/"},{"@type":"ListItem","position":3,"name":"Scholarships to Fire Safety Technology"}]},{"@type":"WebSite","@id":"https:\/\/desjardinsmunicipal.com\/#website","url":"https:\/\/desjardinsmunicipal.com\/","name":"Desjardins Municipal","description":"","potentialAction":[{"@type":"SearchAction","target":{"@type":"EntryPoint","urlTemplate":"https:\/\/desjardinsmunicipal.com\/?s={search_term_string}"},"query-input":{"@type":"PropertyValueSpecification","valueRequired":true,"valueName":"search_term_string"}}],"inLanguage":"en-US"}]}},"_links":{"self":[{"href":"https:\/\/desjardinsmunicipal.com\/en\/wp-json\/wp\/v2\/pages\/838977","targetHints":{"allow":["GET"]}}],"collection":[{"href":"https:\/\/desjardinsmunicipal.com\/en\/wp-json\/wp\/v2\/pages"}],"about":[{"href":"https:\/\/desjardinsmunicipal.com\/en\/wp-json\/wp\/v2\/types\/page"}],"author":[{"embeddable":true,"href":"https:\/\/desjardinsmunicipal.com\/en\/wp-json\/wp\/v2\/users\/3"}],"replies":[{"embeddable":true,"href":"https:\/\/desjardinsmunicipal.com\/en\/wp-json\/wp\/v2\/comments?post=838977"}],"version-history":[{"count":4,"href":"https:\/\/desjardinsmunicipal.com\/en\/wp-json\/wp\/v2\/pages\/838977\/revisions"}],"predecessor-version":[{"id":838982,"href":"https:\/\/desjardinsmunicipal.com\/en\/wp-json\/wp\/v2\/pages\/838977\/revisions\/838982"}],"up":[{"embeddable":true,"href":"https:\/\/desjardinsmunicipal.com\/en\/wp-json\/wp\/v2\/pages\/838896"}],"wp:attachment":[{"href":"https:\/\/desjardinsmunicipal.com\/en\/wp-json\/wp\/v2\/media?parent=838977"}],"curies":[{"name":"wp","href":"https:\/\/api.w.org\/{rel}","templated":true}]}}