{"id":839006,"date":"2016-10-20T16:09:35","date_gmt":"2016-10-20T20:09:35","guid":{"rendered":"https:\/\/desjardinsmunicipal.com\/self-building\/lautoconstruction-les-couts-et-la-mise-de-fonds\/"},"modified":"2026-05-08T14:56:28","modified_gmt":"2026-05-08T18:56:28","slug":"costs-and-down-payment","status":"publish","type":"page","link":"https:\/\/desjardinsmunicipal.com\/en\/self-building\/costs-and-down-payment\/","title":{"rendered":"Self-build costs and down payment"},"content":{"rendered":"<div class=\"wpb-content-wrapper\"><p>[vc_row type=&#8221;full_width_section&#8221; bg_image=&#8221;15986&#8243; bg_color=&#8221;#f9f9f9&#8243; top_padding=&#8221;250&#8243; bottom_padding=&#8221;140&#8243; class=&#8221;page-header&#8221;][vc_column width=&#8221;1\/1&#8243; el_class=&#8221;page-header-content&#8221;]<h1 class=\"headline font-special fontsize-xxxl fontweight-inherit lh-inherit align-center transform-uppercase \" style=\"margin: 0;\">Self-building<\/h1>[vc_column_text el_class=&#8221;nav-dossier&#8221;]<a href=\"https:\/\/desjardinsmunicipal.com\/en\/self-building\/self-building-step-by-step\/\">Steps<\/a> | <a href=\"https:\/\/desjardinsmunicipal.com\/en\/self-building\/assessments\/\">Assessments<\/a> | <a href=\"https:\/\/desjardinsmunicipal.com\/en\/self-building\/costs-and-down-payment\/\">Costs and down payment<\/a> |&nbsp;<a href=\"https:\/\/desjardinsmunicipal.com\/en\/self-building\/financing\/\">Financing<\/a> | <a href=\"https:\/\/desjardinsmunicipal.com\/en\/self-building\/documents-required\/\">Documents required<\/a> | <a href=\"https:\/\/desjardinsmunicipal.com\/en\/self-building\/selling-to-self-build\/\">Selling to self-build<\/a> | <a href=\"https:\/\/desjardinsmunicipal.com\/en\/self-building\/building-to-rent\/\">Building to rent<\/a>[\/vc_column_text][\/vc_column][\/vc_row][vc_row class=&#8221;bloc-light bloc-dossier&#8221;][vc_column width=&#8221;1\/1&#8243;]<h3 class=\"headline font-inherit fontsize-inherit fontweight-inherit lh-inherit align-center transform-inherit \" style=\"margin: 0 0 20px 0; color: #009f67;\">Self-build costs and down payment<\/h3><div class=\"spacer\" style=\"height: 30px;\"><\/div><h2 class=\"headline font-inherit fontsize-inherit fontweight-inherit lh-inherit align-center transform-inherit \" style=\"margin: 0 0 20px 0; color: #000000;\">Down payment<\/h2><div class=\"spacer\" style=\"height: 20px;\"><\/div>[vc_column_text]<\/p>\n<p>Our caisse can finance up to 80% of your project costs, including the land purchase price\u2014meaning that your down payment amounts to 20% of the total project cost.<\/p>\n<p>That 20% can come from a variety of sources: personal savings, a fully paid lot or partial equity in one, capital gains from a recently sold property, equity drawn from an existing property, or even a skills contribution (up to 10% of the cost)\u2014that is, labour you can provide yourself without incurring any costs.<\/p>\n<p>Bottom line: your down payment does not have to be all cash!<\/p>\n<p>[\/vc_column_text][\/vc_column][\/vc_row][vc_row top_padding=&#8221;0&#8243; class=&#8221;bloc-light bloc-dossier&#8221;][vc_column width=&#8221;1\/1&#8243;]<h2 class=\"headline font-inherit fontsize-inherit fontweight-inherit lh-inherit align-center transform-inherit \" style=\"margin: 0 0 20px 0; color: #000000;\">Construction costs<\/h2><div class=\"spacer\" style=\"height: 20px;\"><\/div>[vc_column_text]<\/p>\n<p>When building a home, it is essential to plan for all costs as thoroughly as possible, for each stage of your project, in the order in which the work will be carried out.<\/p>\n<p>You must carefully calculate both direct costs (building materials and labour) and indirect costs (permits, appraisal fees, certificates of location, notary or lawyer fees) to accurately determine your financing needs. To help you get started, we will provide a budget template you can use to estimate your construction costs.<\/p>\n<p>[\/vc_column_text]<div class=\"spacer\" style=\"height: 30px;\"><\/div>[\/vc_column][\/vc_row]<\/p>\n<\/div>","protected":false},"excerpt":{"rendered":"<p>[vc_row type=&#8221;full_width_section&#8221; bg_image=&#8221;15986&#8243; bg_color=&#8221;#f9f9f9&#8243; top_padding=&#8221;250&#8243; bottom_padding=&#8221;140&#8243; class=&#8221;page-header&#8221;][vc_column width=&#8221;1\/1&#8243; el_class=&#8221;page-header-content&#8221;][vc_column_text el_class=&#8221;nav-dossier&#8221;]Steps | Assessments | Costs and down payment |&nbsp;Financing | Documents required | Selling to self-build | Building to rent[\/vc_column_text][\/vc_column][\/vc_row][vc_row class=&#8221;bloc-light bloc-dossier&#8221;][vc_column width=&#8221;1\/1&#8243;][vc_column_text] Our caisse can finance up to 80% of your project costs, including the land purchase price\u2014meaning that your down payment amounts to 20% of the total project cost. That 20% can come from a variety of sources: personal savings, a fully paid lot or partial equity in one, capital gains from a recently sold property, equity drawn from an existing property, or even a skills contribution (up to 10% of the cost)\u2014that is, labour you can provide yourself without incurring any costs. Bottom line: your down payment does not have to be all cash! [\/vc_column_text][\/vc_column][\/vc_row][vc_row top_padding=&#8221;0&#8243; class=&#8221;bloc-light bloc-dossier&#8221;][vc_column width=&#8221;1\/1&#8243;][vc_column_text] When building a home, it is essential to plan for all costs as thoroughly as possible, for each stage of your project, in the order in which the work will be carried out. You must carefully calculate both direct costs (building materials and labour) and indirect costs (permits, appraisal fees, certificates of location, notary or lawyer fees) to accurately determine your financing needs. To help you get started, we [&hellip;]<\/p>\n","protected":false},"author":1,"featured_media":0,"parent":838983,"menu_order":30,"comment_status":"closed","ping_status":"closed","template":"","meta":{"_acf_changed":false,"footnotes":""},"class_list":["post-839006","page","type-page","status-publish","hentry"],"acf":[],"yoast_head":"<!-- This site is optimized with the Yoast SEO plugin v27.5 - https:\/\/yoast.com\/product\/yoast-seo-wordpress\/ -->\n<title>Self-build costs and down payment | Caisse Desjardins du R\u00e9seau municipal<\/title>\n<meta name=\"description\" content=\"Dans ce volet de notre dossier, vous d\u00e9couvrirez tout ce que vous devez savoir sur les co\u00fbts et la mise de fonds n\u00e9cessaires \u00e0 la r\u00e9alisation de votre projet.\" \/>\n<meta name=\"robots\" content=\"index, follow, max-snippet:-1, max-image-preview:large, max-video-preview:-1\" \/>\n<link rel=\"canonical\" href=\"https:\/\/desjardinsmunicipal.com\/en\/self-building\/costs-and-down-payment\/\" \/>\n<meta property=\"og:locale\" content=\"en_US\" \/>\n<meta property=\"og:type\" content=\"article\" \/>\n<meta property=\"og:title\" content=\"Self-build costs and down payment | Caisse Desjardins du R\u00e9seau municipal\" \/>\n<meta property=\"og:description\" content=\"Dans ce volet de notre dossier, vous d\u00e9couvrirez tout ce que vous devez savoir sur les co\u00fbts et la mise de fonds n\u00e9cessaires \u00e0 la r\u00e9alisation de votre projet.\" \/>\n<meta property=\"og:url\" content=\"https:\/\/desjardinsmunicipal.com\/en\/self-building\/costs-and-down-payment\/\" \/>\n<meta property=\"og:site_name\" content=\"Desjardins Municipal\" \/>\n<meta property=\"article:modified_time\" content=\"2026-05-08T18:56:28+00:00\" \/>\n<meta name=\"twitter:card\" content=\"summary_large_image\" \/>\n<meta name=\"twitter:label1\" content=\"Est. reading time\" \/>\n\t<meta name=\"twitter:data1\" content=\"2 minutes\" \/>\n<script type=\"application\/ld+json\" class=\"yoast-schema-graph\">{\"@context\":\"https:\\\/\\\/schema.org\",\"@graph\":[{\"@type\":\"WebPage\",\"@id\":\"https:\\\/\\\/desjardinsmunicipal.com\\\/en\\\/self-building\\\/costs-and-down-payment\\\/\",\"url\":\"https:\\\/\\\/desjardinsmunicipal.com\\\/en\\\/self-building\\\/costs-and-down-payment\\\/\",\"name\":\"Self-build costs and down payment | Caisse Desjardins du R\u00e9seau municipal\",\"isPartOf\":{\"@id\":\"https:\\\/\\\/desjardinsmunicipal.com\\\/#website\"},\"datePublished\":\"2016-10-20T20:09:35+00:00\",\"dateModified\":\"2026-05-08T18:56:28+00:00\",\"description\":\"Dans ce volet de notre dossier, vous d\u00e9couvrirez tout ce que vous devez savoir sur les co\u00fbts et la mise de fonds n\u00e9cessaires \u00e0 la r\u00e9alisation de votre projet.\",\"breadcrumb\":{\"@id\":\"https:\\\/\\\/desjardinsmunicipal.com\\\/en\\\/self-building\\\/costs-and-down-payment\\\/#breadcrumb\"},\"inLanguage\":\"en-US\",\"potentialAction\":[{\"@type\":\"ReadAction\",\"target\":[\"https:\\\/\\\/desjardinsmunicipal.com\\\/en\\\/self-building\\\/costs-and-down-payment\\\/\"]}]},{\"@type\":\"BreadcrumbList\",\"@id\":\"https:\\\/\\\/desjardinsmunicipal.com\\\/en\\\/self-building\\\/costs-and-down-payment\\\/#breadcrumb\",\"itemListElement\":[{\"@type\":\"ListItem\",\"position\":1,\"name\":\"Accueil\",\"item\":\"https:\\\/\\\/desjardinsmunicipal.com\\\/en\\\/\"},{\"@type\":\"ListItem\",\"position\":2,\"name\":\"Self-building\",\"item\":\"https:\\\/\\\/desjardinsmunicipal.com\\\/en\\\/self-building\\\/\"},{\"@type\":\"ListItem\",\"position\":3,\"name\":\"Self-build costs and down payment\"}]},{\"@type\":\"WebSite\",\"@id\":\"https:\\\/\\\/desjardinsmunicipal.com\\\/#website\",\"url\":\"https:\\\/\\\/desjardinsmunicipal.com\\\/\",\"name\":\"Desjardins Municipal\",\"description\":\"\",\"potentialAction\":[{\"@type\":\"SearchAction\",\"target\":{\"@type\":\"EntryPoint\",\"urlTemplate\":\"https:\\\/\\\/desjardinsmunicipal.com\\\/?s={search_term_string}\"},\"query-input\":{\"@type\":\"PropertyValueSpecification\",\"valueRequired\":true,\"valueName\":\"search_term_string\"}}],\"inLanguage\":\"en-US\"}]}<\/script>\n<!-- \/ Yoast SEO plugin. -->","yoast_head_json":{"title":"Self-build costs and down payment | Caisse Desjardins du R\u00e9seau municipal","description":"Dans ce volet de notre dossier, vous d\u00e9couvrirez tout ce que vous devez savoir sur les co\u00fbts et la mise de fonds n\u00e9cessaires \u00e0 la r\u00e9alisation de votre projet.","robots":{"index":"index","follow":"follow","max-snippet":"max-snippet:-1","max-image-preview":"max-image-preview:large","max-video-preview":"max-video-preview:-1"},"canonical":"https:\/\/desjardinsmunicipal.com\/en\/self-building\/costs-and-down-payment\/","og_locale":"en_US","og_type":"article","og_title":"Self-build costs and down payment | Caisse Desjardins du R\u00e9seau municipal","og_description":"Dans ce volet de notre dossier, vous d\u00e9couvrirez tout ce que vous devez savoir sur les co\u00fbts et la mise de fonds n\u00e9cessaires \u00e0 la r\u00e9alisation de votre projet.","og_url":"https:\/\/desjardinsmunicipal.com\/en\/self-building\/costs-and-down-payment\/","og_site_name":"Desjardins Municipal","article_modified_time":"2026-05-08T18:56:28+00:00","twitter_card":"summary_large_image","twitter_misc":{"Est. reading time":"2 minutes"},"schema":{"@context":"https:\/\/schema.org","@graph":[{"@type":"WebPage","@id":"https:\/\/desjardinsmunicipal.com\/en\/self-building\/costs-and-down-payment\/","url":"https:\/\/desjardinsmunicipal.com\/en\/self-building\/costs-and-down-payment\/","name":"Self-build costs and down payment | Caisse Desjardins du R\u00e9seau municipal","isPartOf":{"@id":"https:\/\/desjardinsmunicipal.com\/#website"},"datePublished":"2016-10-20T20:09:35+00:00","dateModified":"2026-05-08T18:56:28+00:00","description":"Dans ce volet de notre dossier, vous d\u00e9couvrirez tout ce que vous devez savoir sur les co\u00fbts et la mise de fonds n\u00e9cessaires \u00e0 la r\u00e9alisation de votre projet.","breadcrumb":{"@id":"https:\/\/desjardinsmunicipal.com\/en\/self-building\/costs-and-down-payment\/#breadcrumb"},"inLanguage":"en-US","potentialAction":[{"@type":"ReadAction","target":["https:\/\/desjardinsmunicipal.com\/en\/self-building\/costs-and-down-payment\/"]}]},{"@type":"BreadcrumbList","@id":"https:\/\/desjardinsmunicipal.com\/en\/self-building\/costs-and-down-payment\/#breadcrumb","itemListElement":[{"@type":"ListItem","position":1,"name":"Accueil","item":"https:\/\/desjardinsmunicipal.com\/en\/"},{"@type":"ListItem","position":2,"name":"Self-building","item":"https:\/\/desjardinsmunicipal.com\/en\/self-building\/"},{"@type":"ListItem","position":3,"name":"Self-build costs and down payment"}]},{"@type":"WebSite","@id":"https:\/\/desjardinsmunicipal.com\/#website","url":"https:\/\/desjardinsmunicipal.com\/","name":"Desjardins Municipal","description":"","potentialAction":[{"@type":"SearchAction","target":{"@type":"EntryPoint","urlTemplate":"https:\/\/desjardinsmunicipal.com\/?s={search_term_string}"},"query-input":{"@type":"PropertyValueSpecification","valueRequired":true,"valueName":"search_term_string"}}],"inLanguage":"en-US"}]}},"_links":{"self":[{"href":"https:\/\/desjardinsmunicipal.com\/en\/wp-json\/wp\/v2\/pages\/839006","targetHints":{"allow":["GET"]}}],"collection":[{"href":"https:\/\/desjardinsmunicipal.com\/en\/wp-json\/wp\/v2\/pages"}],"about":[{"href":"https:\/\/desjardinsmunicipal.com\/en\/wp-json\/wp\/v2\/types\/page"}],"author":[{"embeddable":true,"href":"https:\/\/desjardinsmunicipal.com\/en\/wp-json\/wp\/v2\/users\/1"}],"replies":[{"embeddable":true,"href":"https:\/\/desjardinsmunicipal.com\/en\/wp-json\/wp\/v2\/comments?post=839006"}],"version-history":[{"count":5,"href":"https:\/\/desjardinsmunicipal.com\/en\/wp-json\/wp\/v2\/pages\/839006\/revisions"}],"predecessor-version":[{"id":839045,"href":"https:\/\/desjardinsmunicipal.com\/en\/wp-json\/wp\/v2\/pages\/839006\/revisions\/839045"}],"up":[{"embeddable":true,"href":"https:\/\/desjardinsmunicipal.com\/en\/wp-json\/wp\/v2\/pages\/838983"}],"wp:attachment":[{"href":"https:\/\/desjardinsmunicipal.com\/en\/wp-json\/wp\/v2\/media?parent=839006"}],"curies":[{"name":"wp","href":"https:\/\/api.w.org\/{rel}","templated":true}]}}