{"id":839022,"date":"2016-10-20T17:02:43","date_gmt":"2016-10-20T21:02:43","guid":{"rendered":"https:\/\/desjardinsmunicipal.com\/self-building\/lautoconstruction-vendre-pour-sautoconstruire\/"},"modified":"2026-05-08T14:44:29","modified_gmt":"2026-05-08T18:44:29","slug":"selling-to-self-build","status":"publish","type":"page","link":"https:\/\/desjardinsmunicipal.com\/en\/self-building\/selling-to-self-build\/","title":{"rendered":"Selling your property to self-build"},"content":{"rendered":"<div class=\"wpb-content-wrapper\"><p>[vc_row type=&#8221;full_width_section&#8221; bg_image=&#8221;15986&#8243; bg_color=&#8221;#f9f9f9&#8243; top_padding=&#8221;250&#8243; bottom_padding=&#8221;140&#8243; class=&#8221;page-header&#8221;][vc_column width=&#8221;1\/1&#8243; el_class=&#8221;page-header-content&#8221;]<h1 class=\"headline font-special fontsize-xxxl fontweight-inherit lh-inherit align-center transform-uppercase \" style=\"margin: 0;\">Self-building<\/h1>[vc_column_text el_class=&#8221;nav-dossier&#8221;]<a href=\"https:\/\/desjardinsmunicipal.com\/en\/self-building\/self-building-step-by-step\/\">Steps<\/a> | <a href=\"https:\/\/desjardinsmunicipal.com\/en\/self-building\/assessments\/\">Assessments<\/a> | <a href=\"https:\/\/desjardinsmunicipal.com\/en\/self-building\/costs-and-down-payment\/\">Costs and down payment<\/a> |&nbsp;<a href=\"https:\/\/desjardinsmunicipal.com\/en\/self-building\/financing\/\">Financing<\/a> | <a href=\"https:\/\/desjardinsmunicipal.com\/en\/self-building\/documents-required\/\">Documents required<\/a> | <a href=\"https:\/\/desjardinsmunicipal.com\/en\/self-building\/selling-to-self-build\/\">Selling to self-build<\/a> | <a href=\"\/en\/self-building\/building-to-rent\/\">Building to rent<\/a>[\/vc_column_text][\/vc_column][\/vc_row][vc_row class=&#8221;bloc-light bloc-dossier&#8221;][vc_column width=&#8221;1\/1&#8243;]<h3 class=\"headline font-inherit fontsize-inherit fontweight-inherit lh-inherit align-center transform-inherit \" style=\"margin: 0 0 20px 0; color: #009f67;\">Selling your property to self-build<\/h3><div class=\"spacer\" style=\"height: 30px;\"><\/div>[vc_column_text]As a borrower, if you qualify to carry both your existing mortgage and the projected mortgage for your new build, we can open your file and move forward with the construction.<\/p>\n<p>If carrying two mortgages at once is not an option and you need to purchase land, there is a workable solution. We will disburse the land purchase amount once we have confirmation that your property is on the market and that you have the financial capacity to handle payments on your current property alongside the land financing. Construction can get underway upon presentation of the accepted purchase offer for your home and mortgage approval from your buyers, even before the sale is notarized.*<\/p>\n<p><span style=\"font-size: 10px;\">*The self-build procedures and rates described are subject to change without prior notice. Please reach out to your advisor with any questions.<\/span>[\/vc_column_text]<div class=\"spacer\" style=\"height: 30px;\"><\/div>[\/vc_column][\/vc_row]<\/p>\n<\/div>","protected":false},"excerpt":{"rendered":"<p>[vc_row type=&#8221;full_width_section&#8221; bg_image=&#8221;15986&#8243; bg_color=&#8221;#f9f9f9&#8243; top_padding=&#8221;250&#8243; bottom_padding=&#8221;140&#8243; class=&#8221;page-header&#8221;][vc_column width=&#8221;1\/1&#8243; el_class=&#8221;page-header-content&#8221;][vc_column_text el_class=&#8221;nav-dossier&#8221;]Steps | Assessments | Costs and down payment |&nbsp;Financing | Documents required | Selling to self-build | Building to rent[\/vc_column_text][\/vc_column][\/vc_row][vc_row class=&#8221;bloc-light bloc-dossier&#8221;][vc_column width=&#8221;1\/1&#8243;][vc_column_text]As a borrower, if you qualify to carry both your existing mortgage and the projected mortgage for your new build, we can open your file and move forward with the construction. If carrying two mortgages at once is not an option and you need to purchase land, there is a workable solution. We will disburse the land purchase amount once we have confirmation that your property is on the market and that you have the financial capacity to handle payments on your current property alongside the land financing. Construction can get underway upon presentation of the accepted purchase offer for your home and mortgage approval from your buyers, even before the sale is notarized.* *The self-build procedures and rates described are subject to change without prior notice. Please reach out to your advisor with any questions.[\/vc_column_text][\/vc_column][\/vc_row]<\/p>\n","protected":false},"author":1,"featured_media":0,"parent":838983,"menu_order":70,"comment_status":"closed","ping_status":"closed","template":"","meta":{"_acf_changed":false,"footnotes":""},"class_list":["post-839022","page","type-page","status-publish","hentry"],"acf":[],"yoast_head":"<!-- This site is optimized with the Yoast SEO plugin v27.5 - https:\/\/yoast.com\/product\/yoast-seo-wordpress\/ -->\n<title>Selling your property to self-build | Caisse Desjardins du R\u00e9seau municipal<\/title>\n<meta name=\"description\" content=\"Dans ce volet, vous saurez si vous vous qualifiez pour deux pr\u00eats hypoth\u00e9caires ou s&#039;il vous faudrait vendre votre propri\u00e9t\u00e9 pour en autoconstruire une autre.\" \/>\n<meta name=\"robots\" content=\"index, follow, max-snippet:-1, max-image-preview:large, max-video-preview:-1\" \/>\n<link rel=\"canonical\" href=\"https:\/\/desjardinsmunicipal.com\/en\/self-building\/selling-to-self-build\/\" \/>\n<meta property=\"og:locale\" content=\"en_US\" \/>\n<meta property=\"og:type\" content=\"article\" \/>\n<meta property=\"og:title\" content=\"Selling your property to self-build | Caisse Desjardins du R\u00e9seau municipal\" \/>\n<meta property=\"og:description\" content=\"Dans ce volet, vous saurez si vous vous qualifiez pour deux pr\u00eats hypoth\u00e9caires ou s&#039;il vous faudrait vendre votre propri\u00e9t\u00e9 pour en autoconstruire une autre.\" \/>\n<meta property=\"og:url\" content=\"https:\/\/desjardinsmunicipal.com\/en\/self-building\/selling-to-self-build\/\" \/>\n<meta property=\"og:site_name\" content=\"Desjardins Municipal\" \/>\n<meta property=\"article:modified_time\" content=\"2026-05-08T18:44:29+00:00\" \/>\n<meta name=\"twitter:card\" content=\"summary_large_image\" \/>\n<meta name=\"twitter:label1\" content=\"Est. reading time\" \/>\n\t<meta name=\"twitter:data1\" content=\"1 minute\" \/>\n<script type=\"application\/ld+json\" class=\"yoast-schema-graph\">{\"@context\":\"https:\\\/\\\/schema.org\",\"@graph\":[{\"@type\":\"WebPage\",\"@id\":\"https:\\\/\\\/desjardinsmunicipal.com\\\/en\\\/self-building\\\/selling-to-self-build\\\/\",\"url\":\"https:\\\/\\\/desjardinsmunicipal.com\\\/en\\\/self-building\\\/selling-to-self-build\\\/\",\"name\":\"Selling your property to self-build | Caisse Desjardins du R\u00e9seau municipal\",\"isPartOf\":{\"@id\":\"https:\\\/\\\/desjardinsmunicipal.com\\\/#website\"},\"datePublished\":\"2016-10-20T21:02:43+00:00\",\"dateModified\":\"2026-05-08T18:44:29+00:00\",\"description\":\"Dans ce volet, vous saurez si vous vous qualifiez pour deux pr\u00eats hypoth\u00e9caires ou s'il vous faudrait vendre votre propri\u00e9t\u00e9 pour en autoconstruire une autre.\",\"breadcrumb\":{\"@id\":\"https:\\\/\\\/desjardinsmunicipal.com\\\/en\\\/self-building\\\/selling-to-self-build\\\/#breadcrumb\"},\"inLanguage\":\"en-US\",\"potentialAction\":[{\"@type\":\"ReadAction\",\"target\":[\"https:\\\/\\\/desjardinsmunicipal.com\\\/en\\\/self-building\\\/selling-to-self-build\\\/\"]}]},{\"@type\":\"BreadcrumbList\",\"@id\":\"https:\\\/\\\/desjardinsmunicipal.com\\\/en\\\/self-building\\\/selling-to-self-build\\\/#breadcrumb\",\"itemListElement\":[{\"@type\":\"ListItem\",\"position\":1,\"name\":\"Accueil\",\"item\":\"https:\\\/\\\/desjardinsmunicipal.com\\\/en\\\/\"},{\"@type\":\"ListItem\",\"position\":2,\"name\":\"Self-building\",\"item\":\"https:\\\/\\\/desjardinsmunicipal.com\\\/en\\\/self-building\\\/\"},{\"@type\":\"ListItem\",\"position\":3,\"name\":\"Selling your property to self-build\"}]},{\"@type\":\"WebSite\",\"@id\":\"https:\\\/\\\/desjardinsmunicipal.com\\\/#website\",\"url\":\"https:\\\/\\\/desjardinsmunicipal.com\\\/\",\"name\":\"Desjardins Municipal\",\"description\":\"\",\"potentialAction\":[{\"@type\":\"SearchAction\",\"target\":{\"@type\":\"EntryPoint\",\"urlTemplate\":\"https:\\\/\\\/desjardinsmunicipal.com\\\/?s={search_term_string}\"},\"query-input\":{\"@type\":\"PropertyValueSpecification\",\"valueRequired\":true,\"valueName\":\"search_term_string\"}}],\"inLanguage\":\"en-US\"}]}<\/script>\n<!-- \/ Yoast SEO plugin. -->","yoast_head_json":{"title":"Selling your property to self-build | Caisse Desjardins du R\u00e9seau municipal","description":"Dans ce volet, vous saurez si vous vous qualifiez pour deux pr\u00eats hypoth\u00e9caires ou s'il vous faudrait vendre votre propri\u00e9t\u00e9 pour en autoconstruire une autre.","robots":{"index":"index","follow":"follow","max-snippet":"max-snippet:-1","max-image-preview":"max-image-preview:large","max-video-preview":"max-video-preview:-1"},"canonical":"https:\/\/desjardinsmunicipal.com\/en\/self-building\/selling-to-self-build\/","og_locale":"en_US","og_type":"article","og_title":"Selling your property to self-build | Caisse Desjardins du R\u00e9seau municipal","og_description":"Dans ce volet, vous saurez si vous vous qualifiez pour deux pr\u00eats hypoth\u00e9caires ou s'il vous faudrait vendre votre propri\u00e9t\u00e9 pour en autoconstruire une autre.","og_url":"https:\/\/desjardinsmunicipal.com\/en\/self-building\/selling-to-self-build\/","og_site_name":"Desjardins Municipal","article_modified_time":"2026-05-08T18:44:29+00:00","twitter_card":"summary_large_image","twitter_misc":{"Est. reading time":"1 minute"},"schema":{"@context":"https:\/\/schema.org","@graph":[{"@type":"WebPage","@id":"https:\/\/desjardinsmunicipal.com\/en\/self-building\/selling-to-self-build\/","url":"https:\/\/desjardinsmunicipal.com\/en\/self-building\/selling-to-self-build\/","name":"Selling your property to self-build | Caisse Desjardins du R\u00e9seau municipal","isPartOf":{"@id":"https:\/\/desjardinsmunicipal.com\/#website"},"datePublished":"2016-10-20T21:02:43+00:00","dateModified":"2026-05-08T18:44:29+00:00","description":"Dans ce volet, vous saurez si vous vous qualifiez pour deux pr\u00eats hypoth\u00e9caires ou s'il vous faudrait vendre votre propri\u00e9t\u00e9 pour en autoconstruire une autre.","breadcrumb":{"@id":"https:\/\/desjardinsmunicipal.com\/en\/self-building\/selling-to-self-build\/#breadcrumb"},"inLanguage":"en-US","potentialAction":[{"@type":"ReadAction","target":["https:\/\/desjardinsmunicipal.com\/en\/self-building\/selling-to-self-build\/"]}]},{"@type":"BreadcrumbList","@id":"https:\/\/desjardinsmunicipal.com\/en\/self-building\/selling-to-self-build\/#breadcrumb","itemListElement":[{"@type":"ListItem","position":1,"name":"Accueil","item":"https:\/\/desjardinsmunicipal.com\/en\/"},{"@type":"ListItem","position":2,"name":"Self-building","item":"https:\/\/desjardinsmunicipal.com\/en\/self-building\/"},{"@type":"ListItem","position":3,"name":"Selling your property to self-build"}]},{"@type":"WebSite","@id":"https:\/\/desjardinsmunicipal.com\/#website","url":"https:\/\/desjardinsmunicipal.com\/","name":"Desjardins Municipal","description":"","potentialAction":[{"@type":"SearchAction","target":{"@type":"EntryPoint","urlTemplate":"https:\/\/desjardinsmunicipal.com\/?s={search_term_string}"},"query-input":{"@type":"PropertyValueSpecification","valueRequired":true,"valueName":"search_term_string"}}],"inLanguage":"en-US"}]}},"_links":{"self":[{"href":"https:\/\/desjardinsmunicipal.com\/en\/wp-json\/wp\/v2\/pages\/839022","targetHints":{"allow":["GET"]}}],"collection":[{"href":"https:\/\/desjardinsmunicipal.com\/en\/wp-json\/wp\/v2\/pages"}],"about":[{"href":"https:\/\/desjardinsmunicipal.com\/en\/wp-json\/wp\/v2\/types\/page"}],"author":[{"embeddable":true,"href":"https:\/\/desjardinsmunicipal.com\/en\/wp-json\/wp\/v2\/users\/1"}],"replies":[{"embeddable":true,"href":"https:\/\/desjardinsmunicipal.com\/en\/wp-json\/wp\/v2\/comments?post=839022"}],"version-history":[{"count":5,"href":"https:\/\/desjardinsmunicipal.com\/en\/wp-json\/wp\/v2\/pages\/839022\/revisions"}],"predecessor-version":[{"id":839033,"href":"https:\/\/desjardinsmunicipal.com\/en\/wp-json\/wp\/v2\/pages\/839022\/revisions\/839033"}],"up":[{"embeddable":true,"href":"https:\/\/desjardinsmunicipal.com\/en\/wp-json\/wp\/v2\/pages\/838983"}],"wp:attachment":[{"href":"https:\/\/desjardinsmunicipal.com\/en\/wp-json\/wp\/v2\/media?parent=839022"}],"curies":[{"name":"wp","href":"https:\/\/api.w.org\/{rel}","templated":true}]}}