{"id":839037,"date":"2016-08-07T23:46:20","date_gmt":"2016-08-08T03:46:20","guid":{"rendered":"https:\/\/desjardinsmunicipal.com\/a-propos-de-nous\/"},"modified":"2026-05-08T15:00:40","modified_gmt":"2026-05-08T19:00:40","slug":"about-us","status":"publish","type":"page","link":"https:\/\/desjardinsmunicipal.com\/en\/about-us\/","title":{"rendered":"About us"},"content":{"rendered":"<div class=\"wpb-content-wrapper\"><p>[vc_row type=&#8221;full_width_section&#8221; bg_image=&#8221;15716&#8243; bg_color=&#8221;#f9f9f9&#8243; top_padding=&#8221;250&#8243; bottom_padding=&#8221;140&#8243; class=&#8221;page-header&#8221;][vc_column width=&#8221;1\/1&#8243; el_class=&#8221;page-header-content&#8221;]<h1 class=\"headline font-special fontsize-xxxl fontweight-inherit lh-inherit align-center transform-inherit \" style=\"margin: 0;\">About us<\/h1>[\/vc_column][\/vc_row][vc_row bg_color=&#8221;#231f20&#8243; class=&#8221;bloc-dark&#8221;][vc_column width=&#8221;1\/1&#8243;]<h3 class=\"headline font-inherit fontsize-inherit fontweight-inherit lh-inherit align-center transform-inherit \" style=\"margin: 0 0 20px 0; color: #009f67;\">Enriching municipal employees, individually and collectively, since 1945<\/h3><div class=\"spacer\" style=\"height: 40px;\"><\/div>[vc_column_text]<\/p>\n<div class=\"wpb_text_column wpb_content_element \">\n<div class=\"wpb_wrapper\">\n<p>Our group caisse supports municipal employees and fire safety professionals throughout Quebec, both individually and collectively through municipal organizations, keeping us closely connected to their reality.<\/p>\n<p>In 1945, a firefighter and a City of Montr\u00e9al civil servant joined forces to establish workplace savings cooperatives. By pooling their financial resources, they aimed to foster financial independence and better meet their needs.<\/p>\n<\/div>\n<\/div>\n<p>[\/vc_column_text][\/vc_column][\/vc_row][vc_row gap=&#8221;35&#8243; type=&#8221;full_width_section&#8221; class=&#8221;bloc-one-third&#8221;][vc_column bg_image=&#8221;15714&#8243; width=&#8221;1\/3&#8243;][\/vc_column][vc_column column_padding=&#8221;padding-3&#8243; column_center=&#8221;true&#8221; width=&#8221;2\/3&#8243;]<div class=\"spacer\" style=\"height: 20px;\"><\/div><h2 class=\"headline font-inherit fontsize-xxl fontweight-700 lh-inherit align-center transform-inherit \" style=\"margin: 0 0 20px 0; color: #009f67;\">Connected to the municipal world<\/h2>[vc_column_text]<\/p>\n<p>Municipal employees, backed by their associations, have a collective say in setting the direction of the caisse. Together, they work to find tangible ways to address the specific needs of their members.<\/p>\n<ul>\n<li>Our caisse collaborates closely with community associations, unions, and professional groups to develop solutions tailored to your needs.<\/li>\n<li>The caisse\u2019s board of directors is composed of municipal employees\u2014firefighters, blue-collar, and white-collar workers\u2014who work together to ensure our decisions truly reflect your interests.<\/li>\n<\/ul>\n<p>[\/vc_column_text]<div class=\"spacer\" style=\"height: 10px;\"><\/div>[\/vc_column][\/vc_row][vc_row bg_image=&#8221;15720&#8243; parallax_bg=&#8221;true&#8221; class=&#8221;bloc-content-center&#8221;][vc_column width=&#8221;1\/6&#8243;][\/vc_column][vc_column width=&#8221;2\/3&#8243; el_class=&#8221;center&#8221;]<h2 class=\"headline font-inherit fontsize-xxl fontweight-700 lh-inherit align-center transform-inherit \" style=\"margin: 0 0 20px 0; color: #009f67;\">Who are our members?<\/h2>[vc_column_text]<\/p>\n<p><strong>All of our members work in the municipal sector, with representation from every corner of Quebec.<\/strong><\/p>\n<ul>\n<li>Permanent, temporary, and retired municipal employees, as well as their family members.<\/li>\n<li>Firefighters from municipalities represented by the Syndicat des pompiers et pompi\u00e8res du Qu\u00e9bec.<\/li>\n<li>Students enrolled at the following institutions: the Acad\u00e9mie des pompiers de Mirabel, the Institut de la protection contre les incendies du Qu\u00e9bec, and the Fire Safety Technology program at Coll\u00e8ge Montmorency.<\/li>\n<\/ul>\n<p>[\/vc_column_text][\/vc_column][vc_column width=&#8221;1\/6&#8243;][\/vc_column][\/vc_row][vc_row][vc_column width=&#8221;1\/1&#8243;]<div class=\"spacer\" style=\"height: 40px;\"><\/div>[vc_column_text]<\/p>\n<h2><span style=\"color: #339966;\">Financial services and support built around the needs of municipal employees<\/span><\/h2>\n<p>We strive to offer every caisse member a straightforward and personalized experience. Our thorough knowledge of municipal employees\u2019 unique needs, working conditions, and retirement plans enables us to craft financial solutions that fit their everyday reality.<\/p>\n<p>[\/vc_column_text][\/vc_column][\/vc_row]<\/p>\n<\/div>","protected":false},"excerpt":{"rendered":"<p>[vc_row type=&#8221;full_width_section&#8221; bg_image=&#8221;15716&#8243; bg_color=&#8221;#f9f9f9&#8243; top_padding=&#8221;250&#8243; bottom_padding=&#8221;140&#8243; class=&#8221;page-header&#8221;][vc_column width=&#8221;1\/1&#8243; el_class=&#8221;page-header-content&#8221;][\/vc_column][\/vc_row][vc_row bg_color=&#8221;#231f20&#8243; class=&#8221;bloc-dark&#8221;][vc_column width=&#8221;1\/1&#8243;][vc_column_text] Our group caisse supports municipal employees and fire safety professionals throughout Quebec, both individually and collectively through municipal organizations, keeping us closely connected to their reality. In 1945, a firefighter and a City of Montr\u00e9al civil servant joined forces to establish workplace savings cooperatives. By pooling their financial resources, they aimed to foster financial independence and better meet their needs. [\/vc_column_text][\/vc_column][\/vc_row][vc_row gap=&#8221;35&#8243; type=&#8221;full_width_section&#8221; class=&#8221;bloc-one-third&#8221;][vc_column bg_image=&#8221;15714&#8243; width=&#8221;1\/3&#8243;][\/vc_column][vc_column column_padding=&#8221;padding-3&#8243; column_center=&#8221;true&#8221; width=&#8221;2\/3&#8243;][vc_column_text] Municipal employees, backed by their associations, have a collective say in setting the direction of the caisse. Together, they work to find tangible ways to address the specific needs of their members. Our caisse collaborates closely with community associations, unions, and professional groups to develop solutions tailored to your needs. The caisse\u2019s board of directors is composed of municipal employees\u2014firefighters, blue-collar, and white-collar workers\u2014who work together to ensure our decisions truly reflect your interests. [\/vc_column_text][\/vc_column][\/vc_row][vc_row bg_image=&#8221;15720&#8243; parallax_bg=&#8221;true&#8221; class=&#8221;bloc-content-center&#8221;][vc_column width=&#8221;1\/6&#8243;][\/vc_column][vc_column width=&#8221;2\/3&#8243; el_class=&#8221;center&#8221;][vc_column_text] All of our members work in the municipal sector, with representation from every corner of Quebec. Permanent, temporary, and retired municipal employees, as well as their family members. Firefighters from municipalities represented by the Syndicat des pompiers et [&hellip;]<\/p>\n","protected":false},"author":2,"featured_media":0,"parent":0,"menu_order":-1200,"comment_status":"closed","ping_status":"closed","template":"","meta":{"_acf_changed":false,"footnotes":""},"class_list":["post-839037","page","type-page","status-publish","hentry"],"acf":[],"yoast_head":"<!-- This site is optimized with the Yoast SEO plugin v27.5 - https:\/\/yoast.com\/product\/yoast-seo-wordpress\/ -->\n<title>About us | Caisse Desjardins du R\u00e9seau municipal<\/title>\n<meta name=\"description\" content=\"Notre caisse de groupes a pour mission de veiller au bien-\u00eatre financier des membres issus du milieu municipal tout en participant \u00e0 leur enrichissement collectif.\" \/>\n<meta name=\"robots\" content=\"index, follow, max-snippet:-1, max-image-preview:large, max-video-preview:-1\" \/>\n<link rel=\"canonical\" href=\"https:\/\/desjardinsmunicipal.com\/en\/about-us\/\" \/>\n<meta property=\"og:locale\" content=\"en_US\" \/>\n<meta property=\"og:type\" content=\"article\" \/>\n<meta property=\"og:title\" content=\"About us | Caisse Desjardins du R\u00e9seau municipal\" \/>\n<meta property=\"og:description\" content=\"Notre caisse de groupes a pour mission de veiller au bien-\u00eatre financier des membres issus du milieu municipal tout en participant \u00e0 leur enrichissement collectif.\" \/>\n<meta property=\"og:url\" content=\"https:\/\/desjardinsmunicipal.com\/en\/about-us\/\" \/>\n<meta property=\"og:site_name\" content=\"Desjardins Municipal\" \/>\n<meta property=\"article:modified_time\" content=\"2026-05-08T19:00:40+00:00\" \/>\n<meta name=\"twitter:card\" content=\"summary_large_image\" \/>\n<meta name=\"twitter:label1\" content=\"Est. reading time\" \/>\n\t<meta name=\"twitter:data1\" content=\"2 minutes\" \/>\n<script type=\"application\/ld+json\" class=\"yoast-schema-graph\">{\"@context\":\"https:\\\/\\\/schema.org\",\"@graph\":[{\"@type\":\"WebPage\",\"@id\":\"https:\\\/\\\/desjardinsmunicipal.com\\\/en\\\/about-us\\\/\",\"url\":\"https:\\\/\\\/desjardinsmunicipal.com\\\/en\\\/about-us\\\/\",\"name\":\"About us | Caisse Desjardins du R\u00e9seau municipal\",\"isPartOf\":{\"@id\":\"https:\\\/\\\/desjardinsmunicipal.com\\\/#website\"},\"datePublished\":\"2016-08-08T03:46:20+00:00\",\"dateModified\":\"2026-05-08T19:00:40+00:00\",\"description\":\"Notre caisse de groupes a pour mission de veiller au bien-\u00eatre financier des membres issus du milieu municipal tout en participant \u00e0 leur enrichissement collectif.\",\"breadcrumb\":{\"@id\":\"https:\\\/\\\/desjardinsmunicipal.com\\\/en\\\/about-us\\\/#breadcrumb\"},\"inLanguage\":\"en-US\",\"potentialAction\":[{\"@type\":\"ReadAction\",\"target\":[\"https:\\\/\\\/desjardinsmunicipal.com\\\/en\\\/about-us\\\/\"]}]},{\"@type\":\"BreadcrumbList\",\"@id\":\"https:\\\/\\\/desjardinsmunicipal.com\\\/en\\\/about-us\\\/#breadcrumb\",\"itemListElement\":[{\"@type\":\"ListItem\",\"position\":1,\"name\":\"Accueil\",\"item\":\"https:\\\/\\\/desjardinsmunicipal.com\\\/en\\\/\"},{\"@type\":\"ListItem\",\"position\":2,\"name\":\"About us\"}]},{\"@type\":\"WebSite\",\"@id\":\"https:\\\/\\\/desjardinsmunicipal.com\\\/#website\",\"url\":\"https:\\\/\\\/desjardinsmunicipal.com\\\/\",\"name\":\"Desjardins Municipal\",\"description\":\"\",\"potentialAction\":[{\"@type\":\"SearchAction\",\"target\":{\"@type\":\"EntryPoint\",\"urlTemplate\":\"https:\\\/\\\/desjardinsmunicipal.com\\\/?s={search_term_string}\"},\"query-input\":{\"@type\":\"PropertyValueSpecification\",\"valueRequired\":true,\"valueName\":\"search_term_string\"}}],\"inLanguage\":\"en-US\"}]}<\/script>\n<!-- \/ Yoast SEO plugin. -->","yoast_head_json":{"title":"About us | Caisse Desjardins du R\u00e9seau municipal","description":"Notre caisse de groupes a pour mission de veiller au bien-\u00eatre financier des membres issus du milieu municipal tout en participant \u00e0 leur enrichissement collectif.","robots":{"index":"index","follow":"follow","max-snippet":"max-snippet:-1","max-image-preview":"max-image-preview:large","max-video-preview":"max-video-preview:-1"},"canonical":"https:\/\/desjardinsmunicipal.com\/en\/about-us\/","og_locale":"en_US","og_type":"article","og_title":"About us | Caisse Desjardins du R\u00e9seau municipal","og_description":"Notre caisse de groupes a pour mission de veiller au bien-\u00eatre financier des membres issus du milieu municipal tout en participant \u00e0 leur enrichissement collectif.","og_url":"https:\/\/desjardinsmunicipal.com\/en\/about-us\/","og_site_name":"Desjardins Municipal","article_modified_time":"2026-05-08T19:00:40+00:00","twitter_card":"summary_large_image","twitter_misc":{"Est. reading time":"2 minutes"},"schema":{"@context":"https:\/\/schema.org","@graph":[{"@type":"WebPage","@id":"https:\/\/desjardinsmunicipal.com\/en\/about-us\/","url":"https:\/\/desjardinsmunicipal.com\/en\/about-us\/","name":"About us | Caisse Desjardins du R\u00e9seau municipal","isPartOf":{"@id":"https:\/\/desjardinsmunicipal.com\/#website"},"datePublished":"2016-08-08T03:46:20+00:00","dateModified":"2026-05-08T19:00:40+00:00","description":"Notre caisse de groupes a pour mission de veiller au bien-\u00eatre financier des membres issus du milieu municipal tout en participant \u00e0 leur enrichissement collectif.","breadcrumb":{"@id":"https:\/\/desjardinsmunicipal.com\/en\/about-us\/#breadcrumb"},"inLanguage":"en-US","potentialAction":[{"@type":"ReadAction","target":["https:\/\/desjardinsmunicipal.com\/en\/about-us\/"]}]},{"@type":"BreadcrumbList","@id":"https:\/\/desjardinsmunicipal.com\/en\/about-us\/#breadcrumb","itemListElement":[{"@type":"ListItem","position":1,"name":"Accueil","item":"https:\/\/desjardinsmunicipal.com\/en\/"},{"@type":"ListItem","position":2,"name":"About us"}]},{"@type":"WebSite","@id":"https:\/\/desjardinsmunicipal.com\/#website","url":"https:\/\/desjardinsmunicipal.com\/","name":"Desjardins Municipal","description":"","potentialAction":[{"@type":"SearchAction","target":{"@type":"EntryPoint","urlTemplate":"https:\/\/desjardinsmunicipal.com\/?s={search_term_string}"},"query-input":{"@type":"PropertyValueSpecification","valueRequired":true,"valueName":"search_term_string"}}],"inLanguage":"en-US"}]}},"_links":{"self":[{"href":"https:\/\/desjardinsmunicipal.com\/en\/wp-json\/wp\/v2\/pages\/839037","targetHints":{"allow":["GET"]}}],"collection":[{"href":"https:\/\/desjardinsmunicipal.com\/en\/wp-json\/wp\/v2\/pages"}],"about":[{"href":"https:\/\/desjardinsmunicipal.com\/en\/wp-json\/wp\/v2\/types\/page"}],"author":[{"embeddable":true,"href":"https:\/\/desjardinsmunicipal.com\/en\/wp-json\/wp\/v2\/users\/2"}],"replies":[{"embeddable":true,"href":"https:\/\/desjardinsmunicipal.com\/en\/wp-json\/wp\/v2\/comments?post=839037"}],"version-history":[{"count":3,"href":"https:\/\/desjardinsmunicipal.com\/en\/wp-json\/wp\/v2\/pages\/839037\/revisions"}],"predecessor-version":[{"id":839044,"href":"https:\/\/desjardinsmunicipal.com\/en\/wp-json\/wp\/v2\/pages\/839037\/revisions\/839044"}],"wp:attachment":[{"href":"https:\/\/desjardinsmunicipal.com\/en\/wp-json\/wp\/v2\/media?parent=839037"}],"curies":[{"name":"wp","href":"https:\/\/api.w.org\/{rel}","templated":true}]}}