{"id":839046,"date":"2016-08-07T14:24:36","date_gmt":"2016-08-07T18:24:36","guid":{"rendered":"https:\/\/desjardinsmunicipal.com\/equipe\/"},"modified":"2026-05-08T15:54:57","modified_gmt":"2026-05-08T19:54:57","slug":"team","status":"publish","type":"page","link":"https:\/\/desjardinsmunicipal.com\/en\/team\/","title":{"rendered":"Our team"},"content":{"rendered":"<div class=\"wpb-content-wrapper\"><p>[vc_row type=&#8221;full_width_section&#8221; bg_image=&#8221;15660&#8243; bg_color=&#8221;#f9f9f9&#8243; top_padding=&#8221;250&#8243; bottom_padding=&#8221;140&#8243; class=&#8221;page-header&#8221;][vc_column width=&#8221;1\/1&#8243; el_class=&#8221;page-header-content&#8221;]<h1 class=\"headline font-special fontsize-xxxl fontweight-inherit lh-inherit align-center transform-uppercase \" style=\"margin: 0;\">Our team<\/h1>[vc_column_text el_class=&#8221;nav-dossier&#8221;]<a class=\"current\" href=\"https:\/\/desjardinsmunicipal.com\/en\/team\/\">Directors<\/a> | <a href=\"https:\/\/desjardinsmunicipal.com\/en\/team\/managers\/\">Managers<\/a> | <a href=\"https:\/\/desjardinsmunicipal.com\/en\/team\/communication-and-administration\/\">Communication and administration<\/a> | <a href=\"https:\/\/desjardinsmunicipal.com\/en\/team\/advisors\/\">Advisors <\/a> | <a href=\"https:\/\/desjardinsmunicipal.com\/en\/team\/member-services\/\">Member services<\/a>[\/vc_column_text][\/vc_column][\/vc_row][vc_row top_padding=&#8221;70&#8243; class=&#8221;equipe&#8221;][vc_column width=&#8221;1\/1&#8243;]<h2 class=\"headline font-inherit fontsize-inherit fontweight-inherit lh-inherit align-center transform-inherit \" style=\"margin: 0 0 20px 0; color: #009f67;\">Directors<\/h2>[vc_row_inner][vc_column_inner width=&#8221;1\/3&#8243;]<div class=\"member wpb_content_element\"><div class=\"member-img\"><img decoding=\"async\" src=\"https:\/\/desjardinsmunicipal.com\/wp-content\/uploads\/2020\/10\/martin.jpg\" alt=\"\" \/><\/div><h4>Ronald Martin<\/h4><div class=\"member-role\"><\/div><div class=\"member-content\"><p>Chair<br \/>\nFirefighter Representative<br \/>\nDirector since 2015<\/p><\/div><\/div>[\/vc_column_inner][vc_column_inner width=&#8221;1\/3&#8243;]<div class=\"member wpb_content_element\"><div class=\"member-img\"><img decoding=\"async\" src=\"https:\/\/desjardinsmunicipal.com\/wp-content\/uploads\/2025\/06\/France-Gauthier-2-WEB.jpg\" alt=\"\" \/><\/div><h4>France Gauthier<\/h4><div class=\"member-role\"><\/div><div class=\"member-content\"><p>First Vice-Chair<br \/>\nBlue-Collar Representative<br \/>\nDirector since 2024<\/p><\/div><\/div>[\/vc_column_inner][vc_column_inner width=&#8221;1\/3&#8243;]<div class=\"member wpb_content_element\"><div class=\"member-img\"><img decoding=\"async\" src=\"https:\/\/desjardinsmunicipal.com\/wp-content\/uploads\/2020\/10\/limoge.jpg\" alt=\"\" \/><\/div><h4>\u00c9ric Limoges<\/h4><div class=\"member-role\"><\/div><div class=\"member-content\"><p>Secretary<br \/>\nFirefighter Representative<br \/>\nDirector since 2001<\/p><\/div><\/div>[\/vc_column_inner][\/vc_row_inner][vc_row_inner][vc_column_inner width=&#8221;1\/3&#8243;]<div class=\"member wpb_content_element\"><div class=\"member-img\"><img decoding=\"async\" src=\"https:\/\/desjardinsmunicipal.com\/wp-content\/uploads\/2020\/10\/sochodolsy.jpg\" alt=\"\" \/><\/div><h4>Serge Sochodolsky<\/h4><div class=\"member-role\"><\/div><div class=\"member-content\"><p>Vice-Chair<br \/>\nFirefighter Representative<br \/>\nDirector since 2000<\/p><\/div><\/div>[\/vc_column_inner][vc_column_inner width=&#8221;1\/3&#8243;]<div class=\"member wpb_content_element\"><div class=\"member-img\"><img decoding=\"async\" src=\"https:\/\/desjardinsmunicipal.com\/wp-content\/uploads\/2020\/10\/frechette.jpg\" alt=\"\" \/><\/div><h4>Marie-Michelle Fr\u00e9chette<\/h4><div class=\"member-role\"><\/div><div class=\"member-content\"><p>Director<br \/>\nWhite-Collar Representative<br \/>\nDirector since 2016<\/p><\/div><\/div>[\/vc_column_inner][vc_column_inner width=&#8221;1\/3&#8243;]<div class=\"member wpb_content_element\"><div class=\"member-img\"><img decoding=\"async\" src=\"https:\/\/desjardinsmunicipal.com\/wp-content\/uploads\/2020\/10\/allard.jpg\" alt=\"\" \/><\/div><h4>Jean-Fran\u00e7ois Allard<\/h4><div class=\"member-role\"><\/div><div class=\"member-content\"><p>Director<br \/>\nFirefighter Representative<br \/>\nDirector since 2015<\/p><\/div><\/div>[\/vc_column_inner][\/vc_row_inner][vc_row_inner][vc_column_inner width=&#8221;1\/3&#8243;]<div class=\"member wpb_content_element\"><div class=\"member-img\"><img decoding=\"async\" src=\"https:\/\/desjardinsmunicipal.com\/wp-content\/uploads\/2020\/10\/prudhomme.jpg\" alt=\"\" \/><\/div><h4>Richard Prud&#039;homme<\/h4><div class=\"member-role\"><\/div><div class=\"member-content\"><p>Director<br \/>\nFirefighter Representative<br \/>\nDirector since 2015<\/p><\/div><\/div>[\/vc_column_inner][vc_column_inner width=&#8221;1\/3&#8243;]<div class=\"member wpb_content_element\"><div class=\"member-img\"><img decoding=\"async\" src=\"https:\/\/desjardinsmunicipal.com\/wp-content\/uploads\/2020\/10\/desjardins.jpg\" alt=\"\" \/><\/div><h4>Alex Desjardins<\/h4><div class=\"member-role\"><\/div><div class=\"member-content\"><p>Director<br \/>\nFirefighter Representative<br \/>\nDirector since 2016<\/p><\/div><\/div>[\/vc_column_inner][vc_column_inner width=&#8221;1\/3&#8243;]<div class=\"member wpb_content_element\"><div class=\"member-img\"><img decoding=\"async\" src=\"https:\/\/desjardinsmunicipal.com\/wp-content\/uploads\/2024\/11\/Michel-Crevier-WEB.jpg\" alt=\"\" \/><\/div><h4>Michel Crevier<\/h4><div class=\"member-role\"><\/div><div class=\"member-content\"><p>Director<br \/>\nFirefighter Representative<br \/>\nDirector since 2023<\/p><\/div><\/div>[\/vc_column_inner][\/vc_row_inner][vc_row_inner][vc_column_inner width=&#8221;1\/3&#8243;]<div class=\"member wpb_content_element\"><div class=\"member-img\"><img decoding=\"async\" src=\"https:\/\/desjardinsmunicipal.com\/wp-content\/uploads\/2025\/06\/Michel-Guay-WEB.jpg\" alt=\"\" \/><\/div><h4>Michel Guay<\/h4><div class=\"member-role\"><\/div><div class=\"member-content\"><p>Director<br \/>\nFirefighter Representative<br \/>\nDirector since 2025<\/p><\/div><\/div>[\/vc_column_inner][vc_column_inner width=&#8221;1\/3&#8243;]<div class=\"member wpb_content_element\"><div class=\"member-img\"><img decoding=\"async\" src=\"https:\/\/desjardinsmunicipal.com\/wp-content\/uploads\/2021\/06\/HAMELIN__20074.jpg\" alt=\"\" \/><\/div><h4>Lyne Lachapelle<\/h4><div class=\"member-role\"><\/div><div class=\"member-content\"><p>Director<br \/>\nWhite-Collar Representative<br \/>\nDirector since 2021<\/p><\/div><\/div>[\/vc_column_inner][vc_column_inner width=&#8221;1\/3&#8243;]<div class=\"member wpb_content_element\"><div class=\"member-img\"><img decoding=\"async\" src=\"https:\/\/desjardinsmunicipal.com\/wp-content\/uploads\/2022\/06\/Simon-Lalanne-Camirand.jpg\" alt=\"\" \/><\/div><h4>Simon Lalanne Camirand<\/h4><div class=\"member-role\"><\/div><div class=\"member-content\"><p>Director<br \/>\nFirefighter Representative<br \/>\nDirector since 2022<\/p><\/div><\/div>[\/vc_column_inner][\/vc_row_inner][vc_row_inner][vc_column_inner width=&#8221;1\/3&#8243;]<div class=\"member wpb_content_element\"><div class=\"member-img\"><img decoding=\"async\" src=\"https:\/\/desjardinsmunicipal.com\/wp-content\/uploads\/2021\/06\/HAMELIN__20171.jpg\" alt=\"\" \/><\/div><h4>Marc-Andr\u00e9 Gosselin<\/h4><div class=\"member-role\"><\/div><div class=\"member-content\"><p>Director<br \/>\nFirefighter Representative<br \/>\nDirector since 2021<\/p><\/div><\/div>[\/vc_column_inner][vc_column_inner width=&#8221;1\/3&#8243;]<div class=\"member wpb_content_element\"><div class=\"member-img\"><img decoding=\"async\" src=\"https:\/\/desjardinsmunicipal.com\/wp-content\/uploads\/2023\/11\/Jean-Denis-Seguin.jpg\" alt=\"\" \/><\/div><h4>Jean-Denis S\u00e9guin<\/h4><div class=\"member-role\"><\/div><div class=\"member-content\"><p>Director<br \/>\nBlue-Collar Representative<br \/>\nDirector since 2023<\/p><\/div><\/div>[\/vc_column_inner][vc_column_inner width=&#8221;1\/3&#8243;]<div class=\"member wpb_content_element\"><div class=\"member-img\"><img decoding=\"async\" src=\"https:\/\/desjardinsmunicipal.com\/wp-content\/uploads\/2023\/11\/Michel-Jeannotte.jpg\" alt=\"\" \/><\/div><h4>Michel Jeannotte<\/h4><div class=\"member-role\"><\/div><div class=\"member-content\"><p>Director<br \/>\nBlue-Collar Representative<br \/>\nDirector since 2023<\/p><\/div><\/div>[\/vc_column_inner][\/vc_row_inner][\/vc_column][\/vc_row]<\/p>\n<\/div>","protected":false},"excerpt":{"rendered":"<p>[vc_row type=&#8221;full_width_section&#8221; bg_image=&#8221;15660&#8243; bg_color=&#8221;#f9f9f9&#8243; top_padding=&#8221;250&#8243; bottom_padding=&#8221;140&#8243; class=&#8221;page-header&#8221;][vc_column width=&#8221;1\/1&#8243; el_class=&#8221;page-header-content&#8221;][vc_column_text el_class=&#8221;nav-dossier&#8221;]Directors | Managers | Communication and administration | Advisors | Member services[\/vc_column_text][\/vc_column][\/vc_row][vc_row top_padding=&#8221;70&#8243; class=&#8221;equipe&#8221;][vc_column width=&#8221;1\/1&#8243;][vc_row_inner][vc_column_inner width=&#8221;1\/3&#8243;][\/vc_column_inner][vc_column_inner width=&#8221;1\/3&#8243;][\/vc_column_inner][vc_column_inner width=&#8221;1\/3&#8243;][\/vc_column_inner][\/vc_row_inner][vc_row_inner][vc_column_inner width=&#8221;1\/3&#8243;][\/vc_column_inner][vc_column_inner width=&#8221;1\/3&#8243;][\/vc_column_inner][vc_column_inner width=&#8221;1\/3&#8243;][\/vc_column_inner][\/vc_row_inner][vc_row_inner][vc_column_inner width=&#8221;1\/3&#8243;][\/vc_column_inner][vc_column_inner width=&#8221;1\/3&#8243;][\/vc_column_inner][vc_column_inner width=&#8221;1\/3&#8243;][\/vc_column_inner][\/vc_row_inner][vc_row_inner][vc_column_inner width=&#8221;1\/3&#8243;][\/vc_column_inner][vc_column_inner width=&#8221;1\/3&#8243;][\/vc_column_inner][vc_column_inner width=&#8221;1\/3&#8243;][\/vc_column_inner][\/vc_row_inner][vc_row_inner][vc_column_inner width=&#8221;1\/3&#8243;][\/vc_column_inner][vc_column_inner width=&#8221;1\/3&#8243;][\/vc_column_inner][vc_column_inner width=&#8221;1\/3&#8243;][\/vc_column_inner][\/vc_row_inner][\/vc_column][\/vc_row]<\/p>\n","protected":false},"author":2,"featured_media":0,"parent":0,"menu_order":-1100,"comment_status":"closed","ping_status":"closed","template":"","meta":{"_acf_changed":false,"footnotes":""},"class_list":["post-839046","page","type-page","status-publish","hentry"],"acf":[],"yoast_head":"<!-- This site is optimized with the Yoast SEO plugin v27.5 - https:\/\/yoast.com\/product\/yoast-seo-wordpress\/ -->\n<title>Team | Caisse Desjardins du R\u00e9seau municipal<\/title>\n<meta name=\"description\" content=\"Nos dirigeants, gestionnaires, conseillers et membres du d\u00e9partement des communications, de l&#039;administration et de notre service aux membres sont \u00e0 votre service!\" \/>\n<meta name=\"robots\" content=\"index, follow, max-snippet:-1, max-image-preview:large, max-video-preview:-1\" \/>\n<link rel=\"canonical\" href=\"https:\/\/desjardinsmunicipal.com\/en\/team\/\" \/>\n<meta property=\"og:locale\" content=\"en_US\" \/>\n<meta property=\"og:type\" content=\"article\" \/>\n<meta property=\"og:title\" content=\"Team | Caisse Desjardins du R\u00e9seau municipal\" \/>\n<meta property=\"og:description\" content=\"Nos dirigeants, gestionnaires, conseillers et membres du d\u00e9partement des communications, de l&#039;administration et de notre service aux membres sont \u00e0 votre service!\" \/>\n<meta property=\"og:url\" content=\"https:\/\/desjardinsmunicipal.com\/en\/team\/\" \/>\n<meta property=\"og:site_name\" content=\"Desjardins Municipal\" \/>\n<meta property=\"article:modified_time\" content=\"2026-05-08T19:54:57+00:00\" \/>\n<meta name=\"twitter:card\" content=\"summary_large_image\" \/>\n<meta name=\"twitter:label1\" content=\"Est. reading time\" \/>\n\t<meta name=\"twitter:data1\" content=\"1 minute\" \/>\n<script type=\"application\/ld+json\" class=\"yoast-schema-graph\">{\"@context\":\"https:\\\/\\\/schema.org\",\"@graph\":[{\"@type\":\"WebPage\",\"@id\":\"https:\\\/\\\/desjardinsmunicipal.com\\\/en\\\/team\\\/\",\"url\":\"https:\\\/\\\/desjardinsmunicipal.com\\\/en\\\/team\\\/\",\"name\":\"Team | Caisse Desjardins du R\u00e9seau municipal\",\"isPartOf\":{\"@id\":\"https:\\\/\\\/desjardinsmunicipal.com\\\/#website\"},\"datePublished\":\"2016-08-07T18:24:36+00:00\",\"dateModified\":\"2026-05-08T19:54:57+00:00\",\"description\":\"Nos dirigeants, gestionnaires, conseillers et membres du d\u00e9partement des communications, de l'administration et de notre service aux membres sont \u00e0 votre service!\",\"breadcrumb\":{\"@id\":\"https:\\\/\\\/desjardinsmunicipal.com\\\/en\\\/team\\\/#breadcrumb\"},\"inLanguage\":\"en-US\",\"potentialAction\":[{\"@type\":\"ReadAction\",\"target\":[\"https:\\\/\\\/desjardinsmunicipal.com\\\/en\\\/team\\\/\"]}]},{\"@type\":\"BreadcrumbList\",\"@id\":\"https:\\\/\\\/desjardinsmunicipal.com\\\/en\\\/team\\\/#breadcrumb\",\"itemListElement\":[{\"@type\":\"ListItem\",\"position\":1,\"name\":\"Accueil\",\"item\":\"https:\\\/\\\/desjardinsmunicipal.com\\\/en\\\/\"},{\"@type\":\"ListItem\",\"position\":2,\"name\":\"Our team\"}]},{\"@type\":\"WebSite\",\"@id\":\"https:\\\/\\\/desjardinsmunicipal.com\\\/#website\",\"url\":\"https:\\\/\\\/desjardinsmunicipal.com\\\/\",\"name\":\"Desjardins Municipal\",\"description\":\"\",\"potentialAction\":[{\"@type\":\"SearchAction\",\"target\":{\"@type\":\"EntryPoint\",\"urlTemplate\":\"https:\\\/\\\/desjardinsmunicipal.com\\\/?s={search_term_string}\"},\"query-input\":{\"@type\":\"PropertyValueSpecification\",\"valueRequired\":true,\"valueName\":\"search_term_string\"}}],\"inLanguage\":\"en-US\"}]}<\/script>\n<!-- \/ Yoast SEO plugin. -->","yoast_head_json":{"title":"Team | Caisse Desjardins du R\u00e9seau municipal","description":"Nos dirigeants, gestionnaires, conseillers et membres du d\u00e9partement des communications, de l'administration et de notre service aux membres sont \u00e0 votre service!","robots":{"index":"index","follow":"follow","max-snippet":"max-snippet:-1","max-image-preview":"max-image-preview:large","max-video-preview":"max-video-preview:-1"},"canonical":"https:\/\/desjardinsmunicipal.com\/en\/team\/","og_locale":"en_US","og_type":"article","og_title":"Team | Caisse Desjardins du R\u00e9seau municipal","og_description":"Nos dirigeants, gestionnaires, conseillers et membres du d\u00e9partement des communications, de l'administration et de notre service aux membres sont \u00e0 votre service!","og_url":"https:\/\/desjardinsmunicipal.com\/en\/team\/","og_site_name":"Desjardins Municipal","article_modified_time":"2026-05-08T19:54:57+00:00","twitter_card":"summary_large_image","twitter_misc":{"Est. reading time":"1 minute"},"schema":{"@context":"https:\/\/schema.org","@graph":[{"@type":"WebPage","@id":"https:\/\/desjardinsmunicipal.com\/en\/team\/","url":"https:\/\/desjardinsmunicipal.com\/en\/team\/","name":"Team | Caisse Desjardins du R\u00e9seau municipal","isPartOf":{"@id":"https:\/\/desjardinsmunicipal.com\/#website"},"datePublished":"2016-08-07T18:24:36+00:00","dateModified":"2026-05-08T19:54:57+00:00","description":"Nos dirigeants, gestionnaires, conseillers et membres du d\u00e9partement des communications, de l'administration et de notre service aux membres sont \u00e0 votre service!","breadcrumb":{"@id":"https:\/\/desjardinsmunicipal.com\/en\/team\/#breadcrumb"},"inLanguage":"en-US","potentialAction":[{"@type":"ReadAction","target":["https:\/\/desjardinsmunicipal.com\/en\/team\/"]}]},{"@type":"BreadcrumbList","@id":"https:\/\/desjardinsmunicipal.com\/en\/team\/#breadcrumb","itemListElement":[{"@type":"ListItem","position":1,"name":"Accueil","item":"https:\/\/desjardinsmunicipal.com\/en\/"},{"@type":"ListItem","position":2,"name":"Our team"}]},{"@type":"WebSite","@id":"https:\/\/desjardinsmunicipal.com\/#website","url":"https:\/\/desjardinsmunicipal.com\/","name":"Desjardins Municipal","description":"","potentialAction":[{"@type":"SearchAction","target":{"@type":"EntryPoint","urlTemplate":"https:\/\/desjardinsmunicipal.com\/?s={search_term_string}"},"query-input":{"@type":"PropertyValueSpecification","valueRequired":true,"valueName":"search_term_string"}}],"inLanguage":"en-US"}]}},"_links":{"self":[{"href":"https:\/\/desjardinsmunicipal.com\/en\/wp-json\/wp\/v2\/pages\/839046","targetHints":{"allow":["GET"]}}],"collection":[{"href":"https:\/\/desjardinsmunicipal.com\/en\/wp-json\/wp\/v2\/pages"}],"about":[{"href":"https:\/\/desjardinsmunicipal.com\/en\/wp-json\/wp\/v2\/types\/page"}],"author":[{"embeddable":true,"href":"https:\/\/desjardinsmunicipal.com\/en\/wp-json\/wp\/v2\/users\/2"}],"replies":[{"embeddable":true,"href":"https:\/\/desjardinsmunicipal.com\/en\/wp-json\/wp\/v2\/comments?post=839046"}],"version-history":[{"count":6,"href":"https:\/\/desjardinsmunicipal.com\/en\/wp-json\/wp\/v2\/pages\/839046\/revisions"}],"predecessor-version":[{"id":839169,"href":"https:\/\/desjardinsmunicipal.com\/en\/wp-json\/wp\/v2\/pages\/839046\/revisions\/839169"}],"wp:attachment":[{"href":"https:\/\/desjardinsmunicipal.com\/en\/wp-json\/wp\/v2\/media?parent=839046"}],"curies":[{"name":"wp","href":"https:\/\/api.w.org\/{rel}","templated":true}]}}