{"id":839066,"date":"2016-08-30T12:12:05","date_gmt":"2016-08-30T16:12:05","guid":{"rendered":"https:\/\/desjardinsmunicipal.com\/team\/communication-et-administration\/"},"modified":"2026-05-08T16:10:01","modified_gmt":"2026-05-08T20:10:01","slug":"communication-and-administration","status":"publish","type":"page","link":"https:\/\/desjardinsmunicipal.com\/en\/team\/communication-and-administration\/","title":{"rendered":"Communication and administration"},"content":{"rendered":"<div class=\"wpb-content-wrapper\"><p>[vc_row type=&#8221;full_width_section&#8221; bg_image=&#8221;15660&#8243; bg_color=&#8221;#f9f9f9&#8243; top_padding=&#8221;250&#8243; bottom_padding=&#8221;140&#8243; class=&#8221;page-header&#8221;][vc_column width=&#8221;1\/1&#8243; el_class=&#8221;page-header-content&#8221;]<h1 class=\"headline font-special fontsize-xxxl fontweight-inherit lh-inherit align-center transform-uppercase \" style=\"margin: 0;\">Our team<\/h1>[vc_column_text el_class=&#8221;nav-dossier&#8221;]<a class=\"current\" href=\"https:\/\/desjardinsmunicipal.com\/en\/team\/\">Directors<\/a> | <a href=\"https:\/\/desjardinsmunicipal.com\/en\/team\/managers\/\">Managers<\/a> | <a href=\"https:\/\/desjardinsmunicipal.com\/en\/team\/communication-and-administration\/\">Communication and administration<\/a> | <a href=\"https:\/\/desjardinsmunicipal.com\/en\/team\/advisors\/\">Advisors <\/a> | <a href=\"https:\/\/desjardinsmunicipal.com\/en\/team\/member-services\/\">Member services<\/a>[\/vc_column_text][\/vc_column][\/vc_row][vc_row top_padding=&#8221;70&#8243; class=&#8221;equipe&#8221;][vc_column width=&#8221;1\/1&#8243;]<h2 class=\"headline font-inherit fontsize-inherit fontweight-inherit lh-inherit align-center transform-inherit \" style=\"margin: 0 0 20px 0; color: #009f67;\">Communication and administration<\/h2>[vc_row_inner][vc_column_inner width=&#8221;1\/3&#8243;]<div class=\"member wpb_content_element\"><div class=\"member-img\"><img decoding=\"async\" src=\"https:\/\/desjardinsmunicipal.com\/wp-content\/uploads\/2026\/05\/Sabrina-Kovacevic-WEB-1.jpg\" alt=\"\" \/><\/div><h4>Sabrina Kovacevic<\/h4><div class=\"member-role\"><\/div><div class=\"member-content\"><p>Conseill\u00e8re D\u00e9veloppement coop\u00e9ratif<br \/>\n514 526.4971 poste 7312311<br \/>\n<a href=\"mailto:sabrina.kovacevic@desjardins.com\">sabrina.kovacevic@desjardins.com<\/a><\/p><\/div><ul class=\"social-icons clearfix\"><li class=\"social-icon social-linkedin\"><a href=\"https:\/\/ca.linkedin.com\/in\/sabrina-kovacevic-m-sc-b6476865\" target=\"_blank\" title=\"LinkedIn\"><i class=\"fa fa-linkedin\"><\/i><\/a><\/li><\/ul><\/div>[\/vc_column_inner][vc_column_inner width=&#8221;1\/3&#8243;]<div class=\"member wpb_content_element\"><div class=\"member-img\"><img decoding=\"async\" src=\"https:\/\/desjardinsmunicipal.com\/wp-content\/uploads\/2023\/11\/Genevieve-Nadeau2.jpg\" alt=\"\" \/><\/div><h4>Genevi\u00e8ve Nadeau<\/h4><div class=\"member-role\"><\/div><div class=\"member-content\"><p>Adjointe \u00e0 la direction g\u00e9n\u00e9rale<br \/>\n514 526.4971 poste 7312363<br \/>\n<a href=\"mailto:genevieve.a.nadeau@desjardins.com\">genevieve.a.nadeau@desjardins.com<\/a><\/p><\/div><\/div>[\/vc_column_inner][vc_column_inner width=&#8221;1\/3&#8243;]<div class=\"member wpb_content_element\"><div class=\"member-img\"><img decoding=\"async\" src=\"https:\/\/desjardinsmunicipal.com\/wp-content\/uploads\/2023\/01\/Laurence-Vergniol.jpg\" alt=\"\" \/><\/div><h4>Laurence Vergniol<\/h4><div class=\"member-role\"><\/div><div class=\"member-content\"><p>Analyste contr\u00f4le interne (2)<br \/>\n514 526.4971 poste 7312362<br \/>\n<a href=\"laurence.w.vergniol@desjardins.com\">laurence.w.vergniol@desjardins.com<\/a><\/p><\/div><\/div>[\/vc_column_inner][\/vc_row_inner][vc_row_inner][vc_column_inner width=&#8221;1\/3&#8243;]<div class=\"member wpb_content_element\"><div class=\"member-img\"><img decoding=\"async\" src=\"https:\/\/desjardinsmunicipal.com\/wp-content\/uploads\/2021\/06\/HAMELIN__20162.jpg\" alt=\"\" \/><\/div><h4>Karine Charette<\/h4><div class=\"member-role\"><\/div><div class=\"member-content\"><p>Agente soutien technique<br \/>\n514 526.4971 poste 7312237<br \/>\n<a href=\"karine.y.charette@desjardins.com\">karine.y.charette@desjardins.com<\/a><\/p><\/div><\/div>[\/vc_column_inner][vc_column_inner width=&#8221;1\/3&#8243;]<div class=\"member wpb_content_element\"><div class=\"member-img\"><img decoding=\"async\" src=\"https:\/\/desjardinsmunicipal.com\/wp-content\/uploads\/2025\/11\/Ibsen-Pepperall-Gutierrez-WEB.jpg\" alt=\"\" \/><\/div><h4>Ibsen Pepperall Guti\u00e9rrez<\/h4><div class=\"member-role\"><\/div><div class=\"member-content\"><p>Conseiller en communications<\/p>\n<p>514 526.4971 poste 7312247<\/p>\n<p><a href=\"mailto:ibsen.pepperall.gutierrez@desjardins.com\">ibsen.pepperall.gutierrez@desjardins.com<\/a><\/p><\/div><\/div>[\/vc_column_inner][vc_column_inner width=&#8221;1\/3&#8243;][\/vc_column_inner][\/vc_row_inner][vc_row_inner][vc_column_inner width=&#8221;1\/3&#8243;][\/vc_column_inner][vc_column_inner width=&#8221;1\/3&#8243;][\/vc_column_inner][vc_column_inner width=&#8221;1\/3&#8243;][\/vc_column_inner][\/vc_row_inner][\/vc_column][\/vc_row]<\/p>\n<\/div>","protected":false},"excerpt":{"rendered":"<p>[vc_row type=&#8221;full_width_section&#8221; bg_image=&#8221;15660&#8243; bg_color=&#8221;#f9f9f9&#8243; top_padding=&#8221;250&#8243; bottom_padding=&#8221;140&#8243; class=&#8221;page-header&#8221;][vc_column width=&#8221;1\/1&#8243; el_class=&#8221;page-header-content&#8221;][vc_column_text el_class=&#8221;nav-dossier&#8221;]Directors | Managers | Communication and administration | Advisors | Member services[\/vc_column_text][\/vc_column][\/vc_row][vc_row top_padding=&#8221;70&#8243; class=&#8221;equipe&#8221;][vc_column width=&#8221;1\/1&#8243;][vc_row_inner][vc_column_inner width=&#8221;1\/3&#8243;][\/vc_column_inner][vc_column_inner width=&#8221;1\/3&#8243;][\/vc_column_inner][vc_column_inner width=&#8221;1\/3&#8243;][\/vc_column_inner][\/vc_row_inner][vc_row_inner][vc_column_inner width=&#8221;1\/3&#8243;][\/vc_column_inner][vc_column_inner width=&#8221;1\/3&#8243;][\/vc_column_inner][vc_column_inner width=&#8221;1\/3&#8243;][\/vc_column_inner][\/vc_row_inner][vc_row_inner][vc_column_inner width=&#8221;1\/3&#8243;][\/vc_column_inner][vc_column_inner width=&#8221;1\/3&#8243;][\/vc_column_inner][vc_column_inner width=&#8221;1\/3&#8243;][\/vc_column_inner][\/vc_row_inner][\/vc_column][\/vc_row]<\/p>\n","protected":false},"author":2,"featured_media":0,"parent":839046,"menu_order":-1000,"comment_status":"closed","ping_status":"closed","template":"","meta":{"_acf_changed":false,"footnotes":""},"class_list":["post-839066","page","type-page","status-publish","hentry"],"acf":[],"yoast_head":"<!-- This site is optimized with the Yoast SEO plugin v27.6 - https:\/\/yoast.com\/product\/yoast-seo-wordpress\/ -->\n<title>Team | Caisse Desjardins du R\u00e9seau municipal<\/title>\n<meta name=\"description\" content=\"Nos dirigeants, gestionnaires, conseillers et membres du d\u00e9partement des communications, de l&#039;administration et de notre service aux membres sont \u00e0 votre service!\" \/>\n<meta name=\"robots\" content=\"index, follow, max-snippet:-1, max-image-preview:large, max-video-preview:-1\" \/>\n<link rel=\"canonical\" href=\"https:\/\/desjardinsmunicipal.com\/en\/team\/communication-and-administration\/\" \/>\n<meta property=\"og:locale\" content=\"en_US\" \/>\n<meta property=\"og:type\" content=\"article\" \/>\n<meta property=\"og:title\" content=\"Team | Caisse Desjardins du R\u00e9seau municipal\" \/>\n<meta property=\"og:description\" content=\"Nos dirigeants, gestionnaires, conseillers et membres du d\u00e9partement des communications, de l&#039;administration et de notre service aux membres sont \u00e0 votre service!\" \/>\n<meta property=\"og:url\" content=\"https:\/\/desjardinsmunicipal.com\/en\/team\/communication-and-administration\/\" \/>\n<meta property=\"og:site_name\" content=\"Desjardins Municipal\" \/>\n<meta property=\"article:modified_time\" content=\"2026-05-08T20:10:01+00:00\" \/>\n<meta name=\"twitter:card\" content=\"summary_large_image\" \/>\n<meta name=\"twitter:label1\" content=\"Est. reading time\" \/>\n\t<meta name=\"twitter:data1\" content=\"1 minute\" \/>\n<script type=\"application\/ld+json\" class=\"yoast-schema-graph\">{\"@context\":\"https:\\\/\\\/schema.org\",\"@graph\":[{\"@type\":\"WebPage\",\"@id\":\"https:\\\/\\\/desjardinsmunicipal.com\\\/en\\\/team\\\/communication-and-administration\\\/\",\"url\":\"https:\\\/\\\/desjardinsmunicipal.com\\\/en\\\/team\\\/communication-and-administration\\\/\",\"name\":\"Team | Caisse Desjardins du R\u00e9seau municipal\",\"isPartOf\":{\"@id\":\"https:\\\/\\\/desjardinsmunicipal.com\\\/#website\"},\"datePublished\":\"2016-08-30T16:12:05+00:00\",\"dateModified\":\"2026-05-08T20:10:01+00:00\",\"description\":\"Nos dirigeants, gestionnaires, conseillers et membres du d\u00e9partement des communications, de l'administration et de notre service aux membres sont \u00e0 votre service!\",\"breadcrumb\":{\"@id\":\"https:\\\/\\\/desjardinsmunicipal.com\\\/en\\\/team\\\/communication-and-administration\\\/#breadcrumb\"},\"inLanguage\":\"en-US\",\"potentialAction\":[{\"@type\":\"ReadAction\",\"target\":[\"https:\\\/\\\/desjardinsmunicipal.com\\\/en\\\/team\\\/communication-and-administration\\\/\"]}]},{\"@type\":\"BreadcrumbList\",\"@id\":\"https:\\\/\\\/desjardinsmunicipal.com\\\/en\\\/team\\\/communication-and-administration\\\/#breadcrumb\",\"itemListElement\":[{\"@type\":\"ListItem\",\"position\":1,\"name\":\"Accueil\",\"item\":\"https:\\\/\\\/desjardinsmunicipal.com\\\/en\\\/\"},{\"@type\":\"ListItem\",\"position\":2,\"name\":\"Our team\",\"item\":\"https:\\\/\\\/desjardinsmunicipal.com\\\/en\\\/team\\\/\"},{\"@type\":\"ListItem\",\"position\":3,\"name\":\"Communication and administration\"}]},{\"@type\":\"WebSite\",\"@id\":\"https:\\\/\\\/desjardinsmunicipal.com\\\/#website\",\"url\":\"https:\\\/\\\/desjardinsmunicipal.com\\\/\",\"name\":\"Desjardins Municipal\",\"description\":\"\",\"potentialAction\":[{\"@type\":\"SearchAction\",\"target\":{\"@type\":\"EntryPoint\",\"urlTemplate\":\"https:\\\/\\\/desjardinsmunicipal.com\\\/?s={search_term_string}\"},\"query-input\":{\"@type\":\"PropertyValueSpecification\",\"valueRequired\":true,\"valueName\":\"search_term_string\"}}],\"inLanguage\":\"en-US\"}]}<\/script>\n<!-- \/ Yoast SEO plugin. -->","yoast_head_json":{"title":"Team | Caisse Desjardins du R\u00e9seau municipal","description":"Nos dirigeants, gestionnaires, conseillers et membres du d\u00e9partement des communications, de l'administration et de notre service aux membres sont \u00e0 votre service!","robots":{"index":"index","follow":"follow","max-snippet":"max-snippet:-1","max-image-preview":"max-image-preview:large","max-video-preview":"max-video-preview:-1"},"canonical":"https:\/\/desjardinsmunicipal.com\/en\/team\/communication-and-administration\/","og_locale":"en_US","og_type":"article","og_title":"Team | Caisse Desjardins du R\u00e9seau municipal","og_description":"Nos dirigeants, gestionnaires, conseillers et membres du d\u00e9partement des communications, de l'administration et de notre service aux membres sont \u00e0 votre service!","og_url":"https:\/\/desjardinsmunicipal.com\/en\/team\/communication-and-administration\/","og_site_name":"Desjardins Municipal","article_modified_time":"2026-05-08T20:10:01+00:00","twitter_card":"summary_large_image","twitter_misc":{"Est. reading time":"1 minute"},"schema":{"@context":"https:\/\/schema.org","@graph":[{"@type":"WebPage","@id":"https:\/\/desjardinsmunicipal.com\/en\/team\/communication-and-administration\/","url":"https:\/\/desjardinsmunicipal.com\/en\/team\/communication-and-administration\/","name":"Team | Caisse Desjardins du R\u00e9seau municipal","isPartOf":{"@id":"https:\/\/desjardinsmunicipal.com\/#website"},"datePublished":"2016-08-30T16:12:05+00:00","dateModified":"2026-05-08T20:10:01+00:00","description":"Nos dirigeants, gestionnaires, conseillers et membres du d\u00e9partement des communications, de l'administration et de notre service aux membres sont \u00e0 votre service!","breadcrumb":{"@id":"https:\/\/desjardinsmunicipal.com\/en\/team\/communication-and-administration\/#breadcrumb"},"inLanguage":"en-US","potentialAction":[{"@type":"ReadAction","target":["https:\/\/desjardinsmunicipal.com\/en\/team\/communication-and-administration\/"]}]},{"@type":"BreadcrumbList","@id":"https:\/\/desjardinsmunicipal.com\/en\/team\/communication-and-administration\/#breadcrumb","itemListElement":[{"@type":"ListItem","position":1,"name":"Accueil","item":"https:\/\/desjardinsmunicipal.com\/en\/"},{"@type":"ListItem","position":2,"name":"Our team","item":"https:\/\/desjardinsmunicipal.com\/en\/team\/"},{"@type":"ListItem","position":3,"name":"Communication and administration"}]},{"@type":"WebSite","@id":"https:\/\/desjardinsmunicipal.com\/#website","url":"https:\/\/desjardinsmunicipal.com\/","name":"Desjardins Municipal","description":"","potentialAction":[{"@type":"SearchAction","target":{"@type":"EntryPoint","urlTemplate":"https:\/\/desjardinsmunicipal.com\/?s={search_term_string}"},"query-input":{"@type":"PropertyValueSpecification","valueRequired":true,"valueName":"search_term_string"}}],"inLanguage":"en-US"}]}},"_links":{"self":[{"href":"https:\/\/desjardinsmunicipal.com\/en\/wp-json\/wp\/v2\/pages\/839066","targetHints":{"allow":["GET"]}}],"collection":[{"href":"https:\/\/desjardinsmunicipal.com\/en\/wp-json\/wp\/v2\/pages"}],"about":[{"href":"https:\/\/desjardinsmunicipal.com\/en\/wp-json\/wp\/v2\/types\/page"}],"author":[{"embeddable":true,"href":"https:\/\/desjardinsmunicipal.com\/en\/wp-json\/wp\/v2\/users\/2"}],"replies":[{"embeddable":true,"href":"https:\/\/desjardinsmunicipal.com\/en\/wp-json\/wp\/v2\/comments?post=839066"}],"version-history":[{"count":5,"href":"https:\/\/desjardinsmunicipal.com\/en\/wp-json\/wp\/v2\/pages\/839066\/revisions"}],"predecessor-version":[{"id":839173,"href":"https:\/\/desjardinsmunicipal.com\/en\/wp-json\/wp\/v2\/pages\/839066\/revisions\/839173"}],"up":[{"embeddable":true,"href":"https:\/\/desjardinsmunicipal.com\/en\/wp-json\/wp\/v2\/pages\/839046"}],"wp:attachment":[{"href":"https:\/\/desjardinsmunicipal.com\/en\/wp-json\/wp\/v2\/media?parent=839066"}],"curies":[{"name":"wp","href":"https:\/\/api.w.org\/{rel}","templated":true}]}}