{"id":839174,"date":"2016-08-20T11:29:28","date_gmt":"2016-08-20T15:29:28","guid":{"rendered":"https:\/\/desjardinsmunicipal.com\/about-us\/etats-financiers\/"},"modified":"2026-05-08T16:24:54","modified_gmt":"2026-05-08T20:24:54","slug":"financial-statements","status":"publish","type":"page","link":"https:\/\/desjardinsmunicipal.com\/en\/about-us\/financial-statements\/","title":{"rendered":"Financial statements"},"content":{"rendered":"<div class=\"wpb-content-wrapper\"><p>[vc_row type=&#8221;full_width_section&#8221; bg_image=&#8221;16063&#8243; bg_color=&#8221;#f9f9f9&#8243; top_padding=&#8221;250&#8243; bottom_padding=&#8221;140&#8243; class=&#8221;page-header&#8221;][vc_column width=&#8221;1\/1&#8243; el_class=&#8221;page-header-content&#8221;]<h1 class=\"headline font-special fontsize-xxxl fontweight-inherit lh-inherit align-center transform-inherit \" style=\"margin: 0;\">Financial statements<\/h1>[\/vc_column][\/vc_row][vc_row class=&#8221;bloc-light bloc-dossier&#8221;][vc_column width=&#8221;1\/1&#8243;]<div class=\"spacer\" style=\"height: 20px;\"><\/div>[vc_row_inner el_class=&#8221;bloc-etape&#8221;][vc_column_inner width=&#8221;1\/3&#8243;]<div class=\"single_image wpb_content_element align-center   \" data-animation=\"none\" data-delay=\"0\"><a href=\"https:\/\/desjardinsmunicipal.com\/wp-content\/uploads\/2025\/03\/f05-q81592001-rapport-annuel-2024-f.pdf\" target=\"_blank\"><img loading=\"lazy\" decoding=\"async\" width=\"577\" height=\"748\" src=\"https:\/\/desjardinsmunicipal.com\/wp-content\/uploads\/2025\/05\/Covers_rapport-annuel-2025.jpg\" class=\"attachment-full\" alt=\"\" title=\"Covers_rapport annuel 2025\" srcset=\"https:\/\/desjardinsmunicipal.com\/wp-content\/uploads\/2025\/05\/Covers_rapport-annuel-2025.jpg 577w, https:\/\/desjardinsmunicipal.com\/wp-content\/uploads\/2025\/05\/Covers_rapport-annuel-2025-231x300.jpg 231w\" sizes=\"auto, (max-width: 577px) 100vw, 577px\" \/><\/a><\/div>[vc_column_text]<\/p>\n<p style=\"text-align: center; padding-top: 10px;\"><a style=\"color: #231f20;\" href=\"https:\/\/desjardinsmunicipal.com\/wp-content\/uploads\/2025\/03\/f05-q81592001-rapport-annuel-2024-f.pdf\">2024 Annual <span style=\"text-decoration: underline;\">Report<\/span><\/a> (PDF)<\/p>\n<p>[\/vc_column_text][\/vc_column_inner][vc_column_inner width=&#8221;1\/3&#8243;]<div class=\"single_image wpb_content_element align-center   \" data-animation=\"none\" data-delay=\"0\"><a href=\"https:\/\/desjardinsmunicipal.com\/rapports\/f05-q81592001-rapport-annuel-2023-f.pdfdf\" target=\"_blank\"><img loading=\"lazy\" decoding=\"async\" width=\"702\" height=\"882\" src=\"https:\/\/desjardinsmunicipal.com\/wp-content\/uploads\/2024\/04\/couverture_RA2023.png\" class=\"attachment-full\" alt=\"\" title=\"couverture_RA2023\" srcset=\"https:\/\/desjardinsmunicipal.com\/wp-content\/uploads\/2024\/04\/couverture_RA2023.png 702w, https:\/\/desjardinsmunicipal.com\/wp-content\/uploads\/2024\/04\/couverture_RA2023-239x300.png 239w\" sizes=\"auto, (max-width: 702px) 100vw, 702px\" \/><\/a><\/div>[vc_column_text]<\/p>\n<p style=\"text-align: center; padding-top: 10px;\"><a style=\"color: #231f20;\" href=\"https:\/\/desjardinsmunicipal.com\/rapports\/f05-q81592001-rapport-annuel-2023-f.pdf\">2023 Annual<span style=\"text-decoration: underline;\">Report<\/span><\/a> (PDF)<\/p>\n<p>[\/vc_column_text][\/vc_column_inner][vc_column_inner width=&#8221;1\/3&#8243;]<div class=\"single_image wpb_content_element align-center   \" data-animation=\"none\" data-delay=\"0\"><a href=\"https:\/\/desjardinsmunicipal.com\/wp-content\/uploads\/2023\/03\/81592001-rapport-annuel-2022-f-1.pdf\" target=\"_blank\"><img loading=\"lazy\" decoding=\"async\" width=\"1444\" height=\"1920\" src=\"https:\/\/desjardinsmunicipal.com\/wp-content\/uploads\/2023\/03\/2023-03-31_15-27-13.jpg\" class=\"attachment-full\" alt=\"\" title=\"2023-03-31_15-27-13\" srcset=\"https:\/\/desjardinsmunicipal.com\/wp-content\/uploads\/2023\/03\/2023-03-31_15-27-13.jpg 1444w, https:\/\/desjardinsmunicipal.com\/wp-content\/uploads\/2023\/03\/2023-03-31_15-27-13-226x300.jpg 226w, https:\/\/desjardinsmunicipal.com\/wp-content\/uploads\/2023\/03\/2023-03-31_15-27-13-770x1024.jpg 770w, https:\/\/desjardinsmunicipal.com\/wp-content\/uploads\/2023\/03\/2023-03-31_15-27-13-768x1021.jpg 768w, https:\/\/desjardinsmunicipal.com\/wp-content\/uploads\/2023\/03\/2023-03-31_15-27-13-1155x1536.jpg 1155w\" sizes=\"auto, (max-width: 1444px) 100vw, 1444px\" \/><\/a><\/div>[vc_column_text]<\/p>\n<p style=\"text-align: center; padding-top: 10px;\"><a style=\"color: #231f20;\" href=\"https:\/\/desjardinsmunicipal.com\/wp-content\/uploads\/2023\/03\/81592001-rapport-annuel-2022-f-1.pdf\">2022 Annual<span style=\"text-decoration: underline;\">Report<\/span> (PDF)<\/p>\n<p>[\/vc_column_text][\/vc_column_inner][\/vc_row_inner][\/vc_column][\/vc_row]<\/p>\n<\/div>","protected":false},"excerpt":{"rendered":"<p>[vc_row type=&#8221;full_width_section&#8221; bg_image=&#8221;16063&#8243; bg_color=&#8221;#f9f9f9&#8243; top_padding=&#8221;250&#8243; bottom_padding=&#8221;140&#8243; class=&#8221;page-header&#8221;][vc_column width=&#8221;1\/1&#8243; el_class=&#8221;page-header-content&#8221;][\/vc_column][\/vc_row][vc_row class=&#8221;bloc-light bloc-dossier&#8221;][vc_column width=&#8221;1\/1&#8243;][vc_row_inner el_class=&#8221;bloc-etape&#8221;][vc_column_inner width=&#8221;1\/3&#8243;][vc_column_text] 2024 Annual Report (PDF) [\/vc_column_text][\/vc_column_inner][vc_column_inner width=&#8221;1\/3&#8243;][vc_column_text] 2023 AnnualReport (PDF) [\/vc_column_text][\/vc_column_inner][vc_column_inner width=&#8221;1\/3&#8243;][vc_column_text] 2022 AnnualReport (PDF) [\/vc_column_text][\/vc_column_inner][\/vc_row_inner][\/vc_column][\/vc_row]<\/p>\n","protected":false},"author":2,"featured_media":0,"parent":839037,"menu_order":-1001,"comment_status":"closed","ping_status":"closed","template":"","meta":{"_acf_changed":false,"footnotes":""},"class_list":["post-839174","page","type-page","status-publish","hentry"],"acf":[],"yoast_head":"<!-- This site is optimized with the Yoast SEO plugin v27.6 - https:\/\/yoast.com\/product\/yoast-seo-wordpress\/ -->\n<title>Financial statements | Caisse Desjardins du R\u00e9seau municipal<\/title>\n<meta name=\"description\" content=\"Voici les plus r\u00e9cents \u00e9tats financiers de la Caisse Desjardins du R\u00e9seau municipal.\" \/>\n<meta name=\"robots\" content=\"index, follow, max-snippet:-1, max-image-preview:large, max-video-preview:-1\" \/>\n<link rel=\"canonical\" href=\"https:\/\/desjardinsmunicipal.com\/en\/about-us\/financial-statements\/\" \/>\n<meta property=\"og:locale\" content=\"en_US\" \/>\n<meta property=\"og:type\" content=\"article\" \/>\n<meta property=\"og:title\" content=\"Financial statements | Caisse Desjardins du R\u00e9seau municipal\" \/>\n<meta property=\"og:description\" content=\"Voici les plus r\u00e9cents \u00e9tats financiers de la Caisse Desjardins du R\u00e9seau municipal.\" \/>\n<meta property=\"og:url\" content=\"https:\/\/desjardinsmunicipal.com\/en\/about-us\/financial-statements\/\" \/>\n<meta property=\"og:site_name\" content=\"Desjardins Municipal\" \/>\n<meta property=\"article:modified_time\" content=\"2026-05-08T20:24:54+00:00\" \/>\n<meta name=\"twitter:card\" content=\"summary_large_image\" \/>\n<meta name=\"twitter:label1\" content=\"Est. reading time\" \/>\n\t<meta name=\"twitter:data1\" content=\"1 minute\" \/>\n<script type=\"application\/ld+json\" class=\"yoast-schema-graph\">{\"@context\":\"https:\\\/\\\/schema.org\",\"@graph\":[{\"@type\":\"WebPage\",\"@id\":\"https:\\\/\\\/desjardinsmunicipal.com\\\/en\\\/about-us\\\/financial-statements\\\/\",\"url\":\"https:\\\/\\\/desjardinsmunicipal.com\\\/en\\\/about-us\\\/financial-statements\\\/\",\"name\":\"Financial statements | Caisse Desjardins du R\u00e9seau municipal\",\"isPartOf\":{\"@id\":\"https:\\\/\\\/desjardinsmunicipal.com\\\/#website\"},\"datePublished\":\"2016-08-20T15:29:28+00:00\",\"dateModified\":\"2026-05-08T20:24:54+00:00\",\"description\":\"Voici les plus r\u00e9cents \u00e9tats financiers de la Caisse Desjardins du R\u00e9seau municipal.\",\"breadcrumb\":{\"@id\":\"https:\\\/\\\/desjardinsmunicipal.com\\\/en\\\/about-us\\\/financial-statements\\\/#breadcrumb\"},\"inLanguage\":\"en-US\",\"potentialAction\":[{\"@type\":\"ReadAction\",\"target\":[\"https:\\\/\\\/desjardinsmunicipal.com\\\/en\\\/about-us\\\/financial-statements\\\/\"]}]},{\"@type\":\"BreadcrumbList\",\"@id\":\"https:\\\/\\\/desjardinsmunicipal.com\\\/en\\\/about-us\\\/financial-statements\\\/#breadcrumb\",\"itemListElement\":[{\"@type\":\"ListItem\",\"position\":1,\"name\":\"Accueil\",\"item\":\"https:\\\/\\\/desjardinsmunicipal.com\\\/en\\\/\"},{\"@type\":\"ListItem\",\"position\":2,\"name\":\"About us\",\"item\":\"https:\\\/\\\/desjardinsmunicipal.com\\\/en\\\/about-us\\\/\"},{\"@type\":\"ListItem\",\"position\":3,\"name\":\"Financial statements\"}]},{\"@type\":\"WebSite\",\"@id\":\"https:\\\/\\\/desjardinsmunicipal.com\\\/#website\",\"url\":\"https:\\\/\\\/desjardinsmunicipal.com\\\/\",\"name\":\"Desjardins Municipal\",\"description\":\"\",\"potentialAction\":[{\"@type\":\"SearchAction\",\"target\":{\"@type\":\"EntryPoint\",\"urlTemplate\":\"https:\\\/\\\/desjardinsmunicipal.com\\\/?s={search_term_string}\"},\"query-input\":{\"@type\":\"PropertyValueSpecification\",\"valueRequired\":true,\"valueName\":\"search_term_string\"}}],\"inLanguage\":\"en-US\"}]}<\/script>\n<!-- \/ Yoast SEO plugin. -->","yoast_head_json":{"title":"Financial statements | Caisse Desjardins du R\u00e9seau municipal","description":"Voici les plus r\u00e9cents \u00e9tats financiers de la Caisse Desjardins du R\u00e9seau municipal.","robots":{"index":"index","follow":"follow","max-snippet":"max-snippet:-1","max-image-preview":"max-image-preview:large","max-video-preview":"max-video-preview:-1"},"canonical":"https:\/\/desjardinsmunicipal.com\/en\/about-us\/financial-statements\/","og_locale":"en_US","og_type":"article","og_title":"Financial statements | Caisse Desjardins du R\u00e9seau municipal","og_description":"Voici les plus r\u00e9cents \u00e9tats financiers de la Caisse Desjardins du R\u00e9seau municipal.","og_url":"https:\/\/desjardinsmunicipal.com\/en\/about-us\/financial-statements\/","og_site_name":"Desjardins Municipal","article_modified_time":"2026-05-08T20:24:54+00:00","twitter_card":"summary_large_image","twitter_misc":{"Est. reading time":"1 minute"},"schema":{"@context":"https:\/\/schema.org","@graph":[{"@type":"WebPage","@id":"https:\/\/desjardinsmunicipal.com\/en\/about-us\/financial-statements\/","url":"https:\/\/desjardinsmunicipal.com\/en\/about-us\/financial-statements\/","name":"Financial statements | Caisse Desjardins du R\u00e9seau municipal","isPartOf":{"@id":"https:\/\/desjardinsmunicipal.com\/#website"},"datePublished":"2016-08-20T15:29:28+00:00","dateModified":"2026-05-08T20:24:54+00:00","description":"Voici les plus r\u00e9cents \u00e9tats financiers de la Caisse Desjardins du R\u00e9seau municipal.","breadcrumb":{"@id":"https:\/\/desjardinsmunicipal.com\/en\/about-us\/financial-statements\/#breadcrumb"},"inLanguage":"en-US","potentialAction":[{"@type":"ReadAction","target":["https:\/\/desjardinsmunicipal.com\/en\/about-us\/financial-statements\/"]}]},{"@type":"BreadcrumbList","@id":"https:\/\/desjardinsmunicipal.com\/en\/about-us\/financial-statements\/#breadcrumb","itemListElement":[{"@type":"ListItem","position":1,"name":"Accueil","item":"https:\/\/desjardinsmunicipal.com\/en\/"},{"@type":"ListItem","position":2,"name":"About us","item":"https:\/\/desjardinsmunicipal.com\/en\/about-us\/"},{"@type":"ListItem","position":3,"name":"Financial statements"}]},{"@type":"WebSite","@id":"https:\/\/desjardinsmunicipal.com\/#website","url":"https:\/\/desjardinsmunicipal.com\/","name":"Desjardins Municipal","description":"","potentialAction":[{"@type":"SearchAction","target":{"@type":"EntryPoint","urlTemplate":"https:\/\/desjardinsmunicipal.com\/?s={search_term_string}"},"query-input":{"@type":"PropertyValueSpecification","valueRequired":true,"valueName":"search_term_string"}}],"inLanguage":"en-US"}]}},"_links":{"self":[{"href":"https:\/\/desjardinsmunicipal.com\/en\/wp-json\/wp\/v2\/pages\/839174","targetHints":{"allow":["GET"]}}],"collection":[{"href":"https:\/\/desjardinsmunicipal.com\/en\/wp-json\/wp\/v2\/pages"}],"about":[{"href":"https:\/\/desjardinsmunicipal.com\/en\/wp-json\/wp\/v2\/types\/page"}],"author":[{"embeddable":true,"href":"https:\/\/desjardinsmunicipal.com\/en\/wp-json\/wp\/v2\/users\/2"}],"replies":[{"embeddable":true,"href":"https:\/\/desjardinsmunicipal.com\/en\/wp-json\/wp\/v2\/comments?post=839174"}],"version-history":[{"count":3,"href":"https:\/\/desjardinsmunicipal.com\/en\/wp-json\/wp\/v2\/pages\/839174\/revisions"}],"predecessor-version":[{"id":839186,"href":"https:\/\/desjardinsmunicipal.com\/en\/wp-json\/wp\/v2\/pages\/839174\/revisions\/839186"}],"up":[{"embeddable":true,"href":"https:\/\/desjardinsmunicipal.com\/en\/wp-json\/wp\/v2\/pages\/839037"}],"wp:attachment":[{"href":"https:\/\/desjardinsmunicipal.com\/en\/wp-json\/wp\/v2\/media?parent=839174"}],"curies":[{"name":"wp","href":"https:\/\/api.w.org\/{rel}","templated":true}]}}