{"id":839187,"date":"2016-11-15T16:46:20","date_gmt":"2016-11-15T21:46:20","guid":{"rendered":"https:\/\/desjardinsmunicipal.com\/about-us\/monument-en-hommage-aux-pompiers\/"},"modified":"2026-05-08T16:57:25","modified_gmt":"2026-05-08T20:57:25","slug":"monument-in-honor-of-firefighters","status":"publish","type":"page","link":"https:\/\/desjardinsmunicipal.com\/en\/about-us\/monument-in-honor-of-firefighters\/","title":{"rendered":"Monument in honor of firefighters"},"content":{"rendered":"<div class=\"wpb-content-wrapper\"><p>[vc_row type=&#8221;full_width_section&#8221; bg_image=&#8221;16562&#8243; bg_color=&#8221;#f9f9f9&#8243; top_padding=&#8221;250&#8243; bottom_padding=&#8221;140&#8243; class=&#8221;page-header&#8221;][vc_column width=&#8221;1\/1&#8243; el_class=&#8221;page-header-content&#8221;]<h1 class=\"headline font-special fontsize-xxxl fontweight-inherit lh-inherit align-center transform-inherit \" style=\"margin: 0;\">Monument<\/h1>[\/vc_column][\/vc_row][vc_row bg_color=&#8221;#231f20&#8243; class=&#8221;bloc-dark&#8221;][vc_column width=&#8221;1\/1&#8243;]<h3 class=\"headline font-inherit fontsize-inherit fontweight-inherit lh-inherit align-center transform-inherit \" style=\"margin: 0 0 20px 0; color: #009f67;\">Monument unveiled in honour of Quebec firefighters who died in the line of duty<\/h3><div class=\"spacer\" style=\"height: 20px;\"><\/div>[vc_column_text]<\/p>\n<p style=\"text-align: center;\"><strong>Inaugurated on May 25, 2013<\/strong><\/p>\n<p style=\"text-align: center;\">The Centre de services financiers des pompiers paid solemn tribute to all Quebec firefighters who fell in the line of duty by unveiling a monument in their memory. This initiative\u2014meant to ensure that those who risked their lives to save others are never forgotten\u2014was part of the celebrations marking the 150th anniversary of the Service de s\u00e9curit\u00e9 incendie de Montr\u00e9al.<\/p>\n<p style=\"text-align: center;\">G\u00e9rald Laplante, chair of the Association des pompiers retrait\u00e9s de Montr\u00e9al, had long envisioned a place of remembrance like this one. To help bring his vision to life, the Centre de services financiers des pompiers put out a call to firefighter associations throughout the province. The caisse is proud to have believed in and championed this worthwhile project. The monument stands as a testament to the collective effort and financial generosity of those who wished to honour the firefighters who gave their lives in service.<\/p>\n<p>[\/vc_column_text][\/vc_column][\/vc_row][vc_row gap=&#8221;35&#8243; top_padding=&#8221;35&#8243; bottom_padding=&#8221;35&#8243; class=&#8221;bloc-one-third&#8221;][vc_column width=&#8221;1\/3&#8243;][vc_raw_html]JTNDdmlkZW8lMjB3aWR0aCUzRCUyMjM2MCUyMiUyMGNvbnRyb2xzJTIwcG9zdGVyJTNEJTIyJTJGd3AtY29udGVudCUyRnRoZW1lcyUyRnVuaWNvbi1jaGlsZCUyRnZpZGVvJTJGaG9tbWFnZS1hdXgtcG9tcGllcnMtZGVjZWRlcy1lbi1zZXJ2aWNlLnBuZyUyMiUzRSUwQSUyMCUyMCUzQ3NvdXJjZSUyMHNyYyUzRCUyMiUyRndwLWNvbnRlbnQlMkZ0aGVtZXMlMkZ1bmljb24tY2hpbGQlMkZ2aWRlbyUyRkhvbW1hZ2UtYXV4LXBvbXBpZXJzLWR1LVF1ZWJlYy1kZWNlZGVzLWVuLXNlcnZpY2UubXA0JTIyJTIwdHlwZSUzRCUyMnZpZGVvJTJGbXA0JTIyJTNFJTBBJTIwJTIwWW91ciUyMGJyb3dzZXIlMjBkb2VzJTIwbm90JTIwc3VwcG9ydCUyMEhUTUwlMjB2aWRlby4lMEElM0MlMkZ2aWRlbyUzRQ==[\/vc_raw_html][\/vc_column][vc_column column_padding=&#8221;padding-3&#8243; column_center=&#8221;true&#8221; width=&#8221;2\/3&#8243;]<div class=\"spacer\" style=\"height: 20px;\"><\/div><h2 class=\"headline font-inherit fontsize-xxl fontweight-700 lh-inherit align-center transform-inherit \" style=\"margin: 0 0 20px 0; color: #009f67;\">The work<\/h2>[vc_column_text]<\/p>\n<p>The monument was crafted by Montr\u00e9al sculptor and portraitist Jean-Pierre Busque. It portrays a deeply moving scene in which two firefighters have just lost a colleague in a blaze. Cast in bronze and standing close to 8 feet tall, the sculpture stands before the caisse\u2019s curtain wall, which bears the names and titles of every Quebec firefighter who perished in the line of duty.<\/p>\n<p><strong>Bravery, courage, brotherhood, service, and valour<\/strong><br \/>five words etched at the very core of the project, each capturing a defining aspect of a firefighter\u2019s calling. The profession requires facing real danger in order to protect others. The deep brotherhood that unites firefighters gave the unveiling the feel of something far greater than a ceremony\u2014a moment rooted in shared values.<\/p>\n<p>[\/vc_column_text]<div class=\"spacer\" style=\"height: 10px;\"><\/div>[\/vc_column][\/vc_row][vc_row bg_image=&#8221;16565&#8243; parallax_bg=&#8221;true&#8221; class=&#8221;bloc-content-center&#8221;][vc_column width=&#8221;1\/6&#8243;][\/vc_column][vc_column width=&#8221;2\/3&#8243; el_class=&#8221;center&#8221;]<h2 class=\"headline font-inherit fontsize-xxl fontweight-700 lh-inherit align-center transform-inherit \" style=\"margin: 0 0 10px 0; color: #009f67;\">The inauguration<\/h2>[vc_column_text]<\/p>\n<p style=\"text-align: center;\"><strong>May 25, 2013<\/strong><\/p>\n<p style=\"text-align: center;\">Among those present were the Minister of Public Security, the families of fallen firefighters, mayors, fire department chiefs from municipalities across Quebec and the presidents of various firefighter union associations, all gathered to honour this meaningful project. Their attendance spoke volumes: the bond that unites firefighters runs deeper than any geographic boundary.<\/p>\n<p>[\/vc_column_text]<div class=\"spacer\" style=\"height: 20px;\"><\/div><a href=\"https:\/\/www.facebook.com\/media\/set\/?vanity=CaisseReseauMunicipal&#038;set=a.367035733397218\" target=\"_blank\" class=\"button color-3 medium \" style=\"border-radius: 2px;\">View photo gallery<\/a><div class=\"spacer\" style=\"height: 20px;\"><\/div>[vc_column_text]<\/p>\n<p class=\"link-special\" style=\"text-align: center;\"><a href=\"..\/wp-content\/uploads\/2020\/10\/Liste-Donateurs2020_sansimage.pdf\" target=\"_blank\" rel=\"noopener noreferrer\">List of donors<\/a><br \/><a href=\"..\/wp-content\/uploads\/2026\/01\/Liste_pompiers_decedes_AJOUR2025LAMCOM.pdf\">List of fallen firefighters<\/a><br \/><a href=\"http:\/\/www.desjardinsmunicipal.com\/wp-content\/uploads\/2016\/11\/livre-souvenir-avec-signatures.pdf\" target=\"_blank\" rel=\"noopener noreferrer\">Virtual book<\/a><\/p>\n<p>[\/vc_column_text][\/vc_column][vc_column width=&#8221;1\/6&#8243;][\/vc_column][\/vc_row]<\/p>\n<\/div>","protected":false},"excerpt":{"rendered":"<p>[vc_row type=&#8221;full_width_section&#8221; bg_image=&#8221;16562&#8243; bg_color=&#8221;#f9f9f9&#8243; top_padding=&#8221;250&#8243; bottom_padding=&#8221;140&#8243; class=&#8221;page-header&#8221;][vc_column width=&#8221;1\/1&#8243; el_class=&#8221;page-header-content&#8221;][\/vc_column][\/vc_row][vc_row bg_color=&#8221;#231f20&#8243; class=&#8221;bloc-dark&#8221;][vc_column width=&#8221;1\/1&#8243;][vc_column_text] Inaugurated on May 25, 2013 The Centre de services financiers des pompiers paid solemn tribute to all Quebec firefighters who fell in the line of duty by unveiling a monument in their memory. This initiative\u2014meant to ensure that those who risked their lives to save others are never forgotten\u2014was part of the celebrations marking the 150th anniversary of the Service de s\u00e9curit\u00e9 incendie de Montr\u00e9al. G\u00e9rald Laplante, chair of the Association des pompiers retrait\u00e9s de Montr\u00e9al, had long envisioned a place of remembrance like this one. To help bring his vision to life, the Centre de services financiers des pompiers put out a call to firefighter associations throughout the province. The caisse is proud to have believed in and championed this worthwhile project. The monument stands as a testament to the collective effort and financial generosity of those who wished to honour the firefighters who gave their lives in service. [\/vc_column_text][\/vc_column][\/vc_row][vc_row gap=&#8221;35&#8243; top_padding=&#8221;35&#8243; bottom_padding=&#8221;35&#8243; class=&#8221;bloc-one-third&#8221;][vc_column width=&#8221;1\/3&#8243;][vc_raw_html]JTNDdmlkZW8lMjB3aWR0aCUzRCUyMjM2MCUyMiUyMGNvbnRyb2xzJTIwcG9zdGVyJTNEJTIyJTJGd3AtY29udGVudCUyRnRoZW1lcyUyRnVuaWNvbi1jaGlsZCUyRnZpZGVvJTJGaG9tbWFnZS1hdXgtcG9tcGllcnMtZGVjZWRlcy1lbi1zZXJ2aWNlLnBuZyUyMiUzRSUwQSUyMCUyMCUzQ3NvdXJjZSUyMHNyYyUzRCUyMiUyRndwLWNvbnRlbnQlMkZ0aGVtZXMlMkZ1bmljb24tY2hpbGQlMkZ2aWRlbyUyRkhvbW1hZ2UtYXV4LXBvbXBpZXJzLWR1LVF1ZWJlYy1kZWNlZGVzLWVuLXNlcnZpY2UubXA0JTIyJTIwdHlwZSUzRCUyMnZpZGVvJTJGbXA0JTIyJTNFJTBBJTIwJTIwWW91ciUyMGJyb3dzZXIlMjBkb2VzJTIwbm90JTIwc3VwcG9ydCUyMEhUTUwlMjB2aWRlby4lMEElM0MlMkZ2aWRlbyUzRQ==[\/vc_raw_html][\/vc_column][vc_column column_padding=&#8221;padding-3&#8243; column_center=&#8221;true&#8221; width=&#8221;2\/3&#8243;][vc_column_text] The monument was crafted by Montr\u00e9al sculptor and portraitist Jean-Pierre Busque. It portrays a deeply moving scene in which two firefighters have just lost a colleague in a blaze. [&hellip;]<\/p>\n","protected":false},"author":1,"featured_media":0,"parent":839037,"menu_order":-900,"comment_status":"closed","ping_status":"closed","template":"","meta":{"_acf_changed":false,"footnotes":""},"class_list":["post-839187","page","type-page","status-publish","hentry"],"acf":[],"yoast_head":"<!-- This site is optimized with the Yoast SEO plugin v27.6 - https:\/\/yoast.com\/product\/yoast-seo-wordpress\/ -->\n<title>Monument in honor of firefighters | Caisse Desjardins du R\u00e9seau municipal<\/title>\n<meta name=\"description\" content=\"The Centre de services financiers des pompiers paid solemn tribute to all Quebec firefighters who fell in the line of duty by unveiling a monument in their memory.\" \/>\n<meta name=\"robots\" content=\"index, follow, max-snippet:-1, max-image-preview:large, max-video-preview:-1\" \/>\n<link rel=\"canonical\" href=\"https:\/\/desjardinsmunicipal.com\/en\/about-us\/monument-in-honor-of-firefighters\/\" \/>\n<meta property=\"og:locale\" content=\"en_US\" \/>\n<meta property=\"og:type\" content=\"article\" \/>\n<meta property=\"og:title\" content=\"Monument in honor of firefighters | Caisse Desjardins du R\u00e9seau municipal\" \/>\n<meta property=\"og:description\" content=\"The Centre de services financiers des pompiers paid solemn tribute to all Quebec firefighters who fell in the line of duty by unveiling a monument in their memory.\" \/>\n<meta property=\"og:url\" content=\"https:\/\/desjardinsmunicipal.com\/en\/about-us\/monument-in-honor-of-firefighters\/\" \/>\n<meta property=\"og:site_name\" content=\"Desjardins Municipal\" \/>\n<meta property=\"article:modified_time\" content=\"2026-05-08T20:57:25+00:00\" \/>\n<meta name=\"twitter:card\" content=\"summary_large_image\" \/>\n<meta name=\"twitter:label1\" content=\"Est. reading time\" \/>\n\t<meta name=\"twitter:data1\" content=\"3 minutes\" \/>\n<script type=\"application\/ld+json\" class=\"yoast-schema-graph\">{\"@context\":\"https:\\\/\\\/schema.org\",\"@graph\":[{\"@type\":\"WebPage\",\"@id\":\"https:\\\/\\\/desjardinsmunicipal.com\\\/en\\\/about-us\\\/monument-in-honor-of-firefighters\\\/\",\"url\":\"https:\\\/\\\/desjardinsmunicipal.com\\\/en\\\/about-us\\\/monument-in-honor-of-firefighters\\\/\",\"name\":\"Monument in honor of firefighters | Caisse Desjardins du R\u00e9seau municipal\",\"isPartOf\":{\"@id\":\"https:\\\/\\\/desjardinsmunicipal.com\\\/#website\"},\"datePublished\":\"2016-11-15T21:46:20+00:00\",\"dateModified\":\"2026-05-08T20:57:25+00:00\",\"description\":\"The Centre de services financiers des pompiers paid solemn tribute to all Quebec firefighters who fell in the line of duty by unveiling a monument in their memory.\",\"breadcrumb\":{\"@id\":\"https:\\\/\\\/desjardinsmunicipal.com\\\/en\\\/about-us\\\/monument-in-honor-of-firefighters\\\/#breadcrumb\"},\"inLanguage\":\"en-US\",\"potentialAction\":[{\"@type\":\"ReadAction\",\"target\":[\"https:\\\/\\\/desjardinsmunicipal.com\\\/en\\\/about-us\\\/monument-in-honor-of-firefighters\\\/\"]}]},{\"@type\":\"BreadcrumbList\",\"@id\":\"https:\\\/\\\/desjardinsmunicipal.com\\\/en\\\/about-us\\\/monument-in-honor-of-firefighters\\\/#breadcrumb\",\"itemListElement\":[{\"@type\":\"ListItem\",\"position\":1,\"name\":\"Accueil\",\"item\":\"https:\\\/\\\/desjardinsmunicipal.com\\\/en\\\/\"},{\"@type\":\"ListItem\",\"position\":2,\"name\":\"About us\",\"item\":\"https:\\\/\\\/desjardinsmunicipal.com\\\/en\\\/about-us\\\/\"},{\"@type\":\"ListItem\",\"position\":3,\"name\":\"Monument in honor of firefighters\"}]},{\"@type\":\"WebSite\",\"@id\":\"https:\\\/\\\/desjardinsmunicipal.com\\\/#website\",\"url\":\"https:\\\/\\\/desjardinsmunicipal.com\\\/\",\"name\":\"Desjardins Municipal\",\"description\":\"\",\"potentialAction\":[{\"@type\":\"SearchAction\",\"target\":{\"@type\":\"EntryPoint\",\"urlTemplate\":\"https:\\\/\\\/desjardinsmunicipal.com\\\/?s={search_term_string}\"},\"query-input\":{\"@type\":\"PropertyValueSpecification\",\"valueRequired\":true,\"valueName\":\"search_term_string\"}}],\"inLanguage\":\"en-US\"}]}<\/script>\n<!-- \/ Yoast SEO plugin. -->","yoast_head_json":{"title":"Monument in honor of firefighters | Caisse Desjardins du R\u00e9seau municipal","description":"The Centre de services financiers des pompiers paid solemn tribute to all Quebec firefighters who fell in the line of duty by unveiling a monument in their memory.","robots":{"index":"index","follow":"follow","max-snippet":"max-snippet:-1","max-image-preview":"max-image-preview:large","max-video-preview":"max-video-preview:-1"},"canonical":"https:\/\/desjardinsmunicipal.com\/en\/about-us\/monument-in-honor-of-firefighters\/","og_locale":"en_US","og_type":"article","og_title":"Monument in honor of firefighters | Caisse Desjardins du R\u00e9seau municipal","og_description":"The Centre de services financiers des pompiers paid solemn tribute to all Quebec firefighters who fell in the line of duty by unveiling a monument in their memory.","og_url":"https:\/\/desjardinsmunicipal.com\/en\/about-us\/monument-in-honor-of-firefighters\/","og_site_name":"Desjardins Municipal","article_modified_time":"2026-05-08T20:57:25+00:00","twitter_card":"summary_large_image","twitter_misc":{"Est. reading time":"3 minutes"},"schema":{"@context":"https:\/\/schema.org","@graph":[{"@type":"WebPage","@id":"https:\/\/desjardinsmunicipal.com\/en\/about-us\/monument-in-honor-of-firefighters\/","url":"https:\/\/desjardinsmunicipal.com\/en\/about-us\/monument-in-honor-of-firefighters\/","name":"Monument in honor of firefighters | Caisse Desjardins du R\u00e9seau municipal","isPartOf":{"@id":"https:\/\/desjardinsmunicipal.com\/#website"},"datePublished":"2016-11-15T21:46:20+00:00","dateModified":"2026-05-08T20:57:25+00:00","description":"The Centre de services financiers des pompiers paid solemn tribute to all Quebec firefighters who fell in the line of duty by unveiling a monument in their memory.","breadcrumb":{"@id":"https:\/\/desjardinsmunicipal.com\/en\/about-us\/monument-in-honor-of-firefighters\/#breadcrumb"},"inLanguage":"en-US","potentialAction":[{"@type":"ReadAction","target":["https:\/\/desjardinsmunicipal.com\/en\/about-us\/monument-in-honor-of-firefighters\/"]}]},{"@type":"BreadcrumbList","@id":"https:\/\/desjardinsmunicipal.com\/en\/about-us\/monument-in-honor-of-firefighters\/#breadcrumb","itemListElement":[{"@type":"ListItem","position":1,"name":"Accueil","item":"https:\/\/desjardinsmunicipal.com\/en\/"},{"@type":"ListItem","position":2,"name":"About us","item":"https:\/\/desjardinsmunicipal.com\/en\/about-us\/"},{"@type":"ListItem","position":3,"name":"Monument in honor of firefighters"}]},{"@type":"WebSite","@id":"https:\/\/desjardinsmunicipal.com\/#website","url":"https:\/\/desjardinsmunicipal.com\/","name":"Desjardins Municipal","description":"","potentialAction":[{"@type":"SearchAction","target":{"@type":"EntryPoint","urlTemplate":"https:\/\/desjardinsmunicipal.com\/?s={search_term_string}"},"query-input":{"@type":"PropertyValueSpecification","valueRequired":true,"valueName":"search_term_string"}}],"inLanguage":"en-US"}]}},"_links":{"self":[{"href":"https:\/\/desjardinsmunicipal.com\/en\/wp-json\/wp\/v2\/pages\/839187","targetHints":{"allow":["GET"]}}],"collection":[{"href":"https:\/\/desjardinsmunicipal.com\/en\/wp-json\/wp\/v2\/pages"}],"about":[{"href":"https:\/\/desjardinsmunicipal.com\/en\/wp-json\/wp\/v2\/types\/page"}],"author":[{"embeddable":true,"href":"https:\/\/desjardinsmunicipal.com\/en\/wp-json\/wp\/v2\/users\/1"}],"replies":[{"embeddable":true,"href":"https:\/\/desjardinsmunicipal.com\/en\/wp-json\/wp\/v2\/comments?post=839187"}],"version-history":[{"count":5,"href":"https:\/\/desjardinsmunicipal.com\/en\/wp-json\/wp\/v2\/pages\/839187\/revisions"}],"predecessor-version":[{"id":839194,"href":"https:\/\/desjardinsmunicipal.com\/en\/wp-json\/wp\/v2\/pages\/839187\/revisions\/839194"}],"up":[{"embeddable":true,"href":"https:\/\/desjardinsmunicipal.com\/en\/wp-json\/wp\/v2\/pages\/839037"}],"wp:attachment":[{"href":"https:\/\/desjardinsmunicipal.com\/en\/wp-json\/wp\/v2\/media?parent=839187"}],"curies":[{"name":"wp","href":"https:\/\/api.w.org\/{rel}","templated":true}]}}