{"id":839195,"date":"2023-10-06T09:37:37","date_gmt":"2023-10-06T13:37:37","guid":{"rendered":"https:\/\/desjardinsmunicipal.com\/conseils\/"},"modified":"2026-05-08T17:04:13","modified_gmt":"2026-05-08T21:04:13","slug":"tips","status":"publish","type":"page","link":"https:\/\/desjardinsmunicipal.com\/en\/tips\/","title":{"rendered":"Tips"},"content":{"rendered":"<div class=\"wpb-content-wrapper\"><p>[vc_row type=&#8221;full_width_section&#8221; bg_image=&#8221;18667&#8243; bg_color=&#8221;#f9f9f9&#8243; top_padding=&#8221;250&#8243; bottom_padding=&#8221;140&#8243;][vc_column width=&#8221;1\/1&#8243; el_class=&#8221;page-header-content&#8221;]<h1 class=\"headline font-special fontsize-xxxl fontweight-inherit lh-inherit align-center transform-inherit titre-header-conference\" style=\"margin: 0; color: #ffffff;\">Tips<\/h1>[\/vc_column][\/vc_row][vc_row top_padding=&#8221;0&#8243; bottom_padding=&#8221;0&#8243; class=&#8221;position-rangee&#8221;][vc_column width=&#8221;1\/1&#8243;]<div class=\"spacer\" style=\"height: 50px;\"><\/div>[vc_column_text]<\/p>\n<p style=\"text-align: left;\"><\/p>\n<p>[\/vc_column_text]<div class=\"spacer\" style=\"height: 50px;\"><\/div>[vc_raw_html]JTVCdmlkZW90aGVxdWUlNUQ=[\/vc_raw_html][\/vc_column][\/vc_row][vc_row top_padding=&#8221;0&#8243; bottom_padding=&#8221;0&#8243; class=&#8221;position-rangee&#8221;][vc_column width=&#8221;1\/1&#8243;]<div class=\"spacer\" style=\"height: 50px;\"><\/div>[vc_row_inner el_class=&#8221;bg-col-gris&#8221;][vc_column_inner]<div class=\"spacer\" style=\"height: 40px;\"><\/div><h2 class=\"headline font-inherit fontsize-xxl fontweight-700 lh-inherit align-left transform-inherit titre-ligne-verte\" style=\"margin: -10px 0 0 0; color: #43454b;\">Want to talk to one of our advisors?<\/h2><div class=\"spacer\" style=\"height: 40px;\"><\/div>[vc_column_text]<\/p>\n<p><strong>Communiquez avec nous!<\/strong><\/p>\n<p>SMS ou T\u00e9l. : 514 526.4971<br \/>\nEn ligne : <a href=\"mailto:soutienconseillers92001@desjardins.com\">soutienconseillers92001@desjardins.com<\/a><br \/>\nVia Acc\u00e8sD : Onglet (?) dans le coin sup\u00e9rieur droit<\/p>\n<p>[\/vc_column_text][\/vc_column_inner][\/vc_row_inner]<div class=\"spacer\" style=\"height: 50px;\"><\/div>[\/vc_column][\/vc_row]<\/p>\n<\/div>","protected":false},"excerpt":{"rendered":"<p>[vc_row type=&#8221;full_width_section&#8221; bg_image=&#8221;18667&#8243; bg_color=&#8221;#f9f9f9&#8243; top_padding=&#8221;250&#8243; bottom_padding=&#8221;140&#8243;][vc_column width=&#8221;1\/1&#8243; el_class=&#8221;page-header-content&#8221;][\/vc_column][\/vc_row][vc_row top_padding=&#8221;0&#8243; bottom_padding=&#8221;0&#8243; class=&#8221;position-rangee&#8221;][vc_column width=&#8221;1\/1&#8243;][vc_column_text] [\/vc_column_text][vc_raw_html]JTVCdmlkZW90aGVxdWUlNUQ=[\/vc_raw_html][\/vc_column][\/vc_row][vc_row top_padding=&#8221;0&#8243; bottom_padding=&#8221;0&#8243; class=&#8221;position-rangee&#8221;][vc_column width=&#8221;1\/1&#8243;][vc_row_inner el_class=&#8221;bg-col-gris&#8221;][vc_column_inner][vc_column_text] Communiquez avec nous! SMS ou T\u00e9l. : 514 526.4971 En ligne : soutienconseillers92001@desjardins.com Via Acc\u00e8sD : Onglet (?) dans le coin sup\u00e9rieur droit [\/vc_column_text][\/vc_column_inner][\/vc_row_inner][\/vc_column][\/vc_row]<\/p>\n","protected":false},"author":5,"featured_media":0,"parent":0,"menu_order":-1400,"comment_status":"closed","ping_status":"closed","template":"","meta":{"_acf_changed":false,"footnotes":""},"class_list":["post-839195","page","type-page","status-publish","hentry"],"acf":[],"yoast_head":"<!-- This site is optimized with the Yoast SEO plugin v27.6 - https:\/\/yoast.com\/product\/yoast-seo-wordpress\/ -->\n<title>Tips | Desjardins Municipal<\/title>\n<meta name=\"description\" content=\"Des ateliers et des conf\u00e9rences en ligne personnalis\u00e9s et adapt\u00e9s \u00e0 la r\u00e9alit\u00e9 financi\u00e8re des employ\u00e9s municipaux.\" \/>\n<meta name=\"robots\" content=\"index, follow, max-snippet:-1, max-image-preview:large, max-video-preview:-1\" \/>\n<link rel=\"canonical\" href=\"https:\/\/desjardinsmunicipal.com\/en\/tips\/\" \/>\n<meta property=\"og:locale\" content=\"en_US\" \/>\n<meta property=\"og:type\" content=\"article\" \/>\n<meta property=\"og:title\" content=\"Tips | Desjardins Municipal\" \/>\n<meta property=\"og:description\" content=\"Des ateliers et des conf\u00e9rences en ligne personnalis\u00e9s et adapt\u00e9s \u00e0 la r\u00e9alit\u00e9 financi\u00e8re des employ\u00e9s municipaux.\" \/>\n<meta property=\"og:url\" content=\"https:\/\/desjardinsmunicipal.com\/en\/tips\/\" \/>\n<meta property=\"og:site_name\" content=\"Desjardins Municipal\" \/>\n<meta property=\"article:modified_time\" content=\"2026-05-08T21:04:13+00:00\" \/>\n<meta name=\"twitter:card\" content=\"summary_large_image\" \/>\n<meta name=\"twitter:label1\" content=\"Est. reading time\" \/>\n\t<meta name=\"twitter:data1\" content=\"1 minute\" \/>\n<script type=\"application\/ld+json\" class=\"yoast-schema-graph\">{\"@context\":\"https:\\\/\\\/schema.org\",\"@graph\":[{\"@type\":\"WebPage\",\"@id\":\"https:\\\/\\\/desjardinsmunicipal.com\\\/en\\\/tips\\\/\",\"url\":\"https:\\\/\\\/desjardinsmunicipal.com\\\/en\\\/tips\\\/\",\"name\":\"Tips | Desjardins Municipal\",\"isPartOf\":{\"@id\":\"https:\\\/\\\/desjardinsmunicipal.com\\\/#website\"},\"datePublished\":\"2023-10-06T13:37:37+00:00\",\"dateModified\":\"2026-05-08T21:04:13+00:00\",\"description\":\"Des ateliers et des conf\u00e9rences en ligne personnalis\u00e9s et adapt\u00e9s \u00e0 la r\u00e9alit\u00e9 financi\u00e8re des employ\u00e9s municipaux.\",\"breadcrumb\":{\"@id\":\"https:\\\/\\\/desjardinsmunicipal.com\\\/en\\\/tips\\\/#breadcrumb\"},\"inLanguage\":\"en-US\",\"potentialAction\":[{\"@type\":\"ReadAction\",\"target\":[\"https:\\\/\\\/desjardinsmunicipal.com\\\/en\\\/tips\\\/\"]}]},{\"@type\":\"BreadcrumbList\",\"@id\":\"https:\\\/\\\/desjardinsmunicipal.com\\\/en\\\/tips\\\/#breadcrumb\",\"itemListElement\":[{\"@type\":\"ListItem\",\"position\":1,\"name\":\"Accueil\",\"item\":\"https:\\\/\\\/desjardinsmunicipal.com\\\/en\\\/\"},{\"@type\":\"ListItem\",\"position\":2,\"name\":\"Tips\"}]},{\"@type\":\"WebSite\",\"@id\":\"https:\\\/\\\/desjardinsmunicipal.com\\\/#website\",\"url\":\"https:\\\/\\\/desjardinsmunicipal.com\\\/\",\"name\":\"Desjardins Municipal\",\"description\":\"\",\"potentialAction\":[{\"@type\":\"SearchAction\",\"target\":{\"@type\":\"EntryPoint\",\"urlTemplate\":\"https:\\\/\\\/desjardinsmunicipal.com\\\/?s={search_term_string}\"},\"query-input\":{\"@type\":\"PropertyValueSpecification\",\"valueRequired\":true,\"valueName\":\"search_term_string\"}}],\"inLanguage\":\"en-US\"}]}<\/script>\n<!-- \/ Yoast SEO plugin. -->","yoast_head_json":{"title":"Tips | Desjardins Municipal","description":"Des ateliers et des conf\u00e9rences en ligne personnalis\u00e9s et adapt\u00e9s \u00e0 la r\u00e9alit\u00e9 financi\u00e8re des employ\u00e9s municipaux.","robots":{"index":"index","follow":"follow","max-snippet":"max-snippet:-1","max-image-preview":"max-image-preview:large","max-video-preview":"max-video-preview:-1"},"canonical":"https:\/\/desjardinsmunicipal.com\/en\/tips\/","og_locale":"en_US","og_type":"article","og_title":"Tips | Desjardins Municipal","og_description":"Des ateliers et des conf\u00e9rences en ligne personnalis\u00e9s et adapt\u00e9s \u00e0 la r\u00e9alit\u00e9 financi\u00e8re des employ\u00e9s municipaux.","og_url":"https:\/\/desjardinsmunicipal.com\/en\/tips\/","og_site_name":"Desjardins Municipal","article_modified_time":"2026-05-08T21:04:13+00:00","twitter_card":"summary_large_image","twitter_misc":{"Est. reading time":"1 minute"},"schema":{"@context":"https:\/\/schema.org","@graph":[{"@type":"WebPage","@id":"https:\/\/desjardinsmunicipal.com\/en\/tips\/","url":"https:\/\/desjardinsmunicipal.com\/en\/tips\/","name":"Tips | Desjardins Municipal","isPartOf":{"@id":"https:\/\/desjardinsmunicipal.com\/#website"},"datePublished":"2023-10-06T13:37:37+00:00","dateModified":"2026-05-08T21:04:13+00:00","description":"Des ateliers et des conf\u00e9rences en ligne personnalis\u00e9s et adapt\u00e9s \u00e0 la r\u00e9alit\u00e9 financi\u00e8re des employ\u00e9s municipaux.","breadcrumb":{"@id":"https:\/\/desjardinsmunicipal.com\/en\/tips\/#breadcrumb"},"inLanguage":"en-US","potentialAction":[{"@type":"ReadAction","target":["https:\/\/desjardinsmunicipal.com\/en\/tips\/"]}]},{"@type":"BreadcrumbList","@id":"https:\/\/desjardinsmunicipal.com\/en\/tips\/#breadcrumb","itemListElement":[{"@type":"ListItem","position":1,"name":"Accueil","item":"https:\/\/desjardinsmunicipal.com\/en\/"},{"@type":"ListItem","position":2,"name":"Tips"}]},{"@type":"WebSite","@id":"https:\/\/desjardinsmunicipal.com\/#website","url":"https:\/\/desjardinsmunicipal.com\/","name":"Desjardins Municipal","description":"","potentialAction":[{"@type":"SearchAction","target":{"@type":"EntryPoint","urlTemplate":"https:\/\/desjardinsmunicipal.com\/?s={search_term_string}"},"query-input":{"@type":"PropertyValueSpecification","valueRequired":true,"valueName":"search_term_string"}}],"inLanguage":"en-US"}]}},"_links":{"self":[{"href":"https:\/\/desjardinsmunicipal.com\/en\/wp-json\/wp\/v2\/pages\/839195","targetHints":{"allow":["GET"]}}],"collection":[{"href":"https:\/\/desjardinsmunicipal.com\/en\/wp-json\/wp\/v2\/pages"}],"about":[{"href":"https:\/\/desjardinsmunicipal.com\/en\/wp-json\/wp\/v2\/types\/page"}],"author":[{"embeddable":true,"href":"https:\/\/desjardinsmunicipal.com\/en\/wp-json\/wp\/v2\/users\/5"}],"replies":[{"embeddable":true,"href":"https:\/\/desjardinsmunicipal.com\/en\/wp-json\/wp\/v2\/comments?post=839195"}],"version-history":[{"count":4,"href":"https:\/\/desjardinsmunicipal.com\/en\/wp-json\/wp\/v2\/pages\/839195\/revisions"}],"predecessor-version":[{"id":839204,"href":"https:\/\/desjardinsmunicipal.com\/en\/wp-json\/wp\/v2\/pages\/839195\/revisions\/839204"}],"wp:attachment":[{"href":"https:\/\/desjardinsmunicipal.com\/en\/wp-json\/wp\/v2\/media?parent=839195"}],"curies":[{"name":"wp","href":"https:\/\/api.w.org\/{rel}","templated":true}]}}